{"id":1290,"date":"2025-02-25T16:18:38","date_gmt":"2025-02-25T16:18:38","guid":{"rendered":"https:\/\/bos-akademie.de\/?page_id=1290"},"modified":"2025-10-21T07:43:41","modified_gmt":"2025-10-21T07:43:41","slug":"brandschutzerziehung","status":"publish","type":"page","link":"https:\/\/bos-akademie.de\/en\/brandschutzerziehung\/","title":{"rendered":"Fire safety education"},"content":{"rendered":"<div class=\"wp-block-group alignfull\"><div class=\"wp-block-group__inner-container is-layout-constrained wp-block-group-is-layout-constrained\">\n<div class=\"wp-block-group\" style=\"padding-right:20%;padding-left:20%\"><div class=\"wp-block-group__inner-container is-layout-constrained wp-container-core-group-is-layout-4ffa829d wp-block-group-is-layout-constrained\">\n<h2 class=\"wp-block-heading\">Communicate dangers realistically, train behavior practically <\/h2>\n\n\n\n<p>Every day, a fire breaks out somewhere in Germany. A moment of carelessness - and suddenly a home is in flames. Smoke fills the rooms and people's lives are in danger. In 2022 alone, 373 people lost their lives in fires. 373 tragedies. 373 families who never saw a loved one again.<\/p>\n\n\n\n<p>Most of these fires could have been prevented. Ignorance and carelessness are often the cause. That's why fire safety education is not just the responsibility of the fire department - it's everyone's business! Parents, educators, teachers: they can all save lives by teaching children how to behave correctly.<\/p>\n\n\n\n<p>Fire is treacherous. It often starts harmlessly - a small spark, a moment of carelessness - and suddenly thick smoke spreads. Seconds can make the difference between life and death. But if you learn early on how fire and smoke behave, you can react correctly in an emergency.<\/p>\n\n\n\n<div style=\"height:20px\" aria-hidden=\"true\" class=\"wp-block-spacer\"><\/div>\n\n\n<div class=\"wp-block-image\">\n<figure class=\"aligncenter size-full is-resized\"><img loading=\"lazy\" decoding=\"async\" width=\"1176\" height=\"1174\" src=\"https:\/\/bos-akademie.de\/wp-content\/uploads\/2025\/03\/Bildschirmfoto-2025-03-12-um-11.24.55.png\" alt=\"Taktik-Trainer in der Branschutzerziehung\" class=\"wp-image-2557\" style=\"width:600px\" srcset=\"https:\/\/bos-akademie.de\/wp-content\/uploads\/2025\/03\/Bildschirmfoto-2025-03-12-um-11.24.55.png 1176w, https:\/\/bos-akademie.de\/wp-content\/uploads\/2025\/03\/Bildschirmfoto-2025-03-12-um-11.24.55-300x300.png 300w, https:\/\/bos-akademie.de\/wp-content\/uploads\/2025\/03\/Bildschirmfoto-2025-03-12-um-11.24.55-1024x1022.png 1024w, https:\/\/bos-akademie.de\/wp-content\/uploads\/2025\/03\/Bildschirmfoto-2025-03-12-um-11.24.55-150x150.png 150w, https:\/\/bos-akademie.de\/wp-content\/uploads\/2025\/03\/Bildschirmfoto-2025-03-12-um-11.24.55-768x767.png 768w, https:\/\/bos-akademie.de\/wp-content\/uploads\/2025\/03\/Bildschirmfoto-2025-03-12-um-11.24.55-460x460.png 460w, https:\/\/bos-akademie.de\/wp-content\/uploads\/2025\/03\/Bildschirmfoto-2025-03-12-um-11.24.55-230x230.png 230w, https:\/\/bos-akademie.de\/wp-content\/uploads\/2025\/03\/Bildschirmfoto-2025-03-12-um-11.24.55-600x599.png 600w, https:\/\/bos-akademie.de\/wp-content\/uploads\/2025\/03\/Bildschirmfoto-2025-03-12-um-11.24.55-160x160.png 160w\" sizes=\"auto, (max-width: 1176px) 100vw, 1176px\" \/><\/figure>\n<\/div>\n\n\n<div style=\"height:20px\" aria-hidden=\"true\" class=\"wp-block-spacer\"><\/div>\n<\/div><\/div>\n\n\n\n<div class=\"wp-block-group\" style=\"padding-right:20%;padding-left:20%\"><div class=\"wp-block-group__inner-container is-layout-constrained wp-container-core-group-is-layout-4ffa829d wp-block-group-is-layout-constrained\">\n<p>This is exactly what our modular Taktik-Trainer makes possible. Fire safety education becomes accessible here. Children, young people and adults can experience at first hand how smoke spreads in a building and what measures can save lives. Doors and windows can be opened, tilted or closed - and you can immediately see how smoke moves, blocks escape routes or dramatically reduces visibility.<\/p>\n\n\n\n<p>Our smoke generator provides a realistic simulation: within a few seconds it becomes clear why it is vital to stay close to the ground. Through targeted experiments, participants learn how smoke moves through open doors into other rooms - and how easily the risk can be reduced by closing a door.<\/p>\n\n\n\n<p>This knowledge can save lives. And it is up to all of us to pass it on.<\/p>\n\n\n\n<div style=\"height:20px\" aria-hidden=\"true\" class=\"wp-block-spacer\"><\/div>\n\n\n\n<h3 class=\"wp-block-heading\">Added value of the Taktik-Trainer for fire safety education:<\/h3>\n\n\n\n<ul class=\"wp-block-list\">\n<li>Realistic demonstation of the spread of smoke and fire in buildings<\/li>\n\n\n\n<li>Interactive training for children, young people and adults<\/li>\n\n\n\n<li>Learning correct behavior in the event of a fire<\/li>\n\n\n\n<li>Simulation of sources of danger in the home<\/li>\n\n\n\n<li>Flexibly adaptable scenarios thanks to modular design<\/li>\n<\/ul>\n\n\n\n<div style=\"height:20px\" aria-hidden=\"true\" class=\"wp-block-spacer\"><\/div>\n\n\n\n<p>Our modular Taktik-Trainer not only makes fire safety education more informative, but also more accessible and practical. This means that the content taught does not remain abstract, but leaves a lasting impression - and can save lives in an emergency.<\/p>\n\n\n\n<div class=\"wp-block-buttons is-layout-flex wp-block-buttons-is-layout-flex\">\n<div class=\"wp-block-button\"><a class=\"wp-block-button__link wp-element-button\" href=\"https:\/\/bos-akademie.de\/en\/starterpakete\/\">To our Taktik-Trainer modules<\/a><\/div>\n<\/div>\n\n\n\n<div style=\"height:20px\" aria-hidden=\"true\" class=\"wp-block-spacer\"><\/div>\n<\/div><\/div>\n<\/div><\/div>\n\n\n\n<p><\/p>","protected":false},"excerpt":{"rendered":"<p>Gefahren realistisch vermitteln, Verhalten praxisnah schulen Jeden Tag bricht irgendwo in Deutschland ein Feuer aus. Ein Moment der Unachtsamkeit \u2013 und pl\u00f6tzlich steht ein Zuhause in Flammen. Rauch f\u00fcllt die R\u00e4ume, Menschen geraten in Lebensgefahr. Allein im Jahr 2022 verloren 373 Menschen ihr Leben durch Br\u00e4nde. 373 Trag\u00f6dien. 373 Familien, [&hellip;]<\/p>\n","protected":false},"author":6,"featured_media":0,"parent":0,"menu_order":0,"comment_status":"closed","ping_status":"closed","template":"","meta":{"footnotes":""},"class_list":["post-1290","page","type-page","status-publish","hentry"],"yoast_head":"<!-- This site is optimized with the Yoast SEO plugin v27.6 - https:\/\/yoast.com\/product\/yoast-seo-wordpress\/ -->\n<title>Brandschutzerziehung | Taktik-Trainer<\/title>\n<meta name=\"description\" content=\"Brandschutzerziehung praxisnah erleben! Mit unserem modularen Rauchhaus k\u00f6nnen Kinder &amp; Erwachsene den richtigen Umgang mit Feuer &amp; Rauchgefahren spielerisch erlernen.\" \/>\n<meta name=\"robots\" content=\"index, follow, max-snippet:-1, max-image-preview:large, max-video-preview:-1\" \/>\n<link rel=\"canonical\" href=\"https:\/\/bos-akademie.de\/en\/brandschutzerziehung\/\" \/>\n<meta property=\"og:locale\" content=\"en_US\" \/>\n<meta property=\"og:type\" content=\"article\" \/>\n<meta property=\"og:title\" content=\"Brandschutzerziehung | Taktik-Trainer\" \/>\n<meta property=\"og:description\" content=\"Brandschutzerziehung praxisnah erleben! Mit unserem modularen Rauchhaus k\u00f6nnen Kinder &amp; Erwachsene den richtigen Umgang mit Feuer &amp; Rauchgefahren spielerisch erlernen.\" \/>\n<meta property=\"og:url\" content=\"https:\/\/bos-akademie.de\/en\/brandschutzerziehung\/\" \/>\n<meta property=\"og:site_name\" content=\"BOS-Akademie\" \/>\n<meta property=\"article:modified_time\" content=\"2025-10-21T07:43:41+00:00\" \/>\n<meta property=\"og:image\" content=\"https:\/\/bos-akademie.de\/wp-content\/uploads\/2025\/03\/Bildschirmfoto-2025-03-12-um-11.24.55.png\" \/>\n\t<meta property=\"og:image:width\" content=\"1176\" \/>\n\t<meta property=\"og:image:height\" content=\"1174\" \/>\n\t<meta property=\"og:image:type\" content=\"image\/png\" \/>\n<meta name=\"twitter:card\" content=\"summary_large_image\" \/>\n<meta name=\"twitter:label1\" content=\"Est. reading time\" \/>\n\t<meta name=\"twitter:data1\" content=\"3 minutes\" \/>\n<script type=\"application\/ld+json\" class=\"yoast-schema-graph\">{\"@context\":\"https:\\\/\\\/schema.org\",\"@graph\":[{\"@type\":\"WebPage\",\"@id\":\"https:\\\/\\\/bos-akademie.de\\\/brandschutzerziehung\\\/\",\"url\":\"https:\\\/\\\/bos-akademie.de\\\/brandschutzerziehung\\\/\",\"name\":\"Brandschutzerziehung | Taktik-Trainer\",\"isPartOf\":{\"@id\":\"https:\\\/\\\/bos-akademie.de\\\/#website\"},\"primaryImageOfPage\":{\"@id\":\"https:\\\/\\\/bos-akademie.de\\\/brandschutzerziehung\\\/#primaryimage\"},\"image\":{\"@id\":\"https:\\\/\\\/bos-akademie.de\\\/brandschutzerziehung\\\/#primaryimage\"},\"thumbnailUrl\":\"https:\\\/\\\/bos-akademie.de\\\/wp-content\\\/uploads\\\/2025\\\/03\\\/Bildschirmfoto-2025-03-12-um-11.24.55.png\",\"datePublished\":\"2025-02-25T16:18:38+00:00\",\"dateModified\":\"2025-10-21T07:43:41+00:00\",\"description\":\"Brandschutzerziehung praxisnah erleben! Mit unserem modularen Rauchhaus k\u00f6nnen Kinder & Erwachsene den richtigen Umgang mit Feuer & Rauchgefahren spielerisch erlernen.\",\"breadcrumb\":{\"@id\":\"https:\\\/\\\/bos-akademie.de\\\/brandschutzerziehung\\\/#breadcrumb\"},\"inLanguage\":\"en-US\",\"potentialAction\":[{\"@type\":\"ReadAction\",\"target\":[\"https:\\\/\\\/bos-akademie.de\\\/brandschutzerziehung\\\/\"]}]},{\"@type\":\"ImageObject\",\"inLanguage\":\"en-US\",\"@id\":\"https:\\\/\\\/bos-akademie.de\\\/brandschutzerziehung\\\/#primaryimage\",\"url\":\"https:\\\/\\\/bos-akademie.de\\\/wp-content\\\/uploads\\\/2025\\\/03\\\/Bildschirmfoto-2025-03-12-um-11.24.55.png\",\"contentUrl\":\"https:\\\/\\\/bos-akademie.de\\\/wp-content\\\/uploads\\\/2025\\\/03\\\/Bildschirmfoto-2025-03-12-um-11.24.55.png\"},{\"@type\":\"BreadcrumbList\",\"@id\":\"https:\\\/\\\/bos-akademie.de\\\/brandschutzerziehung\\\/#breadcrumb\",\"itemListElement\":[{\"@type\":\"ListItem\",\"position\":1,\"name\":\"Startseite\",\"item\":\"https:\\\/\\\/bos-akademie.de\\\/\"},{\"@type\":\"ListItem\",\"position\":2,\"name\":\"Brandschutzerziehung\"}]},{\"@type\":\"WebSite\",\"@id\":\"https:\\\/\\\/bos-akademie.de\\\/#website\",\"url\":\"https:\\\/\\\/bos-akademie.de\\\/\",\"name\":\"BOS-Akademie\",\"description\":\"\",\"publisher\":{\"@id\":\"https:\\\/\\\/bos-akademie.de\\\/#organization\"},\"potentialAction\":[{\"@type\":\"SearchAction\",\"target\":{\"@type\":\"EntryPoint\",\"urlTemplate\":\"https:\\\/\\\/bos-akademie.de\\\/?s={search_term_string}\"},\"query-input\":{\"@type\":\"PropertyValueSpecification\",\"valueRequired\":true,\"valueName\":\"search_term_string\"}}],\"inLanguage\":\"en-US\"},{\"@type\":\"Organization\",\"@id\":\"https:\\\/\\\/bos-akademie.de\\\/#organization\",\"name\":\"BOS-Akademie\",\"url\":\"https:\\\/\\\/bos-akademie.de\\\/\",\"logo\":{\"@type\":\"ImageObject\",\"inLanguage\":\"en-US\",\"@id\":\"https:\\\/\\\/bos-akademie.de\\\/#\\\/schema\\\/logo\\\/image\\\/\",\"url\":\"https:\\\/\\\/bos-akademie.de\\\/wp-content\\\/uploads\\\/2025\\\/01\\\/cropped-BosAkademieLogo.png\",\"contentUrl\":\"https:\\\/\\\/bos-akademie.de\\\/wp-content\\\/uploads\\\/2025\\\/01\\\/cropped-BosAkademieLogo.png\",\"width\":167,\"height\":112,\"caption\":\"BOS-Akademie\"},\"image\":{\"@id\":\"https:\\\/\\\/bos-akademie.de\\\/#\\\/schema\\\/logo\\\/image\\\/\"}}]}<\/script>\n<!-- \/ Yoast SEO plugin. -->","yoast_head_json":{"title":"Brandschutzerziehung | Taktik-Trainer","description":"Brandschutzerziehung praxisnah erleben! Mit unserem modularen Rauchhaus k\u00f6nnen Kinder & Erwachsene den richtigen Umgang mit Feuer & Rauchgefahren spielerisch erlernen.","robots":{"index":"index","follow":"follow","max-snippet":"max-snippet:-1","max-image-preview":"max-image-preview:large","max-video-preview":"max-video-preview:-1"},"canonical":"https:\/\/bos-akademie.de\/en\/brandschutzerziehung\/","og_locale":"en_US","og_type":"article","og_title":"Brandschutzerziehung | Taktik-Trainer","og_description":"Brandschutzerziehung praxisnah erleben! Mit unserem modularen Rauchhaus k\u00f6nnen Kinder & Erwachsene den richtigen Umgang mit Feuer & Rauchgefahren spielerisch erlernen.","og_url":"https:\/\/bos-akademie.de\/en\/brandschutzerziehung\/","og_site_name":"BOS-Akademie","article_modified_time":"2025-10-21T07:43:41+00:00","og_image":[{"width":1176,"height":1174,"url":"https:\/\/bos-akademie.de\/wp-content\/uploads\/2025\/03\/Bildschirmfoto-2025-03-12-um-11.24.55.png","type":"image\/png"}],"twitter_card":"summary_large_image","twitter_misc":{"Est. reading time":"3 minutes"},"schema":{"@context":"https:\/\/schema.org","@graph":[{"@type":"WebPage","@id":"https:\/\/bos-akademie.de\/brandschutzerziehung\/","url":"https:\/\/bos-akademie.de\/brandschutzerziehung\/","name":"Brandschutzerziehung | Taktik-Trainer","isPartOf":{"@id":"https:\/\/bos-akademie.de\/#website"},"primaryImageOfPage":{"@id":"https:\/\/bos-akademie.de\/brandschutzerziehung\/#primaryimage"},"image":{"@id":"https:\/\/bos-akademie.de\/brandschutzerziehung\/#primaryimage"},"thumbnailUrl":"https:\/\/bos-akademie.de\/wp-content\/uploads\/2025\/03\/Bildschirmfoto-2025-03-12-um-11.24.55.png","datePublished":"2025-02-25T16:18:38+00:00","dateModified":"2025-10-21T07:43:41+00:00","description":"Brandschutzerziehung praxisnah erleben! Mit unserem modularen Rauchhaus k\u00f6nnen Kinder & Erwachsene den richtigen Umgang mit Feuer & Rauchgefahren spielerisch erlernen.","breadcrumb":{"@id":"https:\/\/bos-akademie.de\/brandschutzerziehung\/#breadcrumb"},"inLanguage":"en-US","potentialAction":[{"@type":"ReadAction","target":["https:\/\/bos-akademie.de\/brandschutzerziehung\/"]}]},{"@type":"ImageObject","inLanguage":"en-US","@id":"https:\/\/bos-akademie.de\/brandschutzerziehung\/#primaryimage","url":"https:\/\/bos-akademie.de\/wp-content\/uploads\/2025\/03\/Bildschirmfoto-2025-03-12-um-11.24.55.png","contentUrl":"https:\/\/bos-akademie.de\/wp-content\/uploads\/2025\/03\/Bildschirmfoto-2025-03-12-um-11.24.55.png"},{"@type":"BreadcrumbList","@id":"https:\/\/bos-akademie.de\/brandschutzerziehung\/#breadcrumb","itemListElement":[{"@type":"ListItem","position":1,"name":"Startseite","item":"https:\/\/bos-akademie.de\/"},{"@type":"ListItem","position":2,"name":"Brandschutzerziehung"}]},{"@type":"WebSite","@id":"https:\/\/bos-akademie.de\/#website","url":"https:\/\/bos-akademie.de\/","name":"BOS-Akademie","description":"","publisher":{"@id":"https:\/\/bos-akademie.de\/#organization"},"potentialAction":[{"@type":"SearchAction","target":{"@type":"EntryPoint","urlTemplate":"https:\/\/bos-akademie.de\/?s={search_term_string}"},"query-input":{"@type":"PropertyValueSpecification","valueRequired":true,"valueName":"search_term_string"}}],"inLanguage":"en-US"},{"@type":"Organization","@id":"https:\/\/bos-akademie.de\/#organization","name":"BOS-Akademie","url":"https:\/\/bos-akademie.de\/","logo":{"@type":"ImageObject","inLanguage":"en-US","@id":"https:\/\/bos-akademie.de\/#\/schema\/logo\/image\/","url":"https:\/\/bos-akademie.de\/wp-content\/uploads\/2025\/01\/cropped-BosAkademieLogo.png","contentUrl":"https:\/\/bos-akademie.de\/wp-content\/uploads\/2025\/01\/cropped-BosAkademieLogo.png","width":167,"height":112,"caption":"BOS-Akademie"},"image":{"@id":"https:\/\/bos-akademie.de\/#\/schema\/logo\/image\/"}}]}},"_links":{"self":[{"href":"https:\/\/bos-akademie.de\/en\/wp-json\/wp\/v2\/pages\/1290","targetHints":{"allow":["GET"]}}],"collection":[{"href":"https:\/\/bos-akademie.de\/en\/wp-json\/wp\/v2\/pages"}],"about":[{"href":"https:\/\/bos-akademie.de\/en\/wp-json\/wp\/v2\/types\/page"}],"author":[{"embeddable":true,"href":"https:\/\/bos-akademie.de\/en\/wp-json\/wp\/v2\/users\/6"}],"replies":[{"embeddable":true,"href":"https:\/\/bos-akademie.de\/en\/wp-json\/wp\/v2\/comments?post=1290"}],"version-history":[{"count":25,"href":"https:\/\/bos-akademie.de\/en\/wp-json\/wp\/v2\/pages\/1290\/revisions"}],"predecessor-version":[{"id":3738,"href":"https:\/\/bos-akademie.de\/en\/wp-json\/wp\/v2\/pages\/1290\/revisions\/3738"}],"wp:attachment":[{"href":"https:\/\/bos-akademie.de\/en\/wp-json\/wp\/v2\/media?parent=1290"}],"curies":[{"name":"wp","href":"https:\/\/api.w.org\/{rel}","templated":true}]}}