{"id":1299,"date":"2025-02-25T16:23:32","date_gmt":"2025-02-25T16:23:32","guid":{"rendered":"https:\/\/bos-akademie.de\/?page_id=1299"},"modified":"2025-10-21T07:45:49","modified_gmt":"2025-10-21T07:45:49","slug":"fuehrungskraefteausbildung","status":"publish","type":"page","link":"https:\/\/bos-akademie.de\/en\/fuehrungskraefteausbildung\/","title":{"rendered":"Fire Officer Leadership Training"},"content":{"rendered":"<div class=\"wp-block-group alignfull\"><div class=\"wp-block-group__inner-container is-layout-constrained wp-block-group-is-layout-constrained\">\n<div class=\"wp-block-group\" style=\"padding-right:20%;padding-left:20%\"><div class=\"wp-block-group__inner-container is-layout-constrained wp-container-core-group-is-layout-4ffa829d wp-block-group-is-layout-constrained\">\n<h2 class=\"wp-block-heading\">Operational Leadership \u2013 The Responsibility of Saving Lives<\/h2>\n\n\n\n<p>Fire service leaders carry immense responsibility: they must remain calm under pressure, assess situations within seconds, make critical decisions, and guide their teams with clarity and confidence \u2013 even in life-threatening environments.<\/p>\n\n\n\n<p>This includes tasks like strategic deployment of resources and correct vehicle positioning (keyword: spatial organization). Mistakes can have serious consequences \u2013 making a well-grounded and hands-on education all the more important.<\/p>\n\n\n\n<p>Our modular Taktik-Trainer provides a realistic setting for analyzing complex operational scenarios, testing tactical decisions, and critically evaluating alternative courses of action.<\/p>\n\n\n\n<div style=\"height:40px\" aria-hidden=\"true\" class=\"wp-block-spacer\"><\/div>\n\n\n\n<div class=\"wp-block-media-text is-stacked-on-mobile is-vertically-aligned-top\" style=\"grid-template-columns:40% auto\"><figure class=\"wp-block-media-text__media\"><img loading=\"lazy\" decoding=\"async\" width=\"1024\" height=\"683\" src=\"https:\/\/bos-akademie.de\/wp-content\/uploads\/2025\/01\/einfamilienhaus_gekipptes_fenster-1024x683.png\" alt=\"Einfamilienhaus\" class=\"wp-image-2195 size-full\" srcset=\"https:\/\/bos-akademie.de\/wp-content\/uploads\/2025\/01\/einfamilienhaus_gekipptes_fenster-1024x683.png 1024w, https:\/\/bos-akademie.de\/wp-content\/uploads\/2025\/01\/einfamilienhaus_gekipptes_fenster-300x200.png 300w, https:\/\/bos-akademie.de\/wp-content\/uploads\/2025\/01\/einfamilienhaus_gekipptes_fenster-768x512.png 768w, https:\/\/bos-akademie.de\/wp-content\/uploads\/2025\/01\/einfamilienhaus_gekipptes_fenster-1536x1024.png 1536w, https:\/\/bos-akademie.de\/wp-content\/uploads\/2025\/01\/einfamilienhaus_gekipptes_fenster-2048x1365.png 2048w, https:\/\/bos-akademie.de\/wp-content\/uploads\/2025\/01\/einfamilienhaus_gekipptes_fenster-360x240.png 360w, https:\/\/bos-akademie.de\/wp-content\/uploads\/2025\/01\/einfamilienhaus_gekipptes_fenster-1320x880.png 1320w, https:\/\/bos-akademie.de\/wp-content\/uploads\/2025\/01\/einfamilienhaus_gekipptes_fenster-600x400.png 600w\" sizes=\"auto, (max-width: 1024px) 100vw, 1024px\" \/><\/figure><div class=\"wp-block-media-text__content\">\n<h3 class=\"wp-block-heading\">Realistic Scenarios for Effective Incident Command<\/h3>\n\n\n\n<p>Command in action means not only recognizing the situation but also making the right decisions. The Taktik-Trainer allows a wide range of incident scenarios to be simulated \u2013 from apartment fires to complex multi-story operations.\nFire service leaders learn to allocate resources effectively, assess risks, and coordinate tactical approaches with their teams.\nThey train how to manage personnel and ensure that all firefighters operate safely and efficiently.<\/p>\n<\/div><\/div>\n\n\n\n<div style=\"height:40px\" aria-hidden=\"true\" class=\"wp-block-spacer\"><\/div>\n\n\n\n<div class=\"wp-block-media-text has-media-on-the-right is-stacked-on-mobile is-vertically-aligned-top\" style=\"grid-template-columns:auto 40%\"><div class=\"wp-block-media-text__content\">\n<h3 class=\"wp-block-heading\">Tactical Decision-Making for Incident Commanders \u2013 Clear and Fast<\/h3>\n\n\n\n<p>Thanks to its flexible design, the Taktik-Trainer allows for the simulation of various building layouts, enabling incident commanders to orient themselves in a wide range of scenarios. From reconnaissance missions to active fire suppression, they can test and refine their tactics under different operational conditions.\nCrucially, the focus lies on making decisions that not only ensure the success of the mission but also guarantee the safety of everyone involved. Simulated smoke patterns and fire dynamics clearly demonstrate how each tactical decision can alter the entire situation.<\/p>\n<\/div><figure class=\"wp-block-media-text__media\"><img loading=\"lazy\" decoding=\"async\" width=\"1024\" height=\"683\" src=\"https:\/\/bos-akademie.de\/wp-content\/uploads\/2025\/01\/einfamilienhaus_detail_steckleiter-1024x683.png\" alt=\"F\u00fchrungskr\u00e4fte und Entscheidungsfindung\" class=\"wp-image-2205 size-full\" srcset=\"https:\/\/bos-akademie.de\/wp-content\/uploads\/2025\/01\/einfamilienhaus_detail_steckleiter-1024x683.png 1024w, https:\/\/bos-akademie.de\/wp-content\/uploads\/2025\/01\/einfamilienhaus_detail_steckleiter-300x200.png 300w, https:\/\/bos-akademie.de\/wp-content\/uploads\/2025\/01\/einfamilienhaus_detail_steckleiter-768x512.png 768w, https:\/\/bos-akademie.de\/wp-content\/uploads\/2025\/01\/einfamilienhaus_detail_steckleiter-1536x1024.png 1536w, https:\/\/bos-akademie.de\/wp-content\/uploads\/2025\/01\/einfamilienhaus_detail_steckleiter-2048x1365.png 2048w, https:\/\/bos-akademie.de\/wp-content\/uploads\/2025\/01\/einfamilienhaus_detail_steckleiter-360x240.png 360w, https:\/\/bos-akademie.de\/wp-content\/uploads\/2025\/01\/einfamilienhaus_detail_steckleiter-1320x880.png 1320w, https:\/\/bos-akademie.de\/wp-content\/uploads\/2025\/01\/einfamilienhaus_detail_steckleiter-600x400.png 600w\" sizes=\"auto, (max-width: 1024px) 100vw, 1024px\" \/><\/figure><\/div>\n\n\n\n<div style=\"height:40px\" aria-hidden=\"true\" class=\"wp-block-spacer\"><\/div>\n\n\n\n<div class=\"wp-block-media-text is-stacked-on-mobile\" style=\"grid-template-columns:40% auto\"><figure class=\"wp-block-media-text__media\"><img loading=\"lazy\" decoding=\"async\" width=\"1024\" height=\"683\" src=\"https:\/\/bos-akademie.de\/wp-content\/uploads\/2025\/01\/einfamilienhaus_detail_luefter-1024x683.png\" alt=\"Hochdruckl\u00fcfter\" class=\"wp-image-2204 size-full\" srcset=\"https:\/\/bos-akademie.de\/wp-content\/uploads\/2025\/01\/einfamilienhaus_detail_luefter-1024x683.png 1024w, https:\/\/bos-akademie.de\/wp-content\/uploads\/2025\/01\/einfamilienhaus_detail_luefter-300x200.png 300w, https:\/\/bos-akademie.de\/wp-content\/uploads\/2025\/01\/einfamilienhaus_detail_luefter-768x512.png 768w, https:\/\/bos-akademie.de\/wp-content\/uploads\/2025\/01\/einfamilienhaus_detail_luefter-1536x1024.png 1536w, https:\/\/bos-akademie.de\/wp-content\/uploads\/2025\/01\/einfamilienhaus_detail_luefter-2048x1365.png 2048w, https:\/\/bos-akademie.de\/wp-content\/uploads\/2025\/01\/einfamilienhaus_detail_luefter-360x240.png 360w, https:\/\/bos-akademie.de\/wp-content\/uploads\/2025\/01\/einfamilienhaus_detail_luefter-1320x880.png 1320w, https:\/\/bos-akademie.de\/wp-content\/uploads\/2025\/01\/einfamilienhaus_detail_luefter-600x400.png 600w\" sizes=\"auto, (max-width: 1024px) 100vw, 1024px\" \/><\/figure><div class=\"wp-block-media-text__content\">\n<h3 class=\"wp-block-heading\">Communication and Team Leadership During Operations<\/h3>\n\n\n\n<p>One of the key responsibilities of a unit commander or group leader is effective communication within the team and with incident command.\nThrough simulated scenarios, leaders can learn how to guide their teams with clarity and precision, set the right priorities, and communicate their decisions quickly.\nThe Taktik-Trainer allows them to practice communication under extreme conditions \u2013 and highlights the importance of maintaining control in order to safely coordinate all personnel.<\/p>\n<\/div><\/div>\n\n\n\n<div style=\"height:10px\" aria-hidden=\"true\" class=\"wp-block-spacer\"><\/div>\n\n\n\n<div class=\"wp-block-media-text has-media-on-the-right is-stacked-on-mobile\" style=\"grid-template-columns:auto 40%\"><div class=\"wp-block-media-text__content\">\n<h3 class=\"wp-block-heading\">Modular Design \u2013 Diverse and Realistic Training for Incident Commanders<\/h3>\n\n\n\n<p>Thanks to its modular design, the Taktik-Trainer offers a flexible training environment that can be tailored to the individual needs of fire officers. Training scenarios can be expanded and adapted at any time \u2013 keeping the training varied and challenging. With our Taktik-Trainer, incident commanders can practice everything that is crucial for leading an operation successfully \u2013 from initial assessment and firefighting tactics to post-incident evaluation.<\/p>\n<\/div><figure class=\"wp-block-media-text__media\"><img loading=\"lazy\" decoding=\"async\" width=\"1024\" height=\"683\" src=\"https:\/\/bos-akademie.de\/wp-content\/uploads\/2025\/01\/einfamilienhaus_bauweise-1024x683.png\" alt=\"Modularer Aufbau\" class=\"wp-image-2207 size-full\" srcset=\"https:\/\/bos-akademie.de\/wp-content\/uploads\/2025\/01\/einfamilienhaus_bauweise-1024x683.png 1024w, https:\/\/bos-akademie.de\/wp-content\/uploads\/2025\/01\/einfamilienhaus_bauweise-300x200.png 300w, https:\/\/bos-akademie.de\/wp-content\/uploads\/2025\/01\/einfamilienhaus_bauweise-768x512.png 768w, https:\/\/bos-akademie.de\/wp-content\/uploads\/2025\/01\/einfamilienhaus_bauweise-1536x1024.png 1536w, https:\/\/bos-akademie.de\/wp-content\/uploads\/2025\/01\/einfamilienhaus_bauweise-2048x1365.png 2048w, https:\/\/bos-akademie.de\/wp-content\/uploads\/2025\/01\/einfamilienhaus_bauweise-360x240.png 360w, https:\/\/bos-akademie.de\/wp-content\/uploads\/2025\/01\/einfamilienhaus_bauweise-1320x880.png 1320w, https:\/\/bos-akademie.de\/wp-content\/uploads\/2025\/01\/einfamilienhaus_bauweise-600x400.png 600w\" sizes=\"auto, (max-width: 1024px) 100vw, 1024px\" \/><\/figure><\/div>\n\n\n\n<div style=\"height:40px\" aria-hidden=\"true\" class=\"wp-block-spacer\"><\/div>\n\n\n\n<h3 class=\"wp-block-heading\">The Taktik-Trainer provides valuable support in the continued training of fire service leaders<\/h3>\n\n\n\n<ul class=\"wp-block-list\">\n<li>Realistic simulation of complex emergency scenarios for hands-on training<\/li>\n\n\n\n<li>Practice systematic situation assessment and tactical decision-making<\/li>\n\n\n\n<li>Targeted development of decision-making under stress<\/li>\n\n\n\n<li>Effective communication and team leadership in challenging scenarios<\/li>\n\n\n\n<li>Refinement of coordination and resource planning during operations<\/li>\n\n\n\n<li>Optimization of ventilation and smoke management strategies<\/li>\n\n\n\n<li>Recreation of real incidents for analysis and strategy improvement<\/li>\n\n\n\n<li>Modular expansion for customized training concepts<\/li>\n<\/ul>\n\n\n\n<div style=\"height:20px\" aria-hidden=\"true\" class=\"wp-block-spacer\"><\/div>\n\n\n\n<p>Our Taktik-Trainer takes leadership development to the next level. Fire service leaders can enhance their tactical skills through practical training, make informed decisions, and lead their teams safely and effectively through operations.<\/p>\n\n\n\n<div class=\"wp-block-buttons is-layout-flex wp-block-buttons-is-layout-flex\">\n<div class=\"wp-block-button\"><a class=\"wp-block-button__link wp-element-button\" href=\"https:\/\/bos-akademie.de\/en\/starterpakete\/\">To our Taktik-Trainer modules<\/a><\/div>\n<\/div>\n\n\n\n<div style=\"height:40px\" aria-hidden=\"true\" class=\"wp-block-spacer\"><\/div>\n<\/div><\/div>\n<\/div><\/div>","protected":false},"excerpt":{"rendered":"<p>F\u00fchrung im Einsatz \u2013 Die Verantwortung, Leben zu retten F\u00fchrungskr\u00e4fte in der Feuerwehr tragen eine immense Verantwortung: Sie m\u00fcssen in stressigen und gef\u00e4hrlichen Situationen einen k\u00fchlen Kopf bewahren, in k\u00fcrzester Zeit eine Lage beurteilen, Entscheidungen treffen und die Einsatzkr\u00e4fte zielgerichtet leiten. Hierbei kommt es zum Beispiel auch auf eine effektive [&hellip;]<\/p>\n","protected":false},"author":6,"featured_media":0,"parent":0,"menu_order":0,"comment_status":"closed","ping_status":"closed","template":"","meta":{"footnotes":""},"class_list":["post-1299","page","type-page","status-publish","hentry"],"yoast_head":"<!-- This site is optimized with the Yoast SEO plugin v27.6 - https:\/\/yoast.com\/product\/yoast-seo-wordpress\/ -->\n<title>F\u00fchrungskr\u00e4fte: Aus- und Weiterbildung am Taktik-Trainer<\/title>\n<meta name=\"description\" content=\"Taktische Entscheidungen trainieren! F\u00fchrungskr\u00e4fte werden bei ihrer Weiterbildung gef\u00f6rdert - F\u00fcr sichere und effiziente Eins\u00e4tze.\" \/>\n<meta name=\"robots\" content=\"index, follow, max-snippet:-1, max-image-preview:large, max-video-preview:-1\" \/>\n<link rel=\"canonical\" href=\"https:\/\/bos-akademie.de\/en\/fuehrungskraefteausbildung\/\" \/>\n<meta property=\"og:locale\" content=\"en_US\" \/>\n<meta property=\"og:type\" content=\"article\" \/>\n<meta property=\"og:title\" content=\"F\u00fchrungskr\u00e4fte: Aus- und Weiterbildung am Taktik-Trainer\" \/>\n<meta property=\"og:description\" content=\"Taktische Entscheidungen trainieren! F\u00fchrungskr\u00e4fte werden bei ihrer Weiterbildung gef\u00f6rdert - F\u00fcr sichere und effiziente Eins\u00e4tze.\" \/>\n<meta property=\"og:url\" content=\"https:\/\/bos-akademie.de\/en\/fuehrungskraefteausbildung\/\" \/>\n<meta property=\"og:site_name\" content=\"BOS-Akademie\" \/>\n<meta property=\"article:modified_time\" content=\"2025-10-21T07:45:49+00:00\" \/>\n<meta property=\"og:image\" content=\"https:\/\/bos-akademie.de\/wp-content\/uploads\/2025\/01\/einfamilienhaus_gekipptes_fenster-1024x683.png\" \/>\n\t<meta property=\"og:image:width\" content=\"1024\" \/>\n\t<meta property=\"og:image:height\" content=\"683\" \/>\n\t<meta property=\"og:image:type\" content=\"image\/png\" \/>\n<meta name=\"twitter:card\" content=\"summary_large_image\" \/>\n<meta name=\"twitter:label1\" content=\"Est. reading time\" \/>\n\t<meta name=\"twitter:data1\" content=\"4 minutes\" \/>\n<script type=\"application\/ld+json\" class=\"yoast-schema-graph\">{\"@context\":\"https:\\\/\\\/schema.org\",\"@graph\":[{\"@type\":\"WebPage\",\"@id\":\"https:\\\/\\\/bos-akademie.de\\\/fuehrungskraefteausbildung\\\/\",\"url\":\"https:\\\/\\\/bos-akademie.de\\\/fuehrungskraefteausbildung\\\/\",\"name\":\"F\u00fchrungskr\u00e4fte: Aus- und Weiterbildung am Taktik-Trainer\",\"isPartOf\":{\"@id\":\"https:\\\/\\\/bos-akademie.de\\\/#website\"},\"primaryImageOfPage\":{\"@id\":\"https:\\\/\\\/bos-akademie.de\\\/fuehrungskraefteausbildung\\\/#primaryimage\"},\"image\":{\"@id\":\"https:\\\/\\\/bos-akademie.de\\\/fuehrungskraefteausbildung\\\/#primaryimage\"},\"thumbnailUrl\":\"https:\\\/\\\/bos-akademie.de\\\/wp-content\\\/uploads\\\/2025\\\/01\\\/einfamilienhaus_gekipptes_fenster-1024x683.png\",\"datePublished\":\"2025-02-25T16:23:32+00:00\",\"dateModified\":\"2025-10-21T07:45:49+00:00\",\"description\":\"Taktische Entscheidungen trainieren! F\u00fchrungskr\u00e4fte werden bei ihrer Weiterbildung gef\u00f6rdert - F\u00fcr sichere und effiziente Eins\u00e4tze.\",\"breadcrumb\":{\"@id\":\"https:\\\/\\\/bos-akademie.de\\\/fuehrungskraefteausbildung\\\/#breadcrumb\"},\"inLanguage\":\"en-US\",\"potentialAction\":[{\"@type\":\"ReadAction\",\"target\":[\"https:\\\/\\\/bos-akademie.de\\\/fuehrungskraefteausbildung\\\/\"]}]},{\"@type\":\"ImageObject\",\"inLanguage\":\"en-US\",\"@id\":\"https:\\\/\\\/bos-akademie.de\\\/fuehrungskraefteausbildung\\\/#primaryimage\",\"url\":\"https:\\\/\\\/bos-akademie.de\\\/wp-content\\\/uploads\\\/2025\\\/01\\\/einfamilienhaus_gekipptes_fenster-1024x683.png\",\"contentUrl\":\"https:\\\/\\\/bos-akademie.de\\\/wp-content\\\/uploads\\\/2025\\\/01\\\/einfamilienhaus_gekipptes_fenster-1024x683.png\"},{\"@type\":\"BreadcrumbList\",\"@id\":\"https:\\\/\\\/bos-akademie.de\\\/fuehrungskraefteausbildung\\\/#breadcrumb\",\"itemListElement\":[{\"@type\":\"ListItem\",\"position\":1,\"name\":\"Startseite\",\"item\":\"https:\\\/\\\/bos-akademie.de\\\/\"},{\"@type\":\"ListItem\",\"position\":2,\"name\":\"F\u00fchrungskr\u00e4fteaus- und Weiterbildung\"}]},{\"@type\":\"WebSite\",\"@id\":\"https:\\\/\\\/bos-akademie.de\\\/#website\",\"url\":\"https:\\\/\\\/bos-akademie.de\\\/\",\"name\":\"BOS-Akademie\",\"description\":\"\",\"publisher\":{\"@id\":\"https:\\\/\\\/bos-akademie.de\\\/#organization\"},\"potentialAction\":[{\"@type\":\"SearchAction\",\"target\":{\"@type\":\"EntryPoint\",\"urlTemplate\":\"https:\\\/\\\/bos-akademie.de\\\/?s={search_term_string}\"},\"query-input\":{\"@type\":\"PropertyValueSpecification\",\"valueRequired\":true,\"valueName\":\"search_term_string\"}}],\"inLanguage\":\"en-US\"},{\"@type\":\"Organization\",\"@id\":\"https:\\\/\\\/bos-akademie.de\\\/#organization\",\"name\":\"BOS-Akademie\",\"url\":\"https:\\\/\\\/bos-akademie.de\\\/\",\"logo\":{\"@type\":\"ImageObject\",\"inLanguage\":\"en-US\",\"@id\":\"https:\\\/\\\/bos-akademie.de\\\/#\\\/schema\\\/logo\\\/image\\\/\",\"url\":\"https:\\\/\\\/bos-akademie.de\\\/wp-content\\\/uploads\\\/2025\\\/01\\\/cropped-BosAkademieLogo.png\",\"contentUrl\":\"https:\\\/\\\/bos-akademie.de\\\/wp-content\\\/uploads\\\/2025\\\/01\\\/cropped-BosAkademieLogo.png\",\"width\":167,\"height\":112,\"caption\":\"BOS-Akademie\"},\"image\":{\"@id\":\"https:\\\/\\\/bos-akademie.de\\\/#\\\/schema\\\/logo\\\/image\\\/\"}}]}<\/script>\n<!-- \/ Yoast SEO plugin. -->","yoast_head_json":{"title":"F\u00fchrungskr\u00e4fte: Aus- und Weiterbildung am Taktik-Trainer","description":"Taktische Entscheidungen trainieren! F\u00fchrungskr\u00e4fte werden bei ihrer Weiterbildung gef\u00f6rdert - F\u00fcr sichere und effiziente Eins\u00e4tze.","robots":{"index":"index","follow":"follow","max-snippet":"max-snippet:-1","max-image-preview":"max-image-preview:large","max-video-preview":"max-video-preview:-1"},"canonical":"https:\/\/bos-akademie.de\/en\/fuehrungskraefteausbildung\/","og_locale":"en_US","og_type":"article","og_title":"F\u00fchrungskr\u00e4fte: Aus- und Weiterbildung am Taktik-Trainer","og_description":"Taktische Entscheidungen trainieren! F\u00fchrungskr\u00e4fte werden bei ihrer Weiterbildung gef\u00f6rdert - F\u00fcr sichere und effiziente Eins\u00e4tze.","og_url":"https:\/\/bos-akademie.de\/en\/fuehrungskraefteausbildung\/","og_site_name":"BOS-Akademie","article_modified_time":"2025-10-21T07:45:49+00:00","og_image":[{"width":1024,"height":683,"url":"https:\/\/bos-akademie.de\/wp-content\/uploads\/2025\/01\/einfamilienhaus_gekipptes_fenster-1024x683.png","type":"image\/png"}],"twitter_card":"summary_large_image","twitter_misc":{"Est. reading time":"4 minutes"},"schema":{"@context":"https:\/\/schema.org","@graph":[{"@type":"WebPage","@id":"https:\/\/bos-akademie.de\/fuehrungskraefteausbildung\/","url":"https:\/\/bos-akademie.de\/fuehrungskraefteausbildung\/","name":"F\u00fchrungskr\u00e4fte: Aus- und Weiterbildung am Taktik-Trainer","isPartOf":{"@id":"https:\/\/bos-akademie.de\/#website"},"primaryImageOfPage":{"@id":"https:\/\/bos-akademie.de\/fuehrungskraefteausbildung\/#primaryimage"},"image":{"@id":"https:\/\/bos-akademie.de\/fuehrungskraefteausbildung\/#primaryimage"},"thumbnailUrl":"https:\/\/bos-akademie.de\/wp-content\/uploads\/2025\/01\/einfamilienhaus_gekipptes_fenster-1024x683.png","datePublished":"2025-02-25T16:23:32+00:00","dateModified":"2025-10-21T07:45:49+00:00","description":"Taktische Entscheidungen trainieren! F\u00fchrungskr\u00e4fte werden bei ihrer Weiterbildung gef\u00f6rdert - F\u00fcr sichere und effiziente Eins\u00e4tze.","breadcrumb":{"@id":"https:\/\/bos-akademie.de\/fuehrungskraefteausbildung\/#breadcrumb"},"inLanguage":"en-US","potentialAction":[{"@type":"ReadAction","target":["https:\/\/bos-akademie.de\/fuehrungskraefteausbildung\/"]}]},{"@type":"ImageObject","inLanguage":"en-US","@id":"https:\/\/bos-akademie.de\/fuehrungskraefteausbildung\/#primaryimage","url":"https:\/\/bos-akademie.de\/wp-content\/uploads\/2025\/01\/einfamilienhaus_gekipptes_fenster-1024x683.png","contentUrl":"https:\/\/bos-akademie.de\/wp-content\/uploads\/2025\/01\/einfamilienhaus_gekipptes_fenster-1024x683.png"},{"@type":"BreadcrumbList","@id":"https:\/\/bos-akademie.de\/fuehrungskraefteausbildung\/#breadcrumb","itemListElement":[{"@type":"ListItem","position":1,"name":"Startseite","item":"https:\/\/bos-akademie.de\/"},{"@type":"ListItem","position":2,"name":"F\u00fchrungskr\u00e4fteaus- und Weiterbildung"}]},{"@type":"WebSite","@id":"https:\/\/bos-akademie.de\/#website","url":"https:\/\/bos-akademie.de\/","name":"BOS-Akademie","description":"","publisher":{"@id":"https:\/\/bos-akademie.de\/#organization"},"potentialAction":[{"@type":"SearchAction","target":{"@type":"EntryPoint","urlTemplate":"https:\/\/bos-akademie.de\/?s={search_term_string}"},"query-input":{"@type":"PropertyValueSpecification","valueRequired":true,"valueName":"search_term_string"}}],"inLanguage":"en-US"},{"@type":"Organization","@id":"https:\/\/bos-akademie.de\/#organization","name":"BOS-Akademie","url":"https:\/\/bos-akademie.de\/","logo":{"@type":"ImageObject","inLanguage":"en-US","@id":"https:\/\/bos-akademie.de\/#\/schema\/logo\/image\/","url":"https:\/\/bos-akademie.de\/wp-content\/uploads\/2025\/01\/cropped-BosAkademieLogo.png","contentUrl":"https:\/\/bos-akademie.de\/wp-content\/uploads\/2025\/01\/cropped-BosAkademieLogo.png","width":167,"height":112,"caption":"BOS-Akademie"},"image":{"@id":"https:\/\/bos-akademie.de\/#\/schema\/logo\/image\/"}}]}},"_links":{"self":[{"href":"https:\/\/bos-akademie.de\/en\/wp-json\/wp\/v2\/pages\/1299","targetHints":{"allow":["GET"]}}],"collection":[{"href":"https:\/\/bos-akademie.de\/en\/wp-json\/wp\/v2\/pages"}],"about":[{"href":"https:\/\/bos-akademie.de\/en\/wp-json\/wp\/v2\/types\/page"}],"author":[{"embeddable":true,"href":"https:\/\/bos-akademie.de\/en\/wp-json\/wp\/v2\/users\/6"}],"replies":[{"embeddable":true,"href":"https:\/\/bos-akademie.de\/en\/wp-json\/wp\/v2\/comments?post=1299"}],"version-history":[{"count":11,"href":"https:\/\/bos-akademie.de\/en\/wp-json\/wp\/v2\/pages\/1299\/revisions"}],"predecessor-version":[{"id":3741,"href":"https:\/\/bos-akademie.de\/en\/wp-json\/wp\/v2\/pages\/1299\/revisions\/3741"}],"wp:attachment":[{"href":"https:\/\/bos-akademie.de\/en\/wp-json\/wp\/v2\/media?parent=1299"}],"curies":[{"name":"wp","href":"https:\/\/api.w.org\/{rel}","templated":true}]}}