{"id":140,"date":"2025-01-31T11:54:47","date_gmt":"2025-01-31T11:54:47","guid":{"rendered":"https:\/\/bos-akademie.de\/?page_id=140"},"modified":"2026-01-15T10:36:47","modified_gmt":"2026-01-15T10:36:47","slug":"ueber-uns","status":"publish","type":"page","link":"https:\/\/bos-akademie.de\/en\/ueber-uns\/","title":{"rendered":"About us"},"content":{"rendered":"<div class=\"wp-block-group alignfull\"><div class=\"wp-block-group__inner-container is-layout-constrained wp-block-group-is-layout-constrained\">\n<div class=\"wp-block-group\" style=\"padding-right:20%;padding-left:20%\"><div class=\"wp-block-group__inner-container is-layout-constrained wp-container-core-group-is-layout-4ffa829d wp-block-group-is-layout-constrained\">\n<h2 class=\"wp-block-heading\">Training f\u00fcr Einsatz- und F\u00fchrungskr\u00e4fte<\/h2>\n\n\n\n<h3 class=\"wp-block-heading has-medium-font-size\">Fire departments in Germany: Great responsibility, few deployments<\/h3>\n\n\n\n<p>Over one million men and women are involved in 23,977 volunteer fire departments in Germany. Smaller local fire brigades in particular face a major challenge: few real operations make training difficult. Of the 10,994 municipalities in Germany, 7,797 have fewer than 5,000 inhabitants. In these smaller towns, the number of operations is particularly low, meaning that firefighters have to maintain their skills almost exclusively through exercises and training. Knowledge is often based on theoretical training and infrequent exercises - a gap that we are closing with modern training solutions.<br>Without regular, realistic training, there is a lack of practice, safety and confidence - and this is exactly where we come in.<\/p>\n\n\n\n<h3 class=\"wp-block-heading has-medium-font-size\">Why is practical training so important?<\/h3>\n\n\n\n<p>Fire departments have to act quickly and confidently in an emergency - but especially&nbsp;<strong>smaller local fire departments<\/strong> often only have a few real-life assignments to develop a routine. They are therefore heavily dependent on&nbsp;<strong>exercises<\/strong> and theoretical training courses.<br>But realistic exercises are&nbsp;<strong>complex and difficult<\/strong> to organize. Larger exercises in particular, such as the annual main exercises, require extensive preparation and follow-up work. Such situations are often carried out together with neighboring or base fire departments in order to create realistic operating conditions - but the high planning effort poses a challenge for many fire departments. They require detailed planning, personnel deployment and suitable exercise locations - a great deal of effort for volunteers. In addition, many training courses are expensive, quickly booked out or difficult to reach, which makes regular attendance difficult. In addition, the training courses offered at district, state and national level vary greatly. While some regions have good training opportunities, other fire departments face limited or difficult-to-access training options.<br>Eine moderne, praxisnahe Ausbildung ist daher unerl\u00e4sslich, um Feuerwehrkr\u00e4fte gezielt auf&nbsp;kritische Einsatzsituationen&nbsp;vorzubereiten.<\/p>\n\n\n\n<h3 class=\"wp-block-heading has-medium-font-size\">Loss of experience due to demographic change<\/h3>\n\n\n\n<p>Der demografische Wandel stellt Blauchlichtorganisationen vor eine Herausforderung: Erfahrene Einsatzkr\u00e4fte gehen in den Ruhestand, und junge F\u00fchrungskr\u00e4fte m\u00fcssen schnell Verantwortung \u00fcbernehmen, oft ohne die notwendige Einsatzerfahrung. Um dieser L\u00fccke entgegenzuwirken, bieten wir praxisnahe Ausbildung, die jungen F\u00fchrungskr\u00e4ften hilft, schnell Entscheidungen zu treffen und mit der n\u00f6tigen Sicherheit und Souver\u00e4nit\u00e4t zu handeln.<\/p>\n\n\n\n<p>Our solutions promote joint learning and cooperation between fire officers and emergency personnel by practicing the right tactics, quick decision-making and efficient teamwork. Fire officers and teams learn to plan correctly, deploy resources efficiently and distribute tasks optimally so that they can not only react but also act proactively and purposefully in an emergency.<\/p>\n\n\n\n<div style=\"height:20px\" aria-hidden=\"true\" class=\"wp-block-spacer\"><\/div>\n<\/div><\/div>\n<\/div><\/div>\n\n\n\n<div class=\"wp-block-group alignfull has-background\" style=\"background-color:#3131310f\"><div class=\"wp-block-group__inner-container is-layout-constrained wp-block-group-is-layout-constrained\">\n<div class=\"wp-block-group\" style=\"padding-right:20%;padding-left:20%\"><div class=\"wp-block-group__inner-container is-layout-constrained wp-container-core-group-is-layout-4ffa829d wp-block-group-is-layout-constrained\">\n<div style=\"height:20px\" aria-hidden=\"true\" class=\"wp-block-spacer\"><\/div>\n\n\n\n<div class=\"wp-block-columns is-layout-flex wp-container-core-columns-is-layout-28f84493 wp-block-columns-is-layout-flex\">\n<div class=\"wp-block-column is-layout-flow wp-block-column-is-layout-flow\" style=\"flex-basis:40%\">\n<figure class=\"wp-block-image size-full has-custom-border is-style-default wp-duotone-unset-1\" style=\"margin-right:var(--wp--preset--spacing--60);margin-left:var(--wp--preset--spacing--60)\"><img loading=\"lazy\" decoding=\"async\" width=\"2560\" height=\"1707\" src=\"https:\/\/bos-akademie.de\/wp-content\/uploads\/2025\/03\/Team-scaled.jpg\" alt=\"\u00dcber uns | Unser Team\" class=\"wp-image-2273\" style=\"border-style:none;border-width:0px\" srcset=\"https:\/\/bos-akademie.de\/wp-content\/uploads\/2025\/03\/Team-scaled.jpg 2560w, https:\/\/bos-akademie.de\/wp-content\/uploads\/2025\/03\/Team-300x200.jpg 300w, https:\/\/bos-akademie.de\/wp-content\/uploads\/2025\/03\/Team-1024x683.jpg 1024w, https:\/\/bos-akademie.de\/wp-content\/uploads\/2025\/03\/Team-768x512.jpg 768w, https:\/\/bos-akademie.de\/wp-content\/uploads\/2025\/03\/Team-1536x1024.jpg 1536w, https:\/\/bos-akademie.de\/wp-content\/uploads\/2025\/03\/Team-2048x1365.jpg 2048w, https:\/\/bos-akademie.de\/wp-content\/uploads\/2025\/03\/Team-360x240.jpg 360w, https:\/\/bos-akademie.de\/wp-content\/uploads\/2025\/03\/Team-1320x880.jpg 1320w, https:\/\/bos-akademie.de\/wp-content\/uploads\/2025\/03\/Team-600x400.jpg 600w\" sizes=\"auto, (max-width: 2560px) 100vw, 2560px\" \/><\/figure>\n<\/div>\n\n\n\n<div class=\"wp-block-column is-layout-flow wp-block-column-is-layout-flow\" style=\"flex-basis:60%\">\n<div class=\"wp-block-group\"><div class=\"wp-block-group__inner-container is-layout-constrained wp-block-group-is-layout-constrained\">\n<h2 class=\"wp-block-heading\">Our team<\/h2>\n\n\n\n<p><strong>Quality<\/strong> and <strong>practical relevance<\/strong> stehen bei der BOS-Akademie an erster Stelle. Unser Team vereint&nbsp;erfahrene Feuerwehrleute, Einsatzkr\u00e4fte und Fachleute aus den Bereichen Simulation und Konstruktion. Diese Kombination erm\u00f6glicht es uns,&nbsp;realit\u00e4tsnahe Trainingsl\u00f6sungen zu entwickeln, die Feuerwehrkr\u00e4fte optimal auf den Ernstfall vorbereiten.<\/p>\n\n\n\n<p>We work in an interdisciplinary, practice-oriented manner and with <strong>Passion<\/strong>. Many of our team members have years of operational experience or are experts in modern training methods and digital simulations. Through this exchange, we combine fire department know-how with innovative technologies to offer high-quality products and practical training. <\/p>\n\n\n\n<p>Our programs are developed by <strong>Einsatzkr\u00e4ften<\/strong> f\u00fcr Einsatzkr\u00e4fte entwickelt \u2013 mit einem tiefen Verst\u00e4ndnis f\u00fcr die Herausforderungen des Einsatzalltags. Wir wissen, worauf es in kritischen Momenten ankommt und setzen dieses Wissen gezielt in unseren Produkten ein.<\/p>\n\n\n\n<p><strong>Our mission<\/strong>:&nbsp;Einsatzkr\u00e4fte mit realistischen Szenarien, modernster Technik und kontinuierlicher Weiterentwicklung bestm\u00f6glich auf ihre Eins\u00e4tze vorbereiten.<\/p>\n<\/div><\/div>\n<\/div>\n<\/div>\n\n\n\n<div style=\"height:20px\" aria-hidden=\"true\" class=\"wp-block-spacer\"><\/div>\n<\/div><\/div>\n<\/div><\/div>\n\n\n\n<div class=\"wp-block-group alignfull\"><div class=\"wp-block-group__inner-container is-layout-constrained wp-block-group-is-layout-constrained\">\n<div class=\"wp-block-group\" style=\"min-height:0px;margin-top:0;margin-bottom:0;padding-top:0px;padding-right:20%;padding-bottom:0px;padding-left:20%\"><div class=\"wp-block-group__inner-container is-layout-constrained wp-container-core-group-is-layout-805447af wp-block-group-is-layout-constrained\">\n<div style=\"height:20px\" aria-hidden=\"true\" class=\"wp-block-spacer\"><\/div>\n\n\n\n<h2 class=\"wp-block-heading\">Our mission<\/h2>\n\n\n\n<h3 class=\"wp-block-heading\">We prepare you for emergencies!<\/h3>\n\n\n\n<p>Wir haben eine klare Mission: Jede Einsatzkraft verdient die beste Vorbereitung auf den Ernstfall. Mit unseren realit\u00e4tsnahen Szenarien, modernster Technik und einem Team aus erfahrenen Fachleuten schaffen wir Trainingsl\u00f6sungen, die Theorie und Praxis miteinander vereinen und Einsatzkr\u00e4fte bestm\u00f6glich auf alle Einsatzlagen vorbereiten.<\/p>\n\n\n\n<h3 class=\"wp-block-heading has-medium-font-size\">Our goals<\/h3>\n\n\n\n<p>Unsere Trainings bieten Einsatzkr\u00e4ften die M\u00f6glichkeit, sich gezielt auf den Ernstfall vorzubereiten. Durch praxisnahe Szenarien entwickeln sie mehr Routine im Umgang mit anspruchsvollen Einsatzlagen. Dies st\u00e4rkt nicht nur die Sicherheit der Einsatzkr\u00e4fte, sondern auch ihr Vertrauen in die eigenen F\u00e4higkeiten, um im Notfall souver\u00e4n und effizient handeln zu k\u00f6nnen.<\/p>\n\n\n\n<h3 class=\"wp-block-heading has-medium-font-size\">Our values<\/h3>\n\n\n\n<div class=\"wp-block-columns is-layout-flex wp-container-core-columns-is-layout-28f84493 wp-block-columns-is-layout-flex\">\n<div class=\"wp-block-column is-layout-flow wp-block-column-is-layout-flow\" style=\"flex-basis:10%\"><div class=\"wp-block-image\">\n<figure class=\"aligncenter size-full is-resized\" style=\"margin-top:25%;margin-bottom:25%\"><img loading=\"lazy\" decoding=\"async\" width=\"226\" height=\"207\" src=\"https:\/\/bos-akademie.de\/wp-content\/uploads\/2025\/02\/innovation.png\" alt=\"\u00dcber uns | Innovation\" class=\"wp-image-409\" style=\"object-fit:cover;width:60px;height:60px\"\/><\/figure>\n<\/div><\/div>\n\n\n\n<div class=\"wp-block-column is-layout-flow wp-block-column-is-layout-flow\">\n<p><strong>Innovation<\/strong><br>Wir setzen auf die neuesten Technologien, um effektive und praxisnahe Trainingsl\u00f6sungen zu entwickeln, die Einsatzkr\u00e4ften helfen, sich optimal auf den Ernstfall vorzubereiten.<\/p>\n<\/div>\n<\/div>\n\n\n\n<div class=\"wp-block-columns is-layout-flex wp-container-core-columns-is-layout-28f84493 wp-block-columns-is-layout-flex\">\n<div class=\"wp-block-column is-layout-flow wp-block-column-is-layout-flow\" style=\"flex-basis:10%\"><div class=\"wp-block-image\">\n<figure class=\"aligncenter size-full is-resized\" style=\"margin-top:25%;margin-bottom:25%\"><img loading=\"lazy\" decoding=\"async\" width=\"460\" height=\"275\" src=\"https:\/\/bos-akademie.de\/wp-content\/uploads\/2025\/02\/teamarbeit.png\" alt=\"Teamgeist\" class=\"wp-image-404\" style=\"object-fit:contain;width:80px;height:60px\" srcset=\"https:\/\/bos-akademie.de\/wp-content\/uploads\/2025\/02\/teamarbeit.png 460w, https:\/\/bos-akademie.de\/wp-content\/uploads\/2025\/02\/teamarbeit-300x179.png 300w\" sizes=\"auto, (max-width: 460px) 100vw, 460px\" \/><\/figure>\n<\/div><\/div>\n\n\n\n<div class=\"wp-block-column is-layout-flow wp-block-column-is-layout-flow\">\n<p><strong>Team spirit<\/strong><br>Unsere L\u00f6sungen entstehen durch die Zusammenarbeit von erfahrenen Einsatzkr\u00e4ften und Fachleuten, die wissen, was im Einsatz z\u00e4hlt. Gemeinsam verbessern wir kontinuierlich unsere Produkte, um die beste Ausbildung zu bieten.<\/p>\n<\/div>\n<\/div>\n\n\n\n<div class=\"wp-block-columns is-layout-flex wp-container-core-columns-is-layout-28f84493 wp-block-columns-is-layout-flex\">\n<div class=\"wp-block-column is-layout-flow wp-block-column-is-layout-flow\" style=\"flex-basis:10%\"><div class=\"wp-block-image\">\n<figure class=\"aligncenter size-full is-resized\" style=\"margin-top:25%;margin-bottom:25%\"><img loading=\"lazy\" decoding=\"async\" width=\"273\" height=\"241\" src=\"https:\/\/bos-akademie.de\/wp-content\/uploads\/2025\/02\/erfahrung.png\" alt=\"Erfahrung\" class=\"wp-image-456\" style=\"object-fit:cover;width:60px;height:60px\"\/><\/figure>\n<\/div><\/div>\n\n\n\n<div class=\"wp-block-column is-layout-flow wp-block-column-is-layout-flow\">\n<p><strong>Experience<\/strong><br>Our team brings years of operational and leadership experience to every training system. We combine proven methods with innovative approaches to prepare training participants specifically for complex operational situations.<\/p>\n<\/div>\n<\/div>\n\n\n\n<div class=\"wp-block-columns is-layout-flex wp-container-core-columns-is-layout-28f84493 wp-block-columns-is-layout-flex\">\n<div class=\"wp-block-column is-layout-flow wp-block-column-is-layout-flow\" style=\"flex-basis:10%\"><div class=\"wp-block-image\">\n<figure class=\"aligncenter size-full is-resized\" style=\"margin-top:25%;margin-bottom:25%\"><img loading=\"lazy\" decoding=\"async\" width=\"213\" height=\"232\" src=\"https:\/\/bos-akademie.de\/wp-content\/uploads\/2025\/02\/praxisrelevanz.png\" alt=\"Axt\" class=\"wp-image-458\" style=\"object-fit:cover;width:60px;height:60px\"\/><\/figure>\n<\/div><\/div>\n\n\n\n<div class=\"wp-block-column is-layout-flow wp-block-column-is-layout-flow\">\n<p><strong>Practical<\/strong><br>Our products create realistic training conditions so that you can act with confidence in an emergency. Detailed scenarios, practice-oriented exercises and practical training modules provide the routine that is crucial in an emergency.<\/p>\n\n\n\n<p><\/p>\n<\/div>\n<\/div>\n<\/div><\/div>\n<\/div><\/div>","protected":false},"excerpt":{"rendered":"<p>Training f\u00fcr Einsatz- und F\u00fchrungskr\u00e4fte Feuerwehren in Deutschland: Gro\u00dfe Verantwortung, wenig Eins\u00e4tze \u00dcber eine Million Frauen und M\u00e4nner engagieren sich in&nbsp;23.977 freiwilligen Feuerwehren&nbsp;in Deutschland. Besonders kleinere Ortswehren stehen vor einer gro\u00dfen Herausforderung:&nbsp;Wenige reale Eins\u00e4tze erschweren die Ausbildung. Von den 10.994 Gemeinden in Deutschland haben 7.797 weniger als 5.000 Einwohner. In [&hellip;]<\/p>\n","protected":false},"author":1,"featured_media":0,"parent":0,"menu_order":0,"comment_status":"closed","ping_status":"closed","template":"","meta":{"footnotes":""},"class_list":["post-140","page","type-page","status-publish","hentry"],"yoast_head":"<!-- This site is optimized with the Yoast SEO plugin v27.6 - https:\/\/yoast.com\/product\/yoast-seo-wordpress\/ -->\n<title>\u00dcber Uns - BOS-Akademie<\/title>\n<meta name=\"description\" content=\"\u00dcber uns: Lernen Sie unser Team, unsere Vision und die Mission hinter dem Taktik-Trainer kennen. Von Feuerwehrleuten f\u00fcr Feuerwehrleute.\" \/>\n<meta name=\"robots\" content=\"index, follow, max-snippet:-1, max-image-preview:large, max-video-preview:-1\" \/>\n<link rel=\"canonical\" href=\"https:\/\/bos-akademie.de\/en\/ueber-uns\/\" \/>\n<meta property=\"og:locale\" content=\"en_US\" \/>\n<meta property=\"og:type\" content=\"article\" \/>\n<meta property=\"og:title\" content=\"\u00dcber Uns - BOS-Akademie\" \/>\n<meta property=\"og:description\" content=\"\u00dcber uns: Lernen Sie unser Team, unsere Vision und die Mission hinter dem Taktik-Trainer kennen. Von Feuerwehrleuten f\u00fcr Feuerwehrleute.\" \/>\n<meta property=\"og:url\" content=\"https:\/\/bos-akademie.de\/en\/ueber-uns\/\" \/>\n<meta property=\"og:site_name\" content=\"BOS-Akademie\" \/>\n<meta property=\"article:modified_time\" content=\"2026-01-15T10:36:47+00:00\" \/>\n<meta property=\"og:image\" content=\"https:\/\/bos-akademie.de\/wp-content\/uploads\/2025\/03\/Team-scaled.jpg\" \/>\n\t<meta property=\"og:image:width\" content=\"2560\" \/>\n\t<meta property=\"og:image:height\" content=\"1707\" \/>\n\t<meta property=\"og:image:type\" content=\"image\/jpeg\" \/>\n<meta name=\"twitter:card\" content=\"summary_large_image\" \/>\n<meta name=\"twitter:label1\" content=\"Est. reading time\" \/>\n\t<meta name=\"twitter:data1\" content=\"6 minutes\" \/>\n<script type=\"application\/ld+json\" class=\"yoast-schema-graph\">{\"@context\":\"https:\\\/\\\/schema.org\",\"@graph\":[{\"@type\":\"WebPage\",\"@id\":\"https:\\\/\\\/bos-akademie.de\\\/ueber-uns\\\/\",\"url\":\"https:\\\/\\\/bos-akademie.de\\\/ueber-uns\\\/\",\"name\":\"\u00dcber Uns - BOS-Akademie\",\"isPartOf\":{\"@id\":\"https:\\\/\\\/bos-akademie.de\\\/#website\"},\"primaryImageOfPage\":{\"@id\":\"https:\\\/\\\/bos-akademie.de\\\/ueber-uns\\\/#primaryimage\"},\"image\":{\"@id\":\"https:\\\/\\\/bos-akademie.de\\\/ueber-uns\\\/#primaryimage\"},\"thumbnailUrl\":\"https:\\\/\\\/bos-akademie.de\\\/wp-content\\\/uploads\\\/2025\\\/03\\\/Team-scaled.jpg\",\"datePublished\":\"2025-01-31T11:54:47+00:00\",\"dateModified\":\"2026-01-15T10:36:47+00:00\",\"description\":\"\u00dcber uns: Lernen Sie unser Team, unsere Vision und die Mission hinter dem Taktik-Trainer kennen. Von Feuerwehrleuten f\u00fcr Feuerwehrleute.\",\"breadcrumb\":{\"@id\":\"https:\\\/\\\/bos-akademie.de\\\/ueber-uns\\\/#breadcrumb\"},\"inLanguage\":\"en-US\",\"potentialAction\":[{\"@type\":\"ReadAction\",\"target\":[\"https:\\\/\\\/bos-akademie.de\\\/ueber-uns\\\/\"]}]},{\"@type\":\"ImageObject\",\"inLanguage\":\"en-US\",\"@id\":\"https:\\\/\\\/bos-akademie.de\\\/ueber-uns\\\/#primaryimage\",\"url\":\"https:\\\/\\\/bos-akademie.de\\\/wp-content\\\/uploads\\\/2025\\\/03\\\/Team-scaled.jpg\",\"contentUrl\":\"https:\\\/\\\/bos-akademie.de\\\/wp-content\\\/uploads\\\/2025\\\/03\\\/Team-scaled.jpg\"},{\"@type\":\"BreadcrumbList\",\"@id\":\"https:\\\/\\\/bos-akademie.de\\\/ueber-uns\\\/#breadcrumb\",\"itemListElement\":[{\"@type\":\"ListItem\",\"position\":1,\"name\":\"Startseite\",\"item\":\"https:\\\/\\\/bos-akademie.de\\\/\"},{\"@type\":\"ListItem\",\"position\":2,\"name\":\"\u00dcber Uns\"}]},{\"@type\":\"WebSite\",\"@id\":\"https:\\\/\\\/bos-akademie.de\\\/#website\",\"url\":\"https:\\\/\\\/bos-akademie.de\\\/\",\"name\":\"BOS-Akademie\",\"description\":\"\",\"publisher\":{\"@id\":\"https:\\\/\\\/bos-akademie.de\\\/#organization\"},\"potentialAction\":[{\"@type\":\"SearchAction\",\"target\":{\"@type\":\"EntryPoint\",\"urlTemplate\":\"https:\\\/\\\/bos-akademie.de\\\/?s={search_term_string}\"},\"query-input\":{\"@type\":\"PropertyValueSpecification\",\"valueRequired\":true,\"valueName\":\"search_term_string\"}}],\"inLanguage\":\"en-US\"},{\"@type\":\"Organization\",\"@id\":\"https:\\\/\\\/bos-akademie.de\\\/#organization\",\"name\":\"BOS-Akademie\",\"url\":\"https:\\\/\\\/bos-akademie.de\\\/\",\"logo\":{\"@type\":\"ImageObject\",\"inLanguage\":\"en-US\",\"@id\":\"https:\\\/\\\/bos-akademie.de\\\/#\\\/schema\\\/logo\\\/image\\\/\",\"url\":\"https:\\\/\\\/bos-akademie.de\\\/wp-content\\\/uploads\\\/2025\\\/01\\\/cropped-BosAkademieLogo.png\",\"contentUrl\":\"https:\\\/\\\/bos-akademie.de\\\/wp-content\\\/uploads\\\/2025\\\/01\\\/cropped-BosAkademieLogo.png\",\"width\":167,\"height\":112,\"caption\":\"BOS-Akademie\"},\"image\":{\"@id\":\"https:\\\/\\\/bos-akademie.de\\\/#\\\/schema\\\/logo\\\/image\\\/\"}}]}<\/script>\n<!-- \/ Yoast SEO plugin. -->","yoast_head_json":{"title":"\u00dcber Uns - BOS-Akademie","description":"\u00dcber uns: Lernen Sie unser Team, unsere Vision und die Mission hinter dem Taktik-Trainer kennen. Von Feuerwehrleuten f\u00fcr Feuerwehrleute.","robots":{"index":"index","follow":"follow","max-snippet":"max-snippet:-1","max-image-preview":"max-image-preview:large","max-video-preview":"max-video-preview:-1"},"canonical":"https:\/\/bos-akademie.de\/en\/ueber-uns\/","og_locale":"en_US","og_type":"article","og_title":"\u00dcber Uns - BOS-Akademie","og_description":"\u00dcber uns: Lernen Sie unser Team, unsere Vision und die Mission hinter dem Taktik-Trainer kennen. Von Feuerwehrleuten f\u00fcr Feuerwehrleute.","og_url":"https:\/\/bos-akademie.de\/en\/ueber-uns\/","og_site_name":"BOS-Akademie","article_modified_time":"2026-01-15T10:36:47+00:00","og_image":[{"width":2560,"height":1707,"url":"https:\/\/bos-akademie.de\/wp-content\/uploads\/2025\/03\/Team-scaled.jpg","type":"image\/jpeg"}],"twitter_card":"summary_large_image","twitter_misc":{"Est. reading time":"6 minutes"},"schema":{"@context":"https:\/\/schema.org","@graph":[{"@type":"WebPage","@id":"https:\/\/bos-akademie.de\/ueber-uns\/","url":"https:\/\/bos-akademie.de\/ueber-uns\/","name":"\u00dcber Uns - BOS-Akademie","isPartOf":{"@id":"https:\/\/bos-akademie.de\/#website"},"primaryImageOfPage":{"@id":"https:\/\/bos-akademie.de\/ueber-uns\/#primaryimage"},"image":{"@id":"https:\/\/bos-akademie.de\/ueber-uns\/#primaryimage"},"thumbnailUrl":"https:\/\/bos-akademie.de\/wp-content\/uploads\/2025\/03\/Team-scaled.jpg","datePublished":"2025-01-31T11:54:47+00:00","dateModified":"2026-01-15T10:36:47+00:00","description":"\u00dcber uns: Lernen Sie unser Team, unsere Vision und die Mission hinter dem Taktik-Trainer kennen. Von Feuerwehrleuten f\u00fcr Feuerwehrleute.","breadcrumb":{"@id":"https:\/\/bos-akademie.de\/ueber-uns\/#breadcrumb"},"inLanguage":"en-US","potentialAction":[{"@type":"ReadAction","target":["https:\/\/bos-akademie.de\/ueber-uns\/"]}]},{"@type":"ImageObject","inLanguage":"en-US","@id":"https:\/\/bos-akademie.de\/ueber-uns\/#primaryimage","url":"https:\/\/bos-akademie.de\/wp-content\/uploads\/2025\/03\/Team-scaled.jpg","contentUrl":"https:\/\/bos-akademie.de\/wp-content\/uploads\/2025\/03\/Team-scaled.jpg"},{"@type":"BreadcrumbList","@id":"https:\/\/bos-akademie.de\/ueber-uns\/#breadcrumb","itemListElement":[{"@type":"ListItem","position":1,"name":"Startseite","item":"https:\/\/bos-akademie.de\/"},{"@type":"ListItem","position":2,"name":"\u00dcber Uns"}]},{"@type":"WebSite","@id":"https:\/\/bos-akademie.de\/#website","url":"https:\/\/bos-akademie.de\/","name":"BOS-Akademie","description":"","publisher":{"@id":"https:\/\/bos-akademie.de\/#organization"},"potentialAction":[{"@type":"SearchAction","target":{"@type":"EntryPoint","urlTemplate":"https:\/\/bos-akademie.de\/?s={search_term_string}"},"query-input":{"@type":"PropertyValueSpecification","valueRequired":true,"valueName":"search_term_string"}}],"inLanguage":"en-US"},{"@type":"Organization","@id":"https:\/\/bos-akademie.de\/#organization","name":"BOS-Akademie","url":"https:\/\/bos-akademie.de\/","logo":{"@type":"ImageObject","inLanguage":"en-US","@id":"https:\/\/bos-akademie.de\/#\/schema\/logo\/image\/","url":"https:\/\/bos-akademie.de\/wp-content\/uploads\/2025\/01\/cropped-BosAkademieLogo.png","contentUrl":"https:\/\/bos-akademie.de\/wp-content\/uploads\/2025\/01\/cropped-BosAkademieLogo.png","width":167,"height":112,"caption":"BOS-Akademie"},"image":{"@id":"https:\/\/bos-akademie.de\/#\/schema\/logo\/image\/"}}]}},"_links":{"self":[{"href":"https:\/\/bos-akademie.de\/en\/wp-json\/wp\/v2\/pages\/140","targetHints":{"allow":["GET"]}}],"collection":[{"href":"https:\/\/bos-akademie.de\/en\/wp-json\/wp\/v2\/pages"}],"about":[{"href":"https:\/\/bos-akademie.de\/en\/wp-json\/wp\/v2\/types\/page"}],"author":[{"embeddable":true,"href":"https:\/\/bos-akademie.de\/en\/wp-json\/wp\/v2\/users\/1"}],"replies":[{"embeddable":true,"href":"https:\/\/bos-akademie.de\/en\/wp-json\/wp\/v2\/comments?post=140"}],"version-history":[{"count":105,"href":"https:\/\/bos-akademie.de\/en\/wp-json\/wp\/v2\/pages\/140\/revisions"}],"predecessor-version":[{"id":7121,"href":"https:\/\/bos-akademie.de\/en\/wp-json\/wp\/v2\/pages\/140\/revisions\/7121"}],"wp:attachment":[{"href":"https:\/\/bos-akademie.de\/en\/wp-json\/wp\/v2\/media?parent=140"}],"curies":[{"name":"wp","href":"https:\/\/api.w.org\/{rel}","templated":true}]}}