{"id":2977,"date":"2025-04-29T06:47:55","date_gmt":"2025-04-29T06:47:55","guid":{"rendered":"https:\/\/bos-akademie.de\/?page_id=2977"},"modified":"2025-06-03T11:53:27","modified_gmt":"2025-06-03T11:53:27","slug":"anleitungen-downloads","status":"publish","type":"page","link":"https:\/\/bos-akademie.de\/en\/anleitungen-downloads\/","title":{"rendered":"Anleitungen &amp; Downloads"},"content":{"rendered":"\n<div class=\"wp-block-group alignfull\"><div class=\"wp-block-group__inner-container is-layout-constrained wp-block-group-is-layout-constrained\">\n<div class=\"wp-block-group\" style=\"padding-right:20%;padding-left:20%\"><div class=\"wp-block-group__inner-container is-layout-constrained wp-container-core-group-is-layout-4ffa829d wp-block-group-is-layout-constrained\">\n<p>Auf dieser Seite finden Sie verschiedene <strong>Bedienungsanleitungen<\/strong>, <strong>Montagehinweise<\/strong> und <strong>erg\u00e4nzende Dokumente<\/strong> zu unseren Produkten.<\/p>\n\n\n\n<p>Alle Dateien stehen Ihnen auch als PDF-Download zur Verf\u00fcgung.<br>Bitte w\u00e4hlen Sie das passende Dokument aus der Liste aus.<\/p>\n\n\n\n<div style=\"height:40px\" aria-hidden=\"true\" class=\"wp-block-spacer\"><\/div>\n\n\n\n<h2 class=\"wp-block-heading\" style=\"font-size:32px\">Allgemeine Downloads<\/h2>\n\n\n\n<hr class=\"wp-block-separator aligncenter has-text-color has-alpha-channel-opacity has-background is-style-wide\" style=\"background-color:#3131310f;color:#3131310f\"\/>\n<\/div><\/div>\n<\/div><\/div>\n\n\n\n<div class=\"wp-block-group alignfull\"><div class=\"wp-block-group__inner-container is-layout-constrained wp-block-group-is-layout-constrained\">\n<div style=\"height:5px\" aria-hidden=\"true\" class=\"wp-block-spacer\"><\/div>\n\n\n\n<div class=\"wp-block-group\" style=\"padding-right:20%;padding-left:20%\"><div class=\"wp-block-group__inner-container is-layout-constrained wp-container-core-group-is-layout-4ffa829d wp-block-group-is-layout-constrained\">\n<p><strong>Benutzerhandbuch<\/strong> <strong>Taktik-Trainer<\/strong> (PDF, 1\u202fMB)<\/p>\n\n\n\n<a href=\"https:\/\/bos-akademie.de\/wp-content\/uploads\/2025\/04\/Benutzerhandbuch.pdf\" target=\"_blank\">[Im Browser \u00f6ffnen]<\/a> &nbsp;&nbsp;|&nbsp;&nbsp; <a href=\"https:\/\/bos-akademie.de\/wp-content\/uploads\/2025\/04\/Benutzerhandbuch.pdf\" download>[Jetzt herunterladen]<\/a>\n\n\n\n<div style=\"height:5px\" aria-hidden=\"true\" class=\"wp-block-spacer\"><\/div>\n<\/div><\/div>\n<\/div><\/div>\n\n\n\n<div class=\"wp-block-group alignfull has-background\" style=\"background-color:#3131310f\"><div class=\"wp-block-group__inner-container is-layout-constrained wp-block-group-is-layout-constrained\">\n<div style=\"height:10px\" aria-hidden=\"true\" class=\"wp-block-spacer\"><\/div>\n\n\n\n<div class=\"wp-block-group\" style=\"padding-right:20%;padding-left:20%\"><div class=\"wp-block-group__inner-container is-layout-constrained wp-container-core-group-is-layout-4ffa829d wp-block-group-is-layout-constrained\">\n<p><strong>Aufbauanleitung Taktik-Trainer<\/strong> (PDF, 1\u202fMB)<\/p>\n\n\n\n<a href=\"https:\/\/bos-akademie.de\/wp-content\/uploads\/2025\/04\/Aufbauanleitung.pdf\" target=\"_blank\">[Im Browser \u00f6ffnen]<\/a> &nbsp;&nbsp;|&nbsp;&nbsp; <a href=\"https:\/\/bos-akademie.de\/wp-content\/uploads\/2025\/04\/Aufbauanleitung.pdf\" download>[Jetzt herunterladen]<\/a>\n\n\n\n<div style=\"height:5px\" aria-hidden=\"true\" class=\"wp-block-spacer\"><\/div>\n<\/div><\/div>\n<\/div><\/div>\n\n\n\n<div class=\"wp-block-group alignfull\"><div class=\"wp-block-group__inner-container is-layout-constrained wp-block-group-is-layout-constrained\">\n<div style=\"height:5px\" aria-hidden=\"true\" class=\"wp-block-spacer\"><\/div>\n\n\n\n<div class=\"wp-block-group\" style=\"padding-right:20%;padding-left:20%\"><div class=\"wp-block-group__inner-container is-layout-constrained wp-container-core-group-is-layout-4ffa829d wp-block-group-is-layout-constrained\">\n<p><strong>Schritt-f\u00fcr-Schritt-Erkl\u00e4rvideo zum Aufbau des Taktik-Trainers<\/strong> (YouTube-Video)<\/p>\n\n\n\n<a href=\"https:\/\/www.youtube.com\/watch?v=WT85e4cbUtY\" target=\"_blank\">[Zum Erkl\u00e4rvideo]<\/a> &nbsp;&nbsp;&nbsp;\n\n\n\n<div style=\"height:5px\" aria-hidden=\"true\" class=\"wp-block-spacer\"><\/div>\n<\/div><\/div>\n<\/div><\/div>\n\n\n\n<div class=\"wp-block-group alignfull has-background\" style=\"background-color:#3131310f\"><div class=\"wp-block-group__inner-container is-layout-constrained wp-block-group-is-layout-constrained\">\n<div style=\"height:10px\" aria-hidden=\"true\" class=\"wp-block-spacer\"><\/div>\n\n\n\n<div class=\"wp-block-group\" style=\"padding-right:20%;padding-left:20%\"><div class=\"wp-block-group__inner-container is-layout-constrained wp-container-core-group-is-layout-4ffa829d wp-block-group-is-layout-constrained\">\n<p><strong>Merkblatt zum Aufbau des Zwischenbodens<\/strong> (PDF, 0,9MB)<\/p>\n\n\n\n<a href=\"https:\/\/bos-akademie.de\/wp-content\/uploads\/2025\/05\/Merkblatt_Zwischenboden.pdf\" target=\"_blank\">[Im Browser \u00f6ffnen]<\/a> &nbsp;&nbsp;|&nbsp;&nbsp; <a href=\"https:\/\/bos-akademie.de\/wp-content\/uploads\/2025\/05\/Merkblatt_Zwischenboden.pdf\" download>[Jetzt herunterladen]<\/a>\n\n\n\n<div style=\"height:5px\" aria-hidden=\"true\" class=\"wp-block-spacer\"><\/div>\n<\/div><\/div>\n<\/div><\/div>\n\n\n\n<div class=\"wp-block-group alignfull\"><div class=\"wp-block-group__inner-container is-layout-constrained wp-block-group-is-layout-constrained\">\n<div style=\"height:5px\" aria-hidden=\"true\" class=\"wp-block-spacer\"><\/div>\n\n\n\n<div class=\"wp-block-group\" style=\"padding-right:20%;padding-left:20%\"><div class=\"wp-block-group__inner-container is-layout-constrained wp-container-core-group-is-layout-4ffa829d wp-block-group-is-layout-constrained\">\n<p><strong>Merkblatt zum Aufbau des Satteldachs<\/strong> (PDF, 1MB)<\/p>\n\n\n\n<a href=\"https:\/\/bos-akademie.de\/wp-content\/uploads\/2025\/05\/Merkblatt_Satteldach.pdf\" target=\"_blank\">[Im Browser \u00f6ffnen]<\/a> &nbsp;&nbsp;|&nbsp;&nbsp; <a href=\"https:\/\/bos-akademie.de\/wp-content\/uploads\/2025\/05\/Merkblatt_Satteldach.pdf\" download>[Jetzt herunterladen]<\/a>\n\n\n\n<div style=\"height:5px\" aria-hidden=\"true\" class=\"wp-block-spacer\"><\/div>\n<\/div><\/div>\n<\/div><\/div>\n\n\n\n<div class=\"wp-block-group alignfull has-background\" style=\"background-color:#3131310f\"><div class=\"wp-block-group__inner-container is-layout-constrained wp-block-group-is-layout-constrained\">\n<div style=\"height:10px\" aria-hidden=\"true\" class=\"wp-block-spacer\"><\/div>\n\n\n\n<div class=\"wp-block-group\" style=\"padding-right:20%;padding-left:20%\"><div class=\"wp-block-group__inner-container is-layout-constrained wp-container-core-group-is-layout-4ffa829d wp-block-group-is-layout-constrained\">\n<p><strong>Merkblatt zum Aufbau der Kellerumrandung<\/strong> (PDF, 0,9MB)<\/p>\n\n\n\n<a href=\"https:\/\/bos-akademie.de\/wp-content\/uploads\/2025\/05\/Merkblatt_Keller.pdf\" target=\"_blank\">[Im Browser \u00f6ffnen]<\/a> &nbsp;&nbsp;|&nbsp;&nbsp; <a href=\"https:\/\/bos-akademie.de\/wp-content\/uploads\/2025\/05\/Merkblatt_Keller.pdf\" download>[Jetzt herunterladen]<\/a>\n\n\n\n<div style=\"height:5px\" aria-hidden=\"true\" class=\"wp-block-spacer\"><\/div>\n<\/div><\/div>\n<\/div><\/div>\n\n\n\n<div class=\"wp-block-group alignfull\"><div class=\"wp-block-group__inner-container is-layout-constrained wp-block-group-is-layout-constrained\">\n<div style=\"height:5px\" aria-hidden=\"true\" class=\"wp-block-spacer\"><\/div>\n\n\n\n<div class=\"wp-block-group\" style=\"padding-right:20%;padding-left:20%\"><div class=\"wp-block-group__inner-container is-layout-constrained wp-container-core-group-is-layout-4ffa829d wp-block-group-is-layout-constrained\">\n<p><strong>Anleitung zur Bef\u00fcllung des Rauchgenerators<\/strong> (PDF, 1MB)<\/p>\n\n\n\n<a href=\"https:\/\/bos-akademie.de\/wp-content\/uploads\/2025\/06\/Anleitung_Befuellen_Rauchgenerator.pdf\" target=\"_blank\">[Im Browser \u00f6ffnen]<\/a> &nbsp;&nbsp;|&nbsp;&nbsp; <a href=\"https:\/\/bos-akademie.de\/wp-content\/uploads\/2025\/06\/Anleitung_Befuellen_Rauchgenerator.pdf\" download>[Jetzt herunterladen]<\/a>\n\n\n\n<div style=\"height:5px\" aria-hidden=\"true\" class=\"wp-block-spacer\"><\/div>\n<\/div><\/div>\n<\/div><\/div>\n\n\n\n<div class=\"wp-block-group alignfull\"><div class=\"wp-block-group__inner-container is-layout-constrained wp-block-group-is-layout-constrained\">\n<div class=\"wp-block-group\" style=\"padding-right:20%;padding-left:20%\"><div class=\"wp-block-group__inner-container is-layout-constrained wp-container-core-group-is-layout-4ffa829d wp-block-group-is-layout-constrained\">\n<div style=\"height:40px\" aria-hidden=\"true\" class=\"wp-block-spacer\"><\/div>\n\n\n\n<h2 class=\"wp-block-heading\" style=\"font-size:32px\">Grundrisse<\/h2>\n\n\n\n<hr class=\"wp-block-separator aligncenter has-text-color has-alpha-channel-opacity has-background is-style-wide\" style=\"background-color:#3131310f;color:#3131310f\"\/>\n<\/div><\/div>\n<\/div><\/div>\n\n\n\n<div class=\"wp-block-group alignfull\"><div class=\"wp-block-group__inner-container is-layout-constrained wp-block-group-is-layout-constrained\">\n<div style=\"height:6px\" aria-hidden=\"true\" class=\"wp-block-spacer\"><\/div>\n\n\n\n<div class=\"wp-block-group\" style=\"padding-right:20%;padding-left:20%\"><div class=\"wp-block-group__inner-container is-layout-constrained wp-container-core-group-is-layout-4ffa829d wp-block-group-is-layout-constrained\">\n<div class=\"wp-block-columns is-layout-flex wp-container-core-columns-is-layout-28f84493 wp-block-columns-is-layout-flex\">\n<div class=\"wp-block-column is-layout-flow wp-block-column-is-layout-flow\" style=\"flex-basis:25%\">\n<figure class=\"wp-block-image size-large is-resized\"><img loading=\"lazy\" decoding=\"async\" width=\"1024\" height=\"936\" src=\"https:\/\/bos-akademie.de\/wp-content\/uploads\/2025\/04\/TitelbildAgathe-1024x936.png\" alt=\"Titelbild Agathe\" class=\"wp-image-3108\" style=\"width:200px\" srcset=\"https:\/\/bos-akademie.de\/wp-content\/uploads\/2025\/04\/TitelbildAgathe-1024x936.png 1024w, https:\/\/bos-akademie.de\/wp-content\/uploads\/2025\/04\/TitelbildAgathe-300x274.png 300w, https:\/\/bos-akademie.de\/wp-content\/uploads\/2025\/04\/TitelbildAgathe-768x702.png 768w, https:\/\/bos-akademie.de\/wp-content\/uploads\/2025\/04\/TitelbildAgathe-1536x1404.png 1536w, https:\/\/bos-akademie.de\/wp-content\/uploads\/2025\/04\/TitelbildAgathe-1320x1207.png 1320w, https:\/\/bos-akademie.de\/wp-content\/uploads\/2025\/04\/TitelbildAgathe-600x548.png 600w, https:\/\/bos-akademie.de\/wp-content\/uploads\/2025\/04\/TitelbildAgathe.png 1560w\" sizes=\"auto, (max-width: 1024px) 100vw, 1024px\" \/><\/figure>\n<\/div>\n\n\n\n<div class=\"wp-block-column is-vertically-aligned-center is-layout-flow wp-block-column-is-layout-flow\" style=\"flex-basis:66.66%\">\n<p><strong>Einfamilienhaus &#8222;Agathe&#8220;<\/strong> (PDF, 2MB)<br>Einfamilienhaus mit <strong>Grundriss 4&#215;5<\/strong> und optional mit <strong>Satteldach 4&#215;5<\/strong><\/p>\n\n\n\n<a href=\"https:\/\/bos-akademie.de\/wp-content\/uploads\/2025\/04\/Grundriss_Agathe.pdf\" target=\"_blank\">[Im Browser \u00f6ffnen]<\/a> &nbsp;&nbsp;|&nbsp;&nbsp; <a href=\"https:\/\/bos-akademie.de\/wp-content\/uploads\/2025\/04\/Grundriss_Agathe.pdf\" download>[Jetzt herunterladen]<\/a>\n<\/div>\n<\/div>\n<\/div><\/div>\n\n\n\n<div style=\"height:6px\" aria-hidden=\"true\" class=\"wp-block-spacer\"><\/div>\n<\/div><\/div>\n\n\n\n<div style=\"height:100px\" aria-hidden=\"true\" class=\"wp-block-spacer\"><\/div>\n","protected":false},"excerpt":{"rendered":"<p>Auf dieser Seite finden Sie verschiedene Bedienungsanleitungen, Montagehinweise und erg\u00e4nzende Dokumente zu unseren Produkten. Alle Dateien stehen Ihnen auch als PDF-Download zur Verf\u00fcgung.Bitte w\u00e4hlen Sie das passende Dokument aus der Liste aus. Allgemeine Downloads Benutzerhandbuch Taktik-Trainer (PDF, 1\u202fMB) [Im Browser \u00f6ffnen] &nbsp;&nbsp;|&nbsp;&nbsp; [Jetzt herunterladen] Aufbauanleitung Taktik-Trainer (PDF, 1\u202fMB) [Im Browser [&hellip;]<\/p>\n","protected":false},"author":6,"featured_media":0,"parent":0,"menu_order":0,"comment_status":"closed","ping_status":"closed","template":"","meta":{"footnotes":""},"class_list":["post-2977","page","type-page","status-publish","hentry"],"yoast_head":"<!-- This site is optimized with the Yoast SEO plugin v27.5 - https:\/\/yoast.com\/product\/yoast-seo-wordpress\/ -->\n<title>Anleitungen &amp; Downloads - BOS-Akademie<\/title>\n<meta name=\"robots\" content=\"index, follow, max-snippet:-1, max-image-preview:large, max-video-preview:-1\" \/>\n<link rel=\"canonical\" href=\"https:\/\/bos-akademie.de\/en\/anleitungen-downloads\/\" \/>\n<meta property=\"og:locale\" content=\"en_US\" \/>\n<meta property=\"og:type\" content=\"article\" \/>\n<meta property=\"og:title\" content=\"Anleitungen &amp; Downloads - BOS-Akademie\" \/>\n<meta property=\"og:description\" content=\"Auf dieser Seite finden Sie verschiedene Bedienungsanleitungen, Montagehinweise und erg\u00e4nzende Dokumente zu unseren Produkten. Alle Dateien stehen Ihnen auch als PDF-Download zur Verf\u00fcgung.Bitte w\u00e4hlen Sie das passende Dokument aus der Liste aus. Allgemeine Downloads Benutzerhandbuch Taktik-Trainer (PDF, 1\u202fMB) [Im Browser \u00f6ffnen] &nbsp;&nbsp;|&nbsp;&nbsp; [Jetzt herunterladen] Aufbauanleitung Taktik-Trainer (PDF, 1\u202fMB) [Im Browser [&hellip;]\" \/>\n<meta property=\"og:url\" content=\"https:\/\/bos-akademie.de\/en\/anleitungen-downloads\/\" \/>\n<meta property=\"og:site_name\" content=\"BOS-Akademie\" \/>\n<meta property=\"article:modified_time\" content=\"2025-06-03T11:53:27+00:00\" \/>\n<meta property=\"og:image\" content=\"https:\/\/bos-akademie.de\/wp-content\/uploads\/2025\/04\/TitelbildAgathe.png\" \/>\n\t<meta property=\"og:image:width\" content=\"1560\" \/>\n\t<meta property=\"og:image:height\" content=\"1426\" \/>\n\t<meta property=\"og:image:type\" content=\"image\/png\" \/>\n<meta name=\"twitter:card\" content=\"summary_large_image\" \/>\n<meta name=\"twitter:label1\" content=\"Est. reading time\" \/>\n\t<meta name=\"twitter:data1\" content=\"1 minute\" \/>\n<script type=\"application\/ld+json\" class=\"yoast-schema-graph\">{\"@context\":\"https:\\\/\\\/schema.org\",\"@graph\":[{\"@type\":\"WebPage\",\"@id\":\"https:\\\/\\\/bos-akademie.de\\\/anleitungen-downloads\\\/\",\"url\":\"https:\\\/\\\/bos-akademie.de\\\/anleitungen-downloads\\\/\",\"name\":\"Anleitungen &amp; Downloads - BOS-Akademie\",\"isPartOf\":{\"@id\":\"https:\\\/\\\/bos-akademie.de\\\/#website\"},\"primaryImageOfPage\":{\"@id\":\"https:\\\/\\\/bos-akademie.de\\\/anleitungen-downloads\\\/#primaryimage\"},\"image\":{\"@id\":\"https:\\\/\\\/bos-akademie.de\\\/anleitungen-downloads\\\/#primaryimage\"},\"thumbnailUrl\":\"https:\\\/\\\/bos-akademie.de\\\/wp-content\\\/uploads\\\/2025\\\/04\\\/TitelbildAgathe-1024x936.png\",\"datePublished\":\"2025-04-29T06:47:55+00:00\",\"dateModified\":\"2025-06-03T11:53:27+00:00\",\"breadcrumb\":{\"@id\":\"https:\\\/\\\/bos-akademie.de\\\/anleitungen-downloads\\\/#breadcrumb\"},\"inLanguage\":\"en-US\",\"potentialAction\":[{\"@type\":\"ReadAction\",\"target\":[\"https:\\\/\\\/bos-akademie.de\\\/anleitungen-downloads\\\/\"]}]},{\"@type\":\"ImageObject\",\"inLanguage\":\"en-US\",\"@id\":\"https:\\\/\\\/bos-akademie.de\\\/anleitungen-downloads\\\/#primaryimage\",\"url\":\"https:\\\/\\\/bos-akademie.de\\\/wp-content\\\/uploads\\\/2025\\\/04\\\/TitelbildAgathe-1024x936.png\",\"contentUrl\":\"https:\\\/\\\/bos-akademie.de\\\/wp-content\\\/uploads\\\/2025\\\/04\\\/TitelbildAgathe-1024x936.png\"},{\"@type\":\"BreadcrumbList\",\"@id\":\"https:\\\/\\\/bos-akademie.de\\\/anleitungen-downloads\\\/#breadcrumb\",\"itemListElement\":[{\"@type\":\"ListItem\",\"position\":1,\"name\":\"Startseite\",\"item\":\"https:\\\/\\\/bos-akademie.de\\\/\"},{\"@type\":\"ListItem\",\"position\":2,\"name\":\"Anleitungen &amp; Downloads\"}]},{\"@type\":\"WebSite\",\"@id\":\"https:\\\/\\\/bos-akademie.de\\\/#website\",\"url\":\"https:\\\/\\\/bos-akademie.de\\\/\",\"name\":\"BOS-Akademie\",\"description\":\"\",\"publisher\":{\"@id\":\"https:\\\/\\\/bos-akademie.de\\\/#organization\"},\"potentialAction\":[{\"@type\":\"SearchAction\",\"target\":{\"@type\":\"EntryPoint\",\"urlTemplate\":\"https:\\\/\\\/bos-akademie.de\\\/?s={search_term_string}\"},\"query-input\":{\"@type\":\"PropertyValueSpecification\",\"valueRequired\":true,\"valueName\":\"search_term_string\"}}],\"inLanguage\":\"en-US\"},{\"@type\":\"Organization\",\"@id\":\"https:\\\/\\\/bos-akademie.de\\\/#organization\",\"name\":\"BOS-Akademie\",\"url\":\"https:\\\/\\\/bos-akademie.de\\\/\",\"logo\":{\"@type\":\"ImageObject\",\"inLanguage\":\"en-US\",\"@id\":\"https:\\\/\\\/bos-akademie.de\\\/#\\\/schema\\\/logo\\\/image\\\/\",\"url\":\"https:\\\/\\\/bos-akademie.de\\\/wp-content\\\/uploads\\\/2025\\\/01\\\/cropped-BosAkademieLogo.png\",\"contentUrl\":\"https:\\\/\\\/bos-akademie.de\\\/wp-content\\\/uploads\\\/2025\\\/01\\\/cropped-BosAkademieLogo.png\",\"width\":167,\"height\":112,\"caption\":\"BOS-Akademie\"},\"image\":{\"@id\":\"https:\\\/\\\/bos-akademie.de\\\/#\\\/schema\\\/logo\\\/image\\\/\"}}]}<\/script>\n<!-- \/ Yoast SEO plugin. -->","yoast_head_json":{"title":"Anleitungen &amp; Downloads - BOS-Akademie","robots":{"index":"index","follow":"follow","max-snippet":"max-snippet:-1","max-image-preview":"max-image-preview:large","max-video-preview":"max-video-preview:-1"},"canonical":"https:\/\/bos-akademie.de\/en\/anleitungen-downloads\/","og_locale":"en_US","og_type":"article","og_title":"Anleitungen &amp; Downloads - BOS-Akademie","og_description":"Auf dieser Seite finden Sie verschiedene Bedienungsanleitungen, Montagehinweise und erg\u00e4nzende Dokumente zu unseren Produkten. Alle Dateien stehen Ihnen auch als PDF-Download zur Verf\u00fcgung.Bitte w\u00e4hlen Sie das passende Dokument aus der Liste aus. Allgemeine Downloads Benutzerhandbuch Taktik-Trainer (PDF, 1\u202fMB) [Im Browser \u00f6ffnen] &nbsp;&nbsp;|&nbsp;&nbsp; [Jetzt herunterladen] Aufbauanleitung Taktik-Trainer (PDF, 1\u202fMB) [Im Browser [&hellip;]","og_url":"https:\/\/bos-akademie.de\/en\/anleitungen-downloads\/","og_site_name":"BOS-Akademie","article_modified_time":"2025-06-03T11:53:27+00:00","og_image":[{"width":1560,"height":1426,"url":"https:\/\/bos-akademie.de\/wp-content\/uploads\/2025\/04\/TitelbildAgathe.png","type":"image\/png"}],"twitter_card":"summary_large_image","twitter_misc":{"Est. reading time":"1 minute"},"schema":{"@context":"https:\/\/schema.org","@graph":[{"@type":"WebPage","@id":"https:\/\/bos-akademie.de\/anleitungen-downloads\/","url":"https:\/\/bos-akademie.de\/anleitungen-downloads\/","name":"Anleitungen &amp; Downloads - BOS-Akademie","isPartOf":{"@id":"https:\/\/bos-akademie.de\/#website"},"primaryImageOfPage":{"@id":"https:\/\/bos-akademie.de\/anleitungen-downloads\/#primaryimage"},"image":{"@id":"https:\/\/bos-akademie.de\/anleitungen-downloads\/#primaryimage"},"thumbnailUrl":"https:\/\/bos-akademie.de\/wp-content\/uploads\/2025\/04\/TitelbildAgathe-1024x936.png","datePublished":"2025-04-29T06:47:55+00:00","dateModified":"2025-06-03T11:53:27+00:00","breadcrumb":{"@id":"https:\/\/bos-akademie.de\/anleitungen-downloads\/#breadcrumb"},"inLanguage":"en-US","potentialAction":[{"@type":"ReadAction","target":["https:\/\/bos-akademie.de\/anleitungen-downloads\/"]}]},{"@type":"ImageObject","inLanguage":"en-US","@id":"https:\/\/bos-akademie.de\/anleitungen-downloads\/#primaryimage","url":"https:\/\/bos-akademie.de\/wp-content\/uploads\/2025\/04\/TitelbildAgathe-1024x936.png","contentUrl":"https:\/\/bos-akademie.de\/wp-content\/uploads\/2025\/04\/TitelbildAgathe-1024x936.png"},{"@type":"BreadcrumbList","@id":"https:\/\/bos-akademie.de\/anleitungen-downloads\/#breadcrumb","itemListElement":[{"@type":"ListItem","position":1,"name":"Startseite","item":"https:\/\/bos-akademie.de\/"},{"@type":"ListItem","position":2,"name":"Anleitungen &amp; Downloads"}]},{"@type":"WebSite","@id":"https:\/\/bos-akademie.de\/#website","url":"https:\/\/bos-akademie.de\/","name":"BOS-Akademie","description":"","publisher":{"@id":"https:\/\/bos-akademie.de\/#organization"},"potentialAction":[{"@type":"SearchAction","target":{"@type":"EntryPoint","urlTemplate":"https:\/\/bos-akademie.de\/?s={search_term_string}"},"query-input":{"@type":"PropertyValueSpecification","valueRequired":true,"valueName":"search_term_string"}}],"inLanguage":"en-US"},{"@type":"Organization","@id":"https:\/\/bos-akademie.de\/#organization","name":"BOS-Akademie","url":"https:\/\/bos-akademie.de\/","logo":{"@type":"ImageObject","inLanguage":"en-US","@id":"https:\/\/bos-akademie.de\/#\/schema\/logo\/image\/","url":"https:\/\/bos-akademie.de\/wp-content\/uploads\/2025\/01\/cropped-BosAkademieLogo.png","contentUrl":"https:\/\/bos-akademie.de\/wp-content\/uploads\/2025\/01\/cropped-BosAkademieLogo.png","width":167,"height":112,"caption":"BOS-Akademie"},"image":{"@id":"https:\/\/bos-akademie.de\/#\/schema\/logo\/image\/"}}]}},"_links":{"self":[{"href":"https:\/\/bos-akademie.de\/en\/wp-json\/wp\/v2\/pages\/2977","targetHints":{"allow":["GET"]}}],"collection":[{"href":"https:\/\/bos-akademie.de\/en\/wp-json\/wp\/v2\/pages"}],"about":[{"href":"https:\/\/bos-akademie.de\/en\/wp-json\/wp\/v2\/types\/page"}],"author":[{"embeddable":true,"href":"https:\/\/bos-akademie.de\/en\/wp-json\/wp\/v2\/users\/6"}],"replies":[{"embeddable":true,"href":"https:\/\/bos-akademie.de\/en\/wp-json\/wp\/v2\/comments?post=2977"}],"version-history":[{"count":94,"href":"https:\/\/bos-akademie.de\/en\/wp-json\/wp\/v2\/pages\/2977\/revisions"}],"predecessor-version":[{"id":3205,"href":"https:\/\/bos-akademie.de\/en\/wp-json\/wp\/v2\/pages\/2977\/revisions\/3205"}],"wp:attachment":[{"href":"https:\/\/bos-akademie.de\/en\/wp-json\/wp\/v2\/media?parent=2977"}],"curies":[{"name":"wp","href":"https:\/\/api.w.org\/{rel}","templated":true}]}}