{"id":72,"date":"2025-01-30T15:10:21","date_gmt":"2025-01-30T15:10:21","guid":{"rendered":"https:\/\/bos-akademie.de\/?page_id=72"},"modified":"2025-03-17T14:57:34","modified_gmt":"2025-03-17T14:57:34","slug":"impressum","status":"publish","type":"page","link":"https:\/\/bos-akademie.de\/en\/impressum\/","title":{"rendered":"Imprint"},"content":{"rendered":"\n<div class=\"wp-block-group alignfull\"><div class=\"wp-block-group__inner-container is-layout-constrained wp-block-group-is-layout-constrained\">\n<div class=\"wp-block-group\" style=\"padding-right:20%;padding-left:20%\"><div class=\"wp-block-group__inner-container is-layout-constrained wp-container-core-group-is-layout-4ffa829d wp-block-group-is-layout-constrained\">\n<h3 class=\"wp-block-heading\">Inhaltlich Verantwortlich:<\/h3>\n\n\n\n<p><strong>Bollin Consulting GmbH<\/strong><br>Sebaldstra\u00dfe 23<br>73525 Schw\u00e4bisch Gm\u00fcnd<\/p>\n\n\n\n<p><strong>Handelsregister:<\/strong>&nbsp;HRB 702154<br><strong>Registergericht:<\/strong>&nbsp;Amtsgericht Ulm<\/p>\n\n\n\n<p><strong>Vertreten durch:<\/strong><br>Gesch\u00e4ftsf\u00fchrer:&nbsp;<strong>Sascha Bollin<\/strong><\/p>\n\n\n\n<h2 class=\"wp-block-heading\"><strong>Kontakt<\/strong><\/h2>\n\n\n\n<p>Telefon: 07171 \u2013 99 810 31<br>Telefax: 07171 \u2013 99 810 33<br>E-Mail:\u00a0<a>info@bos-akademie.de<\/a><br>Website:\u00a0<a href=\"http:\/\/www.bos-akademie.de\">www.bos-akademie.de<\/a><\/p>\n\n\n\n<h2 class=\"wp-block-heading\"><strong>Umsatzsteuer-ID<\/strong><\/h2>\n\n\n\n<p>Umsatzsteuer-Identifikationsnummer gem\u00e4\u00df \u00a7 27 a Umsatzsteuergesetz:<br><strong>DE 238 180 834<\/strong><\/p>\n\n\n\n<hr class=\"wp-block-separator has-alpha-channel-opacity\"\/>\n\n\n\n<h2 class=\"wp-block-heading\"><strong>Rechtliche Hinweise &amp; Haftungsausschluss<\/strong><\/h2>\n\n\n\n<h3 class=\"wp-block-heading\"><strong>1. Haftung f\u00fcr Inhalte &amp; Links<\/strong><\/h3>\n\n\n\n<p>Wir sind gem\u00e4\u00df \u00a7 7 Abs.1 TMG f\u00fcr eigene Inhalte auf diesen Seiten nach den allgemeinen Gesetzen verantwortlich. Wir haben alle bereitgestellten Informationen sorgf\u00e4ltig gepr\u00fcft, \u00fcbernehmen jedoch keine Gew\u00e4hr f\u00fcr deren Aktualit\u00e4t, Vollst\u00e4ndigkeit oder Richtigkeit.<\/p>\n\n\n\n<p>Unsere Website enth\u00e4lt Links zu externen Websites Dritter. Auf deren Inhalte haben wir keinen Einfluss und k\u00f6nnen daf\u00fcr keine Haftung \u00fcbernehmen. Zum Zeitpunkt der Verlinkung wurden die Inhalte gepr\u00fcft, eine permanente inhaltliche Kontrolle ist jedoch nicht m\u00f6glich. Falls uns Rechtsverst\u00f6\u00dfe bekannt werden, entfernen wir die betroffenen Links umgehend.<\/p>\n\n\n\n<h3 class=\"wp-block-heading\"><strong>2. Urheberrecht &amp; Nutzungsbedingungen<\/strong><\/h3>\n\n\n\n<p>Die Inhalte dieser Website (Texte, Bilder, Grafiken, Layout) unterliegen dem deutschen Urheberrecht. Jegliche Vervielf\u00e4ltigung, Bearbeitung oder Verbreitung bedarf einer schriftlichen Genehmigung des jeweiligen Autors oder Erstellers. Downloads und Kopien dieser Seite sind nur f\u00fcr den privaten, nicht kommerziellen Gebrauch gestattet.<\/p>\n\n\n\n<h3 class=\"wp-block-heading\"><strong>3. Technische Hinweise<\/strong><\/h3>\n\n\n\n<p>Wir sind bem\u00fcht, die Website jederzeit erreichbar und nutzbar zu halten. Dennoch kann es zu technischen St\u00f6rungen kommen. Die Nutzung erfolgt auf eigene Gefahr, insbesondere f\u00fcr die Kompatibilit\u00e4t mit individuellen Softwareeinstellungen oder Browsern \u00fcbernehmen wir keine Verantwortung.<\/p>\n\n\n\n<hr class=\"wp-block-separator has-alpha-channel-opacity\"\/>\n\n\n\n<h2 class=\"wp-block-heading\"><strong>EU-Streitschlichtung<\/strong><\/h2>\n\n\n\n<p>Die Europ\u00e4ische Kommission stellt eine Plattform zur Online-Streitbeilegung (OS) bereit:<br><a href=\"https:\/\/ec.europa.eu\/consumers\/odr\/\">https:\/\/ec.europa.eu\/consumers\/odr\/<\/a><\/p>\n\n\n\n<p>Unsere E-Mail-Adresse finden Sie oben im Impressum.<\/p>\n\n\n\n<hr class=\"wp-block-separator has-alpha-channel-opacity\"\/>\n\n\n\n<h2 class=\"wp-block-heading\"><strong>Verbraucherstreitbeilegung \/ Universalschlichtungsstelle<\/strong><\/h2>\n\n\n\n<p>Wir sind nicht bereit oder verpflichtet, an Streitbeilegungsverfahren vor einer Verbraucherschlichtungsstelle teilzunehmen.<\/p>\n\n\n\n<hr class=\"wp-block-separator has-alpha-channel-opacity\"\/>\n\n\n\n<p>Informationen zum Datenschutz finden sie hier. [<a href=\"https:\/\/bos-akademie.de\/datenschutzerklaerung\/\" data-type=\"page\" data-id=\"68\">Datenschutzerkl\u00e4rung<\/a>]<\/p>\n\n\n\n<p><strong>Letzte Aktualisierung:<\/strong>&nbsp;[12.02.2025]<\/p>\n\n\n\n<div style=\"height:20px\" aria-hidden=\"true\" class=\"wp-block-spacer\"><\/div>\n<\/div><\/div>\n<\/div><\/div>\n","protected":false},"excerpt":{"rendered":"<p>Inhaltlich Verantwortlich: Bollin Consulting GmbHSebaldstra\u00dfe 2373525 Schw\u00e4bisch Gm\u00fcnd Handelsregister:&nbsp;HRB 702154Registergericht:&nbsp;Amtsgericht Ulm Vertreten durch:Gesch\u00e4ftsf\u00fchrer:&nbsp;Sascha Bollin Kontakt Telefon: 07171 \u2013 99 810 31Telefax: 07171 \u2013 99 810 33E-Mail:\u00a0info@bos-akademie.deWebsite:\u00a0www.bos-akademie.de Umsatzsteuer-ID Umsatzsteuer-Identifikationsnummer gem\u00e4\u00df \u00a7 27 a Umsatzsteuergesetz:DE 238 180 834 Rechtliche Hinweise &amp; Haftungsausschluss 1. Haftung f\u00fcr Inhalte &amp; Links Wir sind gem\u00e4\u00df \u00a7 [&hellip;]<\/p>\n","protected":false},"author":1,"featured_media":0,"parent":0,"menu_order":0,"comment_status":"closed","ping_status":"closed","template":"","meta":{"footnotes":""},"class_list":["post-72","page","type-page","status-publish","hentry"],"yoast_head":"<!-- This site is optimized with the Yoast SEO plugin v27.6 - https:\/\/yoast.com\/product\/yoast-seo-wordpress\/ -->\n<title>Impressum - BOS-Akademie<\/title>\n<meta name=\"robots\" content=\"index, follow, max-snippet:-1, max-image-preview:large, max-video-preview:-1\" \/>\n<link rel=\"canonical\" href=\"https:\/\/bos-akademie.de\/en\/impressum\/\" \/>\n<meta property=\"og:locale\" content=\"en_US\" \/>\n<meta property=\"og:type\" content=\"article\" \/>\n<meta property=\"og:title\" content=\"Impressum - BOS-Akademie\" \/>\n<meta property=\"og:description\" content=\"Inhaltlich Verantwortlich: Bollin Consulting GmbHSebaldstra\u00dfe 2373525 Schw\u00e4bisch Gm\u00fcnd Handelsregister:&nbsp;HRB 702154Registergericht:&nbsp;Amtsgericht Ulm Vertreten durch:Gesch\u00e4ftsf\u00fchrer:&nbsp;Sascha Bollin Kontakt Telefon: 07171 \u2013 99 810 31Telefax: 07171 \u2013 99 810 33E-Mail:\u00a0info@bos-akademie.deWebsite:\u00a0www.bos-akademie.de Umsatzsteuer-ID Umsatzsteuer-Identifikationsnummer gem\u00e4\u00df \u00a7 27 a Umsatzsteuergesetz:DE 238 180 834 Rechtliche Hinweise &amp; Haftungsausschluss 1. Haftung f\u00fcr Inhalte &amp; Links Wir sind gem\u00e4\u00df \u00a7 [&hellip;]\" \/>\n<meta property=\"og:url\" content=\"https:\/\/bos-akademie.de\/en\/impressum\/\" \/>\n<meta property=\"og:site_name\" content=\"BOS-Akademie\" \/>\n<meta property=\"article:modified_time\" content=\"2025-03-17T14:57:34+00:00\" \/>\n<meta name=\"twitter:card\" content=\"summary_large_image\" \/>\n<meta name=\"twitter:label1\" content=\"Est. reading time\" \/>\n\t<meta name=\"twitter:data1\" content=\"2 minutes\" \/>\n<script type=\"application\/ld+json\" class=\"yoast-schema-graph\">{\"@context\":\"https:\\\/\\\/schema.org\",\"@graph\":[{\"@type\":\"WebPage\",\"@id\":\"https:\\\/\\\/bos-akademie.de\\\/impressum\\\/\",\"url\":\"https:\\\/\\\/bos-akademie.de\\\/impressum\\\/\",\"name\":\"Impressum - BOS-Akademie\",\"isPartOf\":{\"@id\":\"https:\\\/\\\/bos-akademie.de\\\/#website\"},\"datePublished\":\"2025-01-30T15:10:21+00:00\",\"dateModified\":\"2025-03-17T14:57:34+00:00\",\"breadcrumb\":{\"@id\":\"https:\\\/\\\/bos-akademie.de\\\/impressum\\\/#breadcrumb\"},\"inLanguage\":\"en-US\",\"potentialAction\":[{\"@type\":\"ReadAction\",\"target\":[\"https:\\\/\\\/bos-akademie.de\\\/impressum\\\/\"]}]},{\"@type\":\"BreadcrumbList\",\"@id\":\"https:\\\/\\\/bos-akademie.de\\\/impressum\\\/#breadcrumb\",\"itemListElement\":[{\"@type\":\"ListItem\",\"position\":1,\"name\":\"Startseite\",\"item\":\"https:\\\/\\\/bos-akademie.de\\\/\"},{\"@type\":\"ListItem\",\"position\":2,\"name\":\"Impressum\"}]},{\"@type\":\"WebSite\",\"@id\":\"https:\\\/\\\/bos-akademie.de\\\/#website\",\"url\":\"https:\\\/\\\/bos-akademie.de\\\/\",\"name\":\"BOS-Akademie\",\"description\":\"\",\"publisher\":{\"@id\":\"https:\\\/\\\/bos-akademie.de\\\/#organization\"},\"potentialAction\":[{\"@type\":\"SearchAction\",\"target\":{\"@type\":\"EntryPoint\",\"urlTemplate\":\"https:\\\/\\\/bos-akademie.de\\\/?s={search_term_string}\"},\"query-input\":{\"@type\":\"PropertyValueSpecification\",\"valueRequired\":true,\"valueName\":\"search_term_string\"}}],\"inLanguage\":\"en-US\"},{\"@type\":\"Organization\",\"@id\":\"https:\\\/\\\/bos-akademie.de\\\/#organization\",\"name\":\"BOS-Akademie\",\"url\":\"https:\\\/\\\/bos-akademie.de\\\/\",\"logo\":{\"@type\":\"ImageObject\",\"inLanguage\":\"en-US\",\"@id\":\"https:\\\/\\\/bos-akademie.de\\\/#\\\/schema\\\/logo\\\/image\\\/\",\"url\":\"https:\\\/\\\/bos-akademie.de\\\/wp-content\\\/uploads\\\/2025\\\/01\\\/cropped-BosAkademieLogo.png\",\"contentUrl\":\"https:\\\/\\\/bos-akademie.de\\\/wp-content\\\/uploads\\\/2025\\\/01\\\/cropped-BosAkademieLogo.png\",\"width\":167,\"height\":112,\"caption\":\"BOS-Akademie\"},\"image\":{\"@id\":\"https:\\\/\\\/bos-akademie.de\\\/#\\\/schema\\\/logo\\\/image\\\/\"}}]}<\/script>\n<!-- \/ Yoast SEO plugin. -->","yoast_head_json":{"title":"Impressum - BOS-Akademie","robots":{"index":"index","follow":"follow","max-snippet":"max-snippet:-1","max-image-preview":"max-image-preview:large","max-video-preview":"max-video-preview:-1"},"canonical":"https:\/\/bos-akademie.de\/en\/impressum\/","og_locale":"en_US","og_type":"article","og_title":"Impressum - BOS-Akademie","og_description":"Inhaltlich Verantwortlich: Bollin Consulting GmbHSebaldstra\u00dfe 2373525 Schw\u00e4bisch Gm\u00fcnd Handelsregister:&nbsp;HRB 702154Registergericht:&nbsp;Amtsgericht Ulm Vertreten durch:Gesch\u00e4ftsf\u00fchrer:&nbsp;Sascha Bollin Kontakt Telefon: 07171 \u2013 99 810 31Telefax: 07171 \u2013 99 810 33E-Mail:\u00a0info@bos-akademie.deWebsite:\u00a0www.bos-akademie.de Umsatzsteuer-ID Umsatzsteuer-Identifikationsnummer gem\u00e4\u00df \u00a7 27 a Umsatzsteuergesetz:DE 238 180 834 Rechtliche Hinweise &amp; Haftungsausschluss 1. Haftung f\u00fcr Inhalte &amp; Links Wir sind gem\u00e4\u00df \u00a7 [&hellip;]","og_url":"https:\/\/bos-akademie.de\/en\/impressum\/","og_site_name":"BOS-Akademie","article_modified_time":"2025-03-17T14:57:34+00:00","twitter_card":"summary_large_image","twitter_misc":{"Est. reading time":"2 minutes"},"schema":{"@context":"https:\/\/schema.org","@graph":[{"@type":"WebPage","@id":"https:\/\/bos-akademie.de\/impressum\/","url":"https:\/\/bos-akademie.de\/impressum\/","name":"Impressum - BOS-Akademie","isPartOf":{"@id":"https:\/\/bos-akademie.de\/#website"},"datePublished":"2025-01-30T15:10:21+00:00","dateModified":"2025-03-17T14:57:34+00:00","breadcrumb":{"@id":"https:\/\/bos-akademie.de\/impressum\/#breadcrumb"},"inLanguage":"en-US","potentialAction":[{"@type":"ReadAction","target":["https:\/\/bos-akademie.de\/impressum\/"]}]},{"@type":"BreadcrumbList","@id":"https:\/\/bos-akademie.de\/impressum\/#breadcrumb","itemListElement":[{"@type":"ListItem","position":1,"name":"Startseite","item":"https:\/\/bos-akademie.de\/"},{"@type":"ListItem","position":2,"name":"Impressum"}]},{"@type":"WebSite","@id":"https:\/\/bos-akademie.de\/#website","url":"https:\/\/bos-akademie.de\/","name":"BOS-Akademie","description":"","publisher":{"@id":"https:\/\/bos-akademie.de\/#organization"},"potentialAction":[{"@type":"SearchAction","target":{"@type":"EntryPoint","urlTemplate":"https:\/\/bos-akademie.de\/?s={search_term_string}"},"query-input":{"@type":"PropertyValueSpecification","valueRequired":true,"valueName":"search_term_string"}}],"inLanguage":"en-US"},{"@type":"Organization","@id":"https:\/\/bos-akademie.de\/#organization","name":"BOS-Akademie","url":"https:\/\/bos-akademie.de\/","logo":{"@type":"ImageObject","inLanguage":"en-US","@id":"https:\/\/bos-akademie.de\/#\/schema\/logo\/image\/","url":"https:\/\/bos-akademie.de\/wp-content\/uploads\/2025\/01\/cropped-BosAkademieLogo.png","contentUrl":"https:\/\/bos-akademie.de\/wp-content\/uploads\/2025\/01\/cropped-BosAkademieLogo.png","width":167,"height":112,"caption":"BOS-Akademie"},"image":{"@id":"https:\/\/bos-akademie.de\/#\/schema\/logo\/image\/"}}]}},"_links":{"self":[{"href":"https:\/\/bos-akademie.de\/en\/wp-json\/wp\/v2\/pages\/72","targetHints":{"allow":["GET"]}}],"collection":[{"href":"https:\/\/bos-akademie.de\/en\/wp-json\/wp\/v2\/pages"}],"about":[{"href":"https:\/\/bos-akademie.de\/en\/wp-json\/wp\/v2\/types\/page"}],"author":[{"embeddable":true,"href":"https:\/\/bos-akademie.de\/en\/wp-json\/wp\/v2\/users\/1"}],"replies":[{"embeddable":true,"href":"https:\/\/bos-akademie.de\/en\/wp-json\/wp\/v2\/comments?post=72"}],"version-history":[{"count":11,"href":"https:\/\/bos-akademie.de\/en\/wp-json\/wp\/v2\/pages\/72\/revisions"}],"predecessor-version":[{"id":2674,"href":"https:\/\/bos-akademie.de\/en\/wp-json\/wp\/v2\/pages\/72\/revisions\/2674"}],"wp:attachment":[{"href":"https:\/\/bos-akademie.de\/en\/wp-json\/wp\/v2\/media?parent=72"}],"curies":[{"name":"wp","href":"https:\/\/api.w.org\/{rel}","templated":true}]}}