{"id":892,"date":"2025-02-17T09:46:50","date_gmt":"2025-02-17T09:46:50","guid":{"rendered":"https:\/\/bos-akademie.de\/?page_id=892"},"modified":"2025-12-16T12:27:49","modified_gmt":"2025-12-16T12:27:49","slug":"versand","status":"publish","type":"page","link":"https:\/\/bos-akademie.de\/en\/versand\/","title":{"rendered":"Shipping and payment conditions"},"content":{"rendered":"<div class=\"wp-block-group alignfull\"><div class=\"wp-block-group__inner-container is-layout-constrained wp-block-group-is-layout-constrained\">\n<div class=\"wp-block-group\" style=\"padding-right:20%;padding-left:20%\"><div class=\"wp-block-group__inner-container is-layout-constrained wp-container-core-group-is-layout-4ffa829d wp-block-group-is-layout-constrained\">\n<h2 class=\"wp-block-heading\">Payment Terms<\/h2>\n\n\n\n<p>Bei Ihrer ersten Bestellung ist die Zahlung ausschlie\u00dflich per&nbsp;Vorkasse&nbsp;m\u00f6glich.<br>Wenn Sie ein Kundenkonto anlegen, k\u00f6nnen Sie ab der&nbsp;zweiten Bestellung bequem auf Rechnung&nbsp;bestellen.<\/p>\n\n\n\n<p>We also offer installment payment. If you would like to use this option, please contact us by phone at +49 7171 \u2013 99 810 31 or via <a href=\"mailto:info@bos-akademie.de\">E-Mail<\/a> at info@bos-akademie.de, to arrange a suitable solution.<\/p>\n\n\n\n<p>For organizations and public institutions, we are happy to consider internal guidelines or procurement processes and can provide customized payment models upon request.<\/p>\n\n\n\n<p>If you have any questions, we are happy to help.<\/p>\n\n\n\n<h2 class=\"wp-block-heading\">Shipping Terms<\/h2>\n\n\n\n<h3 class=\"wp-block-heading has-medium-font-size\"><strong>Delivery Areas<\/strong><\/h3>\n\n\n\n<p>We currently deliver within Germany, Austria, and Switzerland.<\/p>\n\n\n\n<h3 class=\"wp-block-heading has-medium-font-size\"><strong>Shipping Costs (incl. VAT)<\/strong><\/h3>\n\n\n\n<p>Shipping costs are calculated individually based on the ordered products and displayed in the shopping cart. For particularly large orders, shipping may be carried out in multiple packages. In some cases, additional shipping fees may apply\u2014if so, we will inform you during the ordering process.\nFree shipping is currently not available. <\/p>\n\n\n\n<p>Orders weighing more than 31.5 kg require two packages for shipping. <\/p>\n\n\n\n<h3 class=\"wp-block-heading\"><strong>Shipping costs within Germany:<\/strong><\/h3>\n\n\n\n<figure class=\"wp-block-table is-style-stripes\"><table class=\"has-fixed-layout\"><tbody><tr><td><strong>package size<\/strong><\/td><td><strong>weight<\/strong><\/td><td><strong>shipping costs<\/strong><\/td><\/tr><tr><td>Up to 35 x 25 x 5 cm<\/td><td>Up to 2 kg<\/td><td>2,55 \u20ac &#8211; 3,40 \u20ac<\/td><\/tr><tr><td>Up to 35 x 25 x 10 cm<\/td><td>Up to 2 kg<\/td><td>4,19 \u20ac<\/td><\/tr><tr><td>Up to 60 x 30 x 15 cm<\/td><td>Up to 2 kg<\/td><td>5,19 \u20ac<\/td><\/tr><tr><td>Up to 120 x 60 x 60 cm<\/td><td>Up to 5 kg<\/td><td>7,69 \u20ac<\/td><\/tr><tr><td>Up to 120 x 60 x 60 cm<\/td><td>Up to 10 kg<\/td><td>10,49 \u20ac<\/td><\/tr><tr><td>Up to 120 x 60 x 60 cm<\/td><td>Up to 20 kg<\/td><td>18,99 \u20ac *<\/td><\/tr><tr><td>Up to 120 x 60 x 60 cm<\/td><td>Up to 31,5 kg<\/td><td>23,99 \u20ac *<\/td><\/tr><tr><td>Up to 120 x 60 x 60 cm<\/td><td>\u00dcber 31,5 kg<\/td><td>42,98 \u20ac *<\/td><\/tr><\/tbody><\/table><\/figure>\n\n\n\n<div style=\"height:10px\" aria-hidden=\"true\" class=\"wp-block-spacer\"><\/div>\n\n\n\n<p><strong>*Insurance<\/strong> <strong>Germany<\/strong>: For orders over \u20ac500, an insurance fee of \u20ac6.99 applies.<\/p>\n\n\n\n<hr class=\"wp-block-separator has-alpha-channel-opacity is-style-wide\"\/>\n\n\n\n<h3 class=\"wp-block-heading\"><strong>Shipping Costs to Austria:<\/strong><\/h3>\n\n\n\n<figure class=\"wp-block-table is-style-stripes\"><table class=\"has-fixed-layout\"><tbody><tr><td><strong>package size<\/strong><\/td><td><strong>weight<\/strong><\/td><td><strong>shipping costs<\/strong><\/td><\/tr><tr><td>Up to 35 x 25 x 3 cm<\/td><td>Up to 2 kg<\/td><td>6,49 \u20ac<\/td><\/tr><tr><td>max. L + W + H = 90 cm (no side &gt; 60 cm)<\/td><td>Up to 2 kg<\/td><td>10,49 \u20ac<\/td><\/tr><tr><td>Up to 60 x 30 x 15 cm<\/td><td>Up to 2 kg<\/td><td>14,49 \u20ac<\/td><\/tr><tr><td>Up to 120 x 60 x 60 cm<\/td><td>Up to 5 kg<\/td><td>16,49 \u20ac<\/td><\/tr><tr><td>Up to 120 x 60 x 60 cm<\/td><td>Up to 10 kg<\/td><td>21,49 \u20ac<\/td><\/tr><tr><td>Up to 120 x 60 x 60 cm<\/td><td>Up to 20 kg<\/td><td>27,30 \u20ac *<\/td><\/tr><tr><td>Up to 120 x 60 x 60 cm<\/td><td>Up to 31,5 kg<\/td><td>45,49 \u20ac *<\/td><\/tr><tr><td>Up to 120 x 60 x 60 cm<\/td><td>Ab 31,5 kg<\/td><td>72,97 \u20ac *<\/td><\/tr><\/tbody><\/table><\/figure>\n\n\n\n<div style=\"height:10px\" aria-hidden=\"true\" class=\"wp-block-spacer\"><\/div>\n\n\n\n<p><strong>*Insurance<\/strong> <strong>Austria<\/strong>: For every \u20ac1,000 of insured value, an additional \u20ac14 will be charged.<\/p>\n\n\n\n<hr class=\"wp-block-separator has-alpha-channel-opacity is-style-wide\"\/>\n\n\n\n<h3 class=\"wp-block-heading\"><strong>Shipping Costs to Switzerland:<\/strong><\/h3>\n\n\n\n<figure class=\"wp-block-table is-style-stripes\"><table class=\"has-fixed-layout\"><tbody><tr><td><strong>package size<\/strong><\/td><td><strong>weight<\/strong><\/td><td><strong>shipping costs<\/strong><\/td><\/tr><tr><td>Up to 35 x 25 x 3 cm<\/td><td>Up to 2 kg<\/td><td>8,99 \u20ac<\/td><\/tr><tr><td>max. L + W + H = 90 cm (no side &gt; 60 cm)<\/td><td>Up to 2 kg<\/td><td>15,49 \u20ac<\/td><\/tr><tr><td>Up to 120 x 60 x 60 cm<\/td><td>Up to 5 kg<\/td><td>26,99 \u20ac<\/td><\/tr><tr><td>Up to 120 x 60 x 60 cm<\/td><td>Up to 10 kg<\/td><td>34,99 \u20ac<\/td><\/tr><tr><td>Up to 120 x 60 x 60 cm<\/td><td>Up to 20 kg<\/td><td>48,99 \u20ac *<\/td><\/tr><tr><td>Up to 120 x 60 x 60 cm<\/td><td>Up to 31,5 kg<\/td><td>62,99 \u20ac *<\/td><\/tr><tr><td>Up to 120 x 60 x 60 cm<\/td><td>Ab 31,5 kg<\/td><td>111,98 \u20ac *<\/td><\/tr><\/tbody><\/table><\/figure>\n\n\n\n<div style=\"height:10px\" aria-hidden=\"true\" class=\"wp-block-spacer\"><\/div>\n\n\n\n<p>*<strong>Insurance<\/strong> <strong>Switzerland<\/strong>: For every \u20ac1,000 of insured value, an additional \u20ac14 will be charged.<\/p>\n\n\n\n<hr class=\"wp-block-separator has-alpha-channel-opacity is-style-wide\"\/>\n\n\n\n<div style=\"height:10px\" aria-hidden=\"true\" class=\"wp-block-spacer\"><\/div>\n\n\n\n<h3 class=\"wp-block-heading has-medium-font-size\"><strong>Address Information &amp; Delivery Acceptance<\/strong><\/h3>\n\n\n\n<p>Please ensure that your delivery address is complete and correct. If delivery fails due to incorrect address details, additional costs may be incurred for a reshipment.<\/p>\n\n\n\n<h3 class=\"wp-block-heading has-medium-font-size\"><strong>Delivery Times<\/strong><\/h3>\n\n\n\n<p>Delivery within Germany takes approximately&nbsp;<strong>20-30 Werktagen<\/strong>, and to Austria and Switzerland approximately&nbsp;<strong>25-35 Werktagen<\/strong>. If your order includes items with different delivery times, we will ship the entire order in one shipment\u2014unless otherwise agreed. In such cases, the delivery time is based on the item with the longest stated delivery time.<\/p>\n\n\n\n<p><strong>Feel free to contact us if you have any questions<\/strong>!<\/p>\n<\/div><\/div>\n<\/div><\/div>\n\n\n\n<div style=\"height:20px\" aria-hidden=\"true\" class=\"wp-block-spacer\"><\/div>\n\n\n\n<p><\/p>","protected":false},"excerpt":{"rendered":"<p>Zahlungsbedingungen Bei Ihrer ersten Bestellung ist die Zahlung ausschlie\u00dflich per&nbsp;Vorkasse&nbsp;m\u00f6glich.Wenn Sie ein Kundenkonto anlegen, k\u00f6nnen Sie ab der&nbsp;zweiten Bestellung bequem auf Rechnung&nbsp;bestellen. Zus\u00e4tzlich bieten wir auch Ratenzahlung an. Wenn Sie diese Option nutzen m\u00f6chten, kontaktieren Sie uns bitte telefonisch unter 07171 \u2013 99 810 31 oder per E-Mail an info@bos-akademie.de, [&hellip;]<\/p>\n","protected":false},"author":1,"featured_media":0,"parent":0,"menu_order":0,"comment_status":"closed","ping_status":"closed","template":"","meta":{"footnotes":""},"class_list":["post-892","page","type-page","status-publish","hentry"],"yoast_head":"<!-- This site is optimized with the Yoast SEO plugin v27.6 - https:\/\/yoast.com\/product\/yoast-seo-wordpress\/ -->\n<title>Versand- und Zahlungsbedingungen - BOS-Akademie<\/title>\n<meta name=\"robots\" content=\"index, follow, max-snippet:-1, max-image-preview:large, max-video-preview:-1\" \/>\n<link rel=\"canonical\" href=\"https:\/\/bos-akademie.de\/en\/versand\/\" \/>\n<meta property=\"og:locale\" content=\"en_US\" \/>\n<meta property=\"og:type\" content=\"article\" \/>\n<meta property=\"og:title\" content=\"Versand- und Zahlungsbedingungen - BOS-Akademie\" \/>\n<meta property=\"og:description\" content=\"Zahlungsbedingungen Bei Ihrer ersten Bestellung ist die Zahlung ausschlie\u00dflich per&nbsp;Vorkasse&nbsp;m\u00f6glich.Wenn Sie ein Kundenkonto anlegen, k\u00f6nnen Sie ab der&nbsp;zweiten Bestellung bequem auf Rechnung&nbsp;bestellen. Zus\u00e4tzlich bieten wir auch Ratenzahlung an. Wenn Sie diese Option nutzen m\u00f6chten, kontaktieren Sie uns bitte telefonisch unter 07171 \u2013 99 810 31 oder per E-Mail an info@bos-akademie.de, [&hellip;]\" \/>\n<meta property=\"og:url\" content=\"https:\/\/bos-akademie.de\/en\/versand\/\" \/>\n<meta property=\"og:site_name\" content=\"BOS-Akademie\" \/>\n<meta property=\"article:modified_time\" content=\"2025-12-16T12:27:49+00:00\" \/>\n<meta name=\"twitter:card\" content=\"summary_large_image\" \/>\n<meta name=\"twitter:label1\" content=\"Est. reading time\" \/>\n\t<meta name=\"twitter:data1\" content=\"4 minutes\" \/>\n<script type=\"application\/ld+json\" class=\"yoast-schema-graph\">{\"@context\":\"https:\\\/\\\/schema.org\",\"@graph\":[{\"@type\":\"WebPage\",\"@id\":\"https:\\\/\\\/bos-akademie.de\\\/versand\\\/\",\"url\":\"https:\\\/\\\/bos-akademie.de\\\/versand\\\/\",\"name\":\"Versand- und Zahlungsbedingungen - BOS-Akademie\",\"isPartOf\":{\"@id\":\"https:\\\/\\\/bos-akademie.de\\\/#website\"},\"datePublished\":\"2025-02-17T09:46:50+00:00\",\"dateModified\":\"2025-12-16T12:27:49+00:00\",\"breadcrumb\":{\"@id\":\"https:\\\/\\\/bos-akademie.de\\\/versand\\\/#breadcrumb\"},\"inLanguage\":\"en-US\",\"potentialAction\":[{\"@type\":\"ReadAction\",\"target\":[\"https:\\\/\\\/bos-akademie.de\\\/versand\\\/\"]}]},{\"@type\":\"BreadcrumbList\",\"@id\":\"https:\\\/\\\/bos-akademie.de\\\/versand\\\/#breadcrumb\",\"itemListElement\":[{\"@type\":\"ListItem\",\"position\":1,\"name\":\"Startseite\",\"item\":\"https:\\\/\\\/bos-akademie.de\\\/\"},{\"@type\":\"ListItem\",\"position\":2,\"name\":\"Versand- und Zahlungsbedingungen\"}]},{\"@type\":\"WebSite\",\"@id\":\"https:\\\/\\\/bos-akademie.de\\\/#website\",\"url\":\"https:\\\/\\\/bos-akademie.de\\\/\",\"name\":\"BOS-Akademie\",\"description\":\"\",\"publisher\":{\"@id\":\"https:\\\/\\\/bos-akademie.de\\\/#organization\"},\"potentialAction\":[{\"@type\":\"SearchAction\",\"target\":{\"@type\":\"EntryPoint\",\"urlTemplate\":\"https:\\\/\\\/bos-akademie.de\\\/?s={search_term_string}\"},\"query-input\":{\"@type\":\"PropertyValueSpecification\",\"valueRequired\":true,\"valueName\":\"search_term_string\"}}],\"inLanguage\":\"en-US\"},{\"@type\":\"Organization\",\"@id\":\"https:\\\/\\\/bos-akademie.de\\\/#organization\",\"name\":\"BOS-Akademie\",\"url\":\"https:\\\/\\\/bos-akademie.de\\\/\",\"logo\":{\"@type\":\"ImageObject\",\"inLanguage\":\"en-US\",\"@id\":\"https:\\\/\\\/bos-akademie.de\\\/#\\\/schema\\\/logo\\\/image\\\/\",\"url\":\"https:\\\/\\\/bos-akademie.de\\\/wp-content\\\/uploads\\\/2025\\\/01\\\/cropped-BosAkademieLogo.png\",\"contentUrl\":\"https:\\\/\\\/bos-akademie.de\\\/wp-content\\\/uploads\\\/2025\\\/01\\\/cropped-BosAkademieLogo.png\",\"width\":167,\"height\":112,\"caption\":\"BOS-Akademie\"},\"image\":{\"@id\":\"https:\\\/\\\/bos-akademie.de\\\/#\\\/schema\\\/logo\\\/image\\\/\"}}]}<\/script>\n<!-- \/ Yoast SEO plugin. -->","yoast_head_json":{"title":"Versand- und Zahlungsbedingungen - BOS-Akademie","robots":{"index":"index","follow":"follow","max-snippet":"max-snippet:-1","max-image-preview":"max-image-preview:large","max-video-preview":"max-video-preview:-1"},"canonical":"https:\/\/bos-akademie.de\/en\/versand\/","og_locale":"en_US","og_type":"article","og_title":"Versand- und Zahlungsbedingungen - BOS-Akademie","og_description":"Zahlungsbedingungen Bei Ihrer ersten Bestellung ist die Zahlung ausschlie\u00dflich per&nbsp;Vorkasse&nbsp;m\u00f6glich.Wenn Sie ein Kundenkonto anlegen, k\u00f6nnen Sie ab der&nbsp;zweiten Bestellung bequem auf Rechnung&nbsp;bestellen. Zus\u00e4tzlich bieten wir auch Ratenzahlung an. Wenn Sie diese Option nutzen m\u00f6chten, kontaktieren Sie uns bitte telefonisch unter 07171 \u2013 99 810 31 oder per E-Mail an info@bos-akademie.de, [&hellip;]","og_url":"https:\/\/bos-akademie.de\/en\/versand\/","og_site_name":"BOS-Akademie","article_modified_time":"2025-12-16T12:27:49+00:00","twitter_card":"summary_large_image","twitter_misc":{"Est. reading time":"4 minutes"},"schema":{"@context":"https:\/\/schema.org","@graph":[{"@type":"WebPage","@id":"https:\/\/bos-akademie.de\/versand\/","url":"https:\/\/bos-akademie.de\/versand\/","name":"Versand- und Zahlungsbedingungen - BOS-Akademie","isPartOf":{"@id":"https:\/\/bos-akademie.de\/#website"},"datePublished":"2025-02-17T09:46:50+00:00","dateModified":"2025-12-16T12:27:49+00:00","breadcrumb":{"@id":"https:\/\/bos-akademie.de\/versand\/#breadcrumb"},"inLanguage":"en-US","potentialAction":[{"@type":"ReadAction","target":["https:\/\/bos-akademie.de\/versand\/"]}]},{"@type":"BreadcrumbList","@id":"https:\/\/bos-akademie.de\/versand\/#breadcrumb","itemListElement":[{"@type":"ListItem","position":1,"name":"Startseite","item":"https:\/\/bos-akademie.de\/"},{"@type":"ListItem","position":2,"name":"Versand- und Zahlungsbedingungen"}]},{"@type":"WebSite","@id":"https:\/\/bos-akademie.de\/#website","url":"https:\/\/bos-akademie.de\/","name":"BOS-Akademie","description":"","publisher":{"@id":"https:\/\/bos-akademie.de\/#organization"},"potentialAction":[{"@type":"SearchAction","target":{"@type":"EntryPoint","urlTemplate":"https:\/\/bos-akademie.de\/?s={search_term_string}"},"query-input":{"@type":"PropertyValueSpecification","valueRequired":true,"valueName":"search_term_string"}}],"inLanguage":"en-US"},{"@type":"Organization","@id":"https:\/\/bos-akademie.de\/#organization","name":"BOS-Akademie","url":"https:\/\/bos-akademie.de\/","logo":{"@type":"ImageObject","inLanguage":"en-US","@id":"https:\/\/bos-akademie.de\/#\/schema\/logo\/image\/","url":"https:\/\/bos-akademie.de\/wp-content\/uploads\/2025\/01\/cropped-BosAkademieLogo.png","contentUrl":"https:\/\/bos-akademie.de\/wp-content\/uploads\/2025\/01\/cropped-BosAkademieLogo.png","width":167,"height":112,"caption":"BOS-Akademie"},"image":{"@id":"https:\/\/bos-akademie.de\/#\/schema\/logo\/image\/"}}]}},"_links":{"self":[{"href":"https:\/\/bos-akademie.de\/en\/wp-json\/wp\/v2\/pages\/892","targetHints":{"allow":["GET"]}}],"collection":[{"href":"https:\/\/bos-akademie.de\/en\/wp-json\/wp\/v2\/pages"}],"about":[{"href":"https:\/\/bos-akademie.de\/en\/wp-json\/wp\/v2\/types\/page"}],"author":[{"embeddable":true,"href":"https:\/\/bos-akademie.de\/en\/wp-json\/wp\/v2\/users\/1"}],"replies":[{"embeddable":true,"href":"https:\/\/bos-akademie.de\/en\/wp-json\/wp\/v2\/comments?post=892"}],"version-history":[{"count":26,"href":"https:\/\/bos-akademie.de\/en\/wp-json\/wp\/v2\/pages\/892\/revisions"}],"predecessor-version":[{"id":4271,"href":"https:\/\/bos-akademie.de\/en\/wp-json\/wp\/v2\/pages\/892\/revisions\/4271"}],"wp:attachment":[{"href":"https:\/\/bos-akademie.de\/en\/wp-json\/wp\/v2\/media?parent=892"}],"curies":[{"name":"wp","href":"https:\/\/api.w.org\/{rel}","templated":true}]}}