{"id":1141,"date":"2025-02-21T09:00:05","date_gmt":"2025-02-21T09:00:05","guid":{"rendered":"https:\/\/bos-akademie.de\/?post_type=product&#038;p=1141"},"modified":"2026-03-17T15:53:26","modified_gmt":"2026-03-17T15:53:26","slug":"satteldach-erweiterung","status":"publish","type":"product","link":"https:\/\/bos-akademie.de\/en\/product\/satteldach-erweiterung\/","title":{"rendered":"Gable roof"},"content":{"rendered":"<p class=\"font-claude-response-body break-words whitespace-normal leading-[1.7]\">Die Satteldach-Erweiterung erg\u00e4nzt den modularen <a href=\"https:\/\/bos-akademie.de\/produkt\/taktik-trainer-konfigurator\/\" target=\"_blank\" rel=\"noopener\">Taktik-Trainer<\/a> um eine realistische Dachkonstruktion und erm\u00f6glicht praxisnahe \u00dcbungen zur Brandbek\u00e4mpfung und Bel\u00fcftung von Dachr\u00e4umen. Das Satteldach wird flexibel auf das bestehende Modellhaus aufgesetzt und l\u00e4sst sich in unterschiedliche \u00dcbungsszenarien integrieren.<\/p>\n<p class=\"font-claude-response-body break-words whitespace-normal leading-[1.7]\">Dank der modularen Bauweise kann die Satteldach-Erweiterung f\u00fcr verschiedene rechteckige Grundrisse genutzt werden \u2013 wodurch unterschiedliche Geb\u00e4udetypen nachgebildet werden k\u00f6nnen, vom klassischen Einfamilienhaus bis hin zu komplexeren Strukturen.<\/p>\n<p class=\"font-claude-response-body break-words whitespace-normal leading-[1.7]\"><strong>Typische \u00dcbungsszenarien<\/strong><\/p>\n<ul class=\"[li_&amp;]:mb-0 [li_&amp;]:mt-1 [li_&amp;]:gap-1 [&amp;:not(:last-child)_ul]:pb-1 [&amp;:not(:last-child)_ol]:pb-1 list-disc flex flex-col gap-1 pl-8 mb-3\">\n<li class=\"whitespace-normal break-words pl-2\"><strong>Dachstuhlbrand:<\/strong> Einsatzkr\u00e4fte \u00fcben taktisches Vorgehen bei einem Brand im Dachgeschoss mit Rauchentwicklung und eingeschr\u00e4nkten Zugangsm\u00f6glichkeiten<\/li>\n<li class=\"whitespace-normal break-words pl-2\"><strong>Taktische Ventilation:<\/strong> Training zur gezielten Bel\u00fcftung \u00fcber Dachgauben und Dach\u00f6ffnungen zur schnellen Entrauchung des Dachraums<\/li>\n<li class=\"whitespace-normal break-words pl-2\"><strong>Atemschutztr\u00e4ger im Dachgeschoss:<\/strong> Orientierung und Vorgehen unter erschwerten Bedingungen im verrauchten Dachgeschoss mit Wendeltreppe und Treppenhausverl\u00e4ngerung<\/li>\n<\/ul>\n<p class=\"font-claude-response-body break-words whitespace-normal leading-[1.7]\"><strong>Merkmale<\/strong><\/p>\n<ul class=\"[li_&amp;]:mb-0 [li_&amp;]:mt-1 [li_&amp;]:gap-1 [&amp;:not(:last-child)_ul]:pb-1 [&amp;:not(:last-child)_ol]:pb-1 list-disc flex flex-col gap-1 pl-8 mb-3\">\n<li class=\"whitespace-normal break-words pl-2\">Passend f\u00fcr verschiedene Grundrisse des Taktik-Trainer<\/li>\n<li class=\"whitespace-normal break-words pl-2\">Unterst\u00fctzt Szenarien zur Rauch- und W\u00e4rmeausbreitung im Dachraum<\/li>\n<li class=\"whitespace-normal break-words pl-2\">Leicht auf bestehende Geb\u00e4ude zu integrieren<\/li>\n<li class=\"whitespace-normal break-words pl-2\">Erh\u00e4ltlich in drei Farbvarianten: Rot\/Grau, Blau\/Grau und Anthrazit\/Grau<\/li>\n<\/ul>\n<p class=\"font-claude-response-body break-words whitespace-normal leading-[1.7]\"><strong>Lieferumfang<\/strong><\/p>\n<p class=\"font-claude-response-body break-words whitespace-normal leading-[1.7]\">Hinweis: Alle Erweiterungen werden in Einzelteilen geliefert. Eine ausf\u00fchrliche Aufbauanleitung liegt jeder Lieferung bei.<\/p>\n<ul class=\"[li_&amp;]:mb-0 [li_&amp;]:mt-1 [li_&amp;]:gap-1 [&amp;:not(:last-child)_ul]:pb-1 [&amp;:not(:last-child)_ol]:pb-1 list-disc flex flex-col gap-1 pl-8 mb-3\">\n<li class=\"whitespace-normal break-words pl-2\">Dachfl\u00e4chenelemente (inkl. Varianten mit Abschluss links\/rechts sowie 1\u00d72)<\/li>\n<li class=\"whitespace-normal break-words pl-2\">Dachfirstelemente (inkl. Eckst\u00fccke)<\/li>\n<li class=\"whitespace-normal break-words pl-2\">Dachgiebelelemente (Giebel links, Mitte und rechts)<\/li>\n<li class=\"whitespace-normal break-words pl-2\">Glaseins\u00e4tze<\/li>\n<li class=\"whitespace-normal break-words pl-2\">Dachgauben<\/li>\n<li class=\"whitespace-normal break-words pl-2\">Treppenhausverl\u00e4ngerung ins Dachgeschoss<\/li>\n<li class=\"whitespace-normal break-words pl-2\">Wendeltreppe<\/li>\n<\/ul>\n","protected":false},"excerpt":{"rendered":"<p style=\"text-align: left;\"><span>The <\/span>gable roof extension<span> enables realistic roof simulations for various layouts and tactical ventilation exercises. Compatible with multiple rectangular building footprints.<\/span><\/p>","protected":false},"featured_media":1976,"template":"","meta":[],"product_brand":[],"product_cat":[56],"product_tag":[],"class_list":{"0":"post-1141","1":"product","2":"type-product","3":"status-publish","4":"has-post-thumbnail","6":"product_cat-erweiterungen","8":"first","9":"instock","10":"taxable","11":"shipping-taxable","12":"purchasable","13":"product-type-variable"},"yoast_head":"<!-- This site is optimized with the Yoast SEO plugin v27.6 - https:\/\/yoast.com\/product\/yoast-seo-wordpress\/ -->\n<title>Satteldach - BOS-Akademie<\/title>\n<meta name=\"description\" content=\"Die Satteldach-Erweiterung erm\u00f6glicht realit\u00e4tsnahes Training von Dachstuhlbr\u00e4nden, taktischer Ventilation und Atemschutzeins\u00e4tzen im Dachgeschoss.\" \/>\n<meta name=\"robots\" content=\"index, follow, max-snippet:-1, max-image-preview:large, max-video-preview:-1\" \/>\n<link rel=\"canonical\" href=\"https:\/\/bos-akademie.de\/en\/product\/satteldach-erweiterung\/\" \/>\n<meta property=\"og:locale\" content=\"en_US\" \/>\n<meta property=\"og:type\" content=\"article\" \/>\n<meta property=\"og:title\" content=\"Satteldach - BOS-Akademie\" \/>\n<meta property=\"og:description\" content=\"Die Satteldach-Erweiterung erm\u00f6glicht realit\u00e4tsnahes Training von Dachstuhlbr\u00e4nden, taktischer Ventilation und Atemschutzeins\u00e4tzen im Dachgeschoss.\" \/>\n<meta property=\"og:url\" content=\"https:\/\/bos-akademie.de\/en\/product\/satteldach-erweiterung\/\" \/>\n<meta property=\"og:site_name\" content=\"BOS-Akademie\" \/>\n<meta property=\"article:modified_time\" content=\"2026-03-17T15:53:26+00:00\" \/>\n<meta property=\"og:image\" content=\"https:\/\/bos-akademie.de\/wp-content\/uploads\/2025\/02\/satteldach_front-3-1024x683.png\" \/>\n\t<meta property=\"og:image:width\" content=\"1024\" \/>\n\t<meta property=\"og:image:height\" content=\"683\" \/>\n\t<meta property=\"og:image:type\" content=\"image\/png\" \/>\n<meta name=\"twitter:card\" content=\"summary_large_image\" \/>\n<meta name=\"twitter:label1\" content=\"Est. reading time\" \/>\n\t<meta name=\"twitter:data1\" content=\"2 minutes\" \/>\n<script type=\"application\/ld+json\" class=\"yoast-schema-graph\">{\"@context\":\"https:\\\/\\\/schema.org\",\"@graph\":[{\"@type\":\"WebPage\",\"@id\":\"https:\\\/\\\/bos-akademie.de\\\/produkt\\\/satteldach-erweiterung\\\/\",\"url\":\"https:\\\/\\\/bos-akademie.de\\\/produkt\\\/satteldach-erweiterung\\\/\",\"name\":\"Satteldach - BOS-Akademie\",\"isPartOf\":{\"@id\":\"https:\\\/\\\/bos-akademie.de\\\/#website\"},\"primaryImageOfPage\":{\"@id\":\"https:\\\/\\\/bos-akademie.de\\\/produkt\\\/satteldach-erweiterung\\\/#primaryimage\"},\"image\":{\"@id\":\"https:\\\/\\\/bos-akademie.de\\\/produkt\\\/satteldach-erweiterung\\\/#primaryimage\"},\"thumbnailUrl\":\"https:\\\/\\\/bos-akademie.de\\\/wp-content\\\/uploads\\\/2025\\\/02\\\/satteldach_front-3.png\",\"datePublished\":\"2025-02-21T09:00:05+00:00\",\"dateModified\":\"2026-03-17T15:53:26+00:00\",\"description\":\"Die Satteldach-Erweiterung erm\u00f6glicht realit\u00e4tsnahes Training von Dachstuhlbr\u00e4nden, taktischer Ventilation und Atemschutzeins\u00e4tzen im Dachgeschoss.\",\"breadcrumb\":{\"@id\":\"https:\\\/\\\/bos-akademie.de\\\/produkt\\\/satteldach-erweiterung\\\/#breadcrumb\"},\"inLanguage\":\"en-US\",\"potentialAction\":[{\"@type\":\"ReadAction\",\"target\":[\"https:\\\/\\\/bos-akademie.de\\\/produkt\\\/satteldach-erweiterung\\\/\"]}]},{\"@type\":\"ImageObject\",\"inLanguage\":\"en-US\",\"@id\":\"https:\\\/\\\/bos-akademie.de\\\/produkt\\\/satteldach-erweiterung\\\/#primaryimage\",\"url\":\"https:\\\/\\\/bos-akademie.de\\\/wp-content\\\/uploads\\\/2025\\\/02\\\/satteldach_front-3.png\",\"contentUrl\":\"https:\\\/\\\/bos-akademie.de\\\/wp-content\\\/uploads\\\/2025\\\/02\\\/satteldach_front-3.png\",\"width\":6140,\"height\":4094,\"caption\":\"Taktik-Trainer: Satteldach-Erweiterung\"},{\"@type\":\"BreadcrumbList\",\"@id\":\"https:\\\/\\\/bos-akademie.de\\\/produkt\\\/satteldach-erweiterung\\\/#breadcrumb\",\"itemListElement\":[{\"@type\":\"ListItem\",\"position\":1,\"name\":\"Startseite\",\"item\":\"https:\\\/\\\/bos-akademie.de\\\/\"},{\"@type\":\"ListItem\",\"position\":2,\"name\":\"Alle Produkte\",\"item\":\"https:\\\/\\\/bos-akademie.de\\\/alle-produkte\\\/\"},{\"@type\":\"ListItem\",\"position\":3,\"name\":\"Satteldach\"}]},{\"@type\":\"WebSite\",\"@id\":\"https:\\\/\\\/bos-akademie.de\\\/#website\",\"url\":\"https:\\\/\\\/bos-akademie.de\\\/\",\"name\":\"BOS-Akademie\",\"description\":\"\",\"publisher\":{\"@id\":\"https:\\\/\\\/bos-akademie.de\\\/#organization\"},\"potentialAction\":[{\"@type\":\"SearchAction\",\"target\":{\"@type\":\"EntryPoint\",\"urlTemplate\":\"https:\\\/\\\/bos-akademie.de\\\/?s={search_term_string}\"},\"query-input\":{\"@type\":\"PropertyValueSpecification\",\"valueRequired\":true,\"valueName\":\"search_term_string\"}}],\"inLanguage\":\"en-US\"},{\"@type\":\"Organization\",\"@id\":\"https:\\\/\\\/bos-akademie.de\\\/#organization\",\"name\":\"BOS-Akademie\",\"url\":\"https:\\\/\\\/bos-akademie.de\\\/\",\"logo\":{\"@type\":\"ImageObject\",\"inLanguage\":\"en-US\",\"@id\":\"https:\\\/\\\/bos-akademie.de\\\/#\\\/schema\\\/logo\\\/image\\\/\",\"url\":\"https:\\\/\\\/bos-akademie.de\\\/wp-content\\\/uploads\\\/2025\\\/01\\\/cropped-BosAkademieLogo.png\",\"contentUrl\":\"https:\\\/\\\/bos-akademie.de\\\/wp-content\\\/uploads\\\/2025\\\/01\\\/cropped-BosAkademieLogo.png\",\"width\":167,\"height\":112,\"caption\":\"BOS-Akademie\"},\"image\":{\"@id\":\"https:\\\/\\\/bos-akademie.de\\\/#\\\/schema\\\/logo\\\/image\\\/\"}}]}<\/script>\n<!-- \/ Yoast SEO plugin. -->","yoast_head_json":{"title":"Satteldach - BOS-Akademie","description":"Die Satteldach-Erweiterung erm\u00f6glicht realit\u00e4tsnahes Training von Dachstuhlbr\u00e4nden, taktischer Ventilation und Atemschutzeins\u00e4tzen im Dachgeschoss.","robots":{"index":"index","follow":"follow","max-snippet":"max-snippet:-1","max-image-preview":"max-image-preview:large","max-video-preview":"max-video-preview:-1"},"canonical":"https:\/\/bos-akademie.de\/en\/product\/satteldach-erweiterung\/","og_locale":"en_US","og_type":"article","og_title":"Satteldach - BOS-Akademie","og_description":"Die Satteldach-Erweiterung erm\u00f6glicht realit\u00e4tsnahes Training von Dachstuhlbr\u00e4nden, taktischer Ventilation und Atemschutzeins\u00e4tzen im Dachgeschoss.","og_url":"https:\/\/bos-akademie.de\/en\/product\/satteldach-erweiterung\/","og_site_name":"BOS-Akademie","article_modified_time":"2026-03-17T15:53:26+00:00","og_image":[{"width":1024,"height":683,"url":"https:\/\/bos-akademie.de\/wp-content\/uploads\/2025\/02\/satteldach_front-3-1024x683.png","type":"image\/png"}],"twitter_card":"summary_large_image","twitter_misc":{"Est. reading time":"2 minutes"},"schema":{"@context":"https:\/\/schema.org","@graph":[{"@type":"WebPage","@id":"https:\/\/bos-akademie.de\/produkt\/satteldach-erweiterung\/","url":"https:\/\/bos-akademie.de\/produkt\/satteldach-erweiterung\/","name":"Satteldach - BOS-Akademie","isPartOf":{"@id":"https:\/\/bos-akademie.de\/#website"},"primaryImageOfPage":{"@id":"https:\/\/bos-akademie.de\/produkt\/satteldach-erweiterung\/#primaryimage"},"image":{"@id":"https:\/\/bos-akademie.de\/produkt\/satteldach-erweiterung\/#primaryimage"},"thumbnailUrl":"https:\/\/bos-akademie.de\/wp-content\/uploads\/2025\/02\/satteldach_front-3.png","datePublished":"2025-02-21T09:00:05+00:00","dateModified":"2026-03-17T15:53:26+00:00","description":"Die Satteldach-Erweiterung erm\u00f6glicht realit\u00e4tsnahes Training von Dachstuhlbr\u00e4nden, taktischer Ventilation und Atemschutzeins\u00e4tzen im Dachgeschoss.","breadcrumb":{"@id":"https:\/\/bos-akademie.de\/produkt\/satteldach-erweiterung\/#breadcrumb"},"inLanguage":"en-US","potentialAction":[{"@type":"ReadAction","target":["https:\/\/bos-akademie.de\/produkt\/satteldach-erweiterung\/"]}]},{"@type":"ImageObject","inLanguage":"en-US","@id":"https:\/\/bos-akademie.de\/produkt\/satteldach-erweiterung\/#primaryimage","url":"https:\/\/bos-akademie.de\/wp-content\/uploads\/2025\/02\/satteldach_front-3.png","contentUrl":"https:\/\/bos-akademie.de\/wp-content\/uploads\/2025\/02\/satteldach_front-3.png","width":6140,"height":4094,"caption":"Taktik-Trainer: Satteldach-Erweiterung"},{"@type":"BreadcrumbList","@id":"https:\/\/bos-akademie.de\/produkt\/satteldach-erweiterung\/#breadcrumb","itemListElement":[{"@type":"ListItem","position":1,"name":"Startseite","item":"https:\/\/bos-akademie.de\/"},{"@type":"ListItem","position":2,"name":"Alle Produkte","item":"https:\/\/bos-akademie.de\/alle-produkte\/"},{"@type":"ListItem","position":3,"name":"Satteldach"}]},{"@type":"WebSite","@id":"https:\/\/bos-akademie.de\/#website","url":"https:\/\/bos-akademie.de\/","name":"BOS-Akademie","description":"","publisher":{"@id":"https:\/\/bos-akademie.de\/#organization"},"potentialAction":[{"@type":"SearchAction","target":{"@type":"EntryPoint","urlTemplate":"https:\/\/bos-akademie.de\/?s={search_term_string}"},"query-input":{"@type":"PropertyValueSpecification","valueRequired":true,"valueName":"search_term_string"}}],"inLanguage":"en-US"},{"@type":"Organization","@id":"https:\/\/bos-akademie.de\/#organization","name":"BOS-Akademie","url":"https:\/\/bos-akademie.de\/","logo":{"@type":"ImageObject","inLanguage":"en-US","@id":"https:\/\/bos-akademie.de\/#\/schema\/logo\/image\/","url":"https:\/\/bos-akademie.de\/wp-content\/uploads\/2025\/01\/cropped-BosAkademieLogo.png","contentUrl":"https:\/\/bos-akademie.de\/wp-content\/uploads\/2025\/01\/cropped-BosAkademieLogo.png","width":167,"height":112,"caption":"BOS-Akademie"},"image":{"@id":"https:\/\/bos-akademie.de\/#\/schema\/logo\/image\/"}}]}},"_links":{"self":[{"href":"https:\/\/bos-akademie.de\/en\/wp-json\/wp\/v2\/product\/1141","targetHints":{"allow":["GET"]}}],"collection":[{"href":"https:\/\/bos-akademie.de\/en\/wp-json\/wp\/v2\/product"}],"about":[{"href":"https:\/\/bos-akademie.de\/en\/wp-json\/wp\/v2\/types\/product"}],"wp:featuredmedia":[{"embeddable":true,"href":"https:\/\/bos-akademie.de\/en\/wp-json\/wp\/v2\/media\/1976"}],"wp:attachment":[{"href":"https:\/\/bos-akademie.de\/en\/wp-json\/wp\/v2\/media?parent=1141"}],"wp:term":[{"taxonomy":"product_brand","embeddable":true,"href":"https:\/\/bos-akademie.de\/en\/wp-json\/wp\/v2\/product_brand?post=1141"},{"taxonomy":"product_cat","embeddable":true,"href":"https:\/\/bos-akademie.de\/en\/wp-json\/wp\/v2\/product_cat?post=1141"},{"taxonomy":"product_tag","embeddable":true,"href":"https:\/\/bos-akademie.de\/en\/wp-json\/wp\/v2\/product_tag?post=1141"}],"curies":[{"name":"wp","href":"https:\/\/api.w.org\/{rel}","templated":true}]}}