{"id":154,"date":"2025-01-31T12:08:31","date_gmt":"2025-01-31T12:08:31","guid":{"rendered":"https:\/\/bos-akademie.de\/?post_type=product&#038;p=154"},"modified":"2026-03-18T09:30:30","modified_gmt":"2026-03-18T09:30:30","slug":"erweiterung-garage","status":"publish","type":"product","link":"https:\/\/bos-akademie.de\/en\/product\/erweiterung-garage\/","title":{"rendered":"Garage"},"content":{"rendered":"<p class=\"font-claude-response-body break-words whitespace-normal leading-[1.7]\">Die Garagen-Erweiterung erg\u00e4nzt den <a href=\"https:\/\/bos-akademie.de\/produkt\/taktik-trainer-konfigurator\/\" target=\"_blank\" rel=\"noopener\">Taktik-Trainer<\/a> um eine realistische Fahrzeughalle und er\u00f6ffnet vielf\u00e4ltige Trainingsm\u00f6glichkeiten rund um Garagen- und Fahrzeugbr\u00e4nde. Mit einem beweglichen Garagentor und einem geparkten Fahrzeugmodell lassen sich typische Einsatzszenarien besonders praxisnah darstellen.<\/p>\n<p class=\"font-claude-response-body break-words whitespace-normal leading-[1.7]\">Dank der modularen Bauweise l\u00e4sst sich die Garagen-Erweiterung flexibel an bestehende Rauchh\u00e4user anbauen und individuell anpassen. So k\u00f6nnen Einsatzkr\u00e4fte realit\u00e4tsnahe Szenarien trainieren \u2013 etwa die Rauchverteilung in geschlossenen R\u00e4umen, die Auswirkungen des Garagentor-\u00d6ffnens auf die Luftstr\u00f6mung sowie verschiedene Entrauchungstechniken.<\/p>\n<p class=\"font-claude-response-body break-words whitespace-normal leading-[1.7]\"><strong>Varianten<\/strong><\/p>\n<ul class=\"[li_&amp;]:mb-0 [li_&amp;]:mt-1 [li_&amp;]:gap-1 [&amp;:not(:last-child)_ul]:pb-1 [&amp;:not(:last-child)_ol]:pb-1 list-disc flex flex-col gap-1 pl-8 mb-3\">\n<li class=\"whitespace-normal break-words pl-2\"><strong>Garage mit Flachdach:<\/strong> Offene Struktur ohne Dach \u2013 ideal wenn die Garage ohne spezifische Dachform eingesetzt oder das Dach separat angepasst werden soll<\/li>\n<li class=\"whitespace-normal break-words pl-2\"><strong>Garage mit Dach:<\/strong> Satteldach f\u00fcr eine realistische Darstellung typischer Wohnhaus-Garagen<\/li>\n<\/ul>\n<p class=\"font-claude-response-body break-words whitespace-normal leading-[1.7]\"><strong>Merkmale<\/strong><\/p>\n<ul class=\"[li_&amp;]:mb-0 [li_&amp;]:mt-1 [li_&amp;]:gap-1 [&amp;:not(:last-child)_ul]:pb-1 [&amp;:not(:last-child)_ol]:pb-1 list-disc flex flex-col gap-1 pl-8 mb-3\">\n<li class=\"whitespace-normal break-words pl-2\">Bewegliches Garagentor f\u00fcr realistische Zugangsm\u00f6glichkeiten<\/li>\n<li class=\"whitespace-normal break-words pl-2\">Geparktes Fahrzeugmodell f\u00fcr praxisnahe Darstellung von Fahrzeugbr\u00e4nden<\/li>\n<li class=\"whitespace-normal break-words pl-2\">Anbaubar an bestehende Taktik-Trainer<\/li>\n<li class=\"whitespace-normal break-words pl-2\">Modular erweiterbar und flexibel kombinierbar<\/li>\n<li class=\"whitespace-normal break-words pl-2\">Ideal f\u00fcr Szenarien mit Brand- und Rauchentwicklung in Garagen und Fahrzeughallen<\/li>\n<\/ul>\n<p class=\"font-claude-response-body break-words whitespace-normal leading-[1.7]\"><strong>Lieferumfang<\/strong><\/p>\n<p class=\"font-claude-response-body break-words whitespace-normal leading-[1.7]\">Hinweis: Alle Erweiterungen werden in Einzelteilen geliefert. Eine ausf\u00fchrliche Aufbauanleitung liegt jeder Lieferung bei.<\/p>\n<ul class=\"[li_&amp;]:mb-0 [li_&amp;]:mt-1 [li_&amp;]:gap-1 [&amp;:not(:last-child)_ul]:pb-1 [&amp;:not(:last-child)_ol]:pb-1 list-disc flex flex-col gap-1 pl-8 mb-3\">\n<li class=\"whitespace-normal break-words pl-2\">1\u00d7 Bodenplatte<\/li>\n<li class=\"whitespace-normal break-words pl-2\">Pfeiler (Eckpfeiler, zweiseitige Pfeiler)<\/li>\n<li class=\"whitespace-normal break-words pl-2\">Wandelemente (einfache und doppelte transparente Wand, T\u00fcre)<\/li>\n<li class=\"whitespace-normal break-words pl-2\">Zwischenb\u00f6den 1\u00d71 (inkl. Varianten mit Abschluss oben, rechts und Eckabschluss)<\/li>\n<li class=\"whitespace-normal break-words pl-2\">1\u00d7 Garagentor<\/li>\n<li class=\"whitespace-normal break-words pl-2\">1\u00d7 PKW-Modell<\/li>\n<\/ul>\n<p class=\"font-claude-response-body break-words whitespace-normal leading-[1.7]\">Bei der Variante \u201eGarage mit Dach&#8220; zus\u00e4tzlich enthalten:<\/p>\n<ul class=\"[li_&amp;]:mb-0 [li_&amp;]:mt-1 [li_&amp;]:gap-1 [&amp;:not(:last-child)_ul]:pb-1 [&amp;:not(:last-child)_ol]:pb-1 list-disc flex flex-col gap-1 pl-8 mb-3\">\n<li class=\"whitespace-normal break-words pl-2\">Dachfl\u00e4chenelemente (inkl. Abschluss rechts, links, unten links, unten rechts)<\/li>\n<li class=\"whitespace-normal break-words pl-2\">Dachgiebelelemente (Giebel rechts, Giebel links)<\/li>\n<li class=\"whitespace-normal break-words pl-2\">Dachfirstelemente (Dachfirst-St\u00fcck, Dachfirst-Eckst\u00fcck)<\/li>\n<\/ul>\n<p class=\"font-claude-response-body break-words whitespace-normal leading-[1.7]\">In Kombination mit einem Taktik-Trainer Wohnhaus und weiteren Erweiterungen l\u00e4sst sich mit der Garagen-Erweiterung ein besonders realistisches \u00dcbungsobjekt aufbauen \u2013 f\u00fcr wiederholbares Training von Garagenbr\u00e4nden, Rauchverteilung im Anbaubereich und taktischem \u00d6ffnen des Garagentors.<\/p>\n","protected":false},"excerpt":{"rendered":"<p style=\"text-align: left;\">Expand the Taktik-Trainer with a realistic garage module. Featuring a movable garage door and a vehicle, this extension provides optimal conditions for tactical training scenarios.<\/p>","protected":false},"featured_media":1818,"template":"","meta":[],"product_brand":[],"product_cat":[56],"product_tag":[],"class_list":{"0":"post-154","1":"product","2":"type-product","3":"status-publish","4":"has-post-thumbnail","6":"product_cat-erweiterungen","8":"first","9":"instock","10":"taxable","11":"shipping-taxable","12":"purchasable","13":"product-type-variable","14":"has-default-attributes"},"yoast_head":"<!-- This site is optimized with the Yoast SEO plugin v27.6 - https:\/\/yoast.com\/product\/yoast-seo-wordpress\/ -->\n<title>Garage - BOS-Akademie<\/title>\n<meta name=\"description\" content=\"Die Garagen-Erweiterung erm\u00f6glicht realit\u00e4tsnahes Training von Garagenbr\u00e4nden und Fahrzeugbr\u00e4nden \u2013 mit beweglichem Garagentor und PKW-Modell.\" \/>\n<meta name=\"robots\" content=\"index, follow, max-snippet:-1, max-image-preview:large, max-video-preview:-1\" \/>\n<link rel=\"canonical\" href=\"https:\/\/bos-akademie.de\/en\/product\/erweiterung-garage\/\" \/>\n<meta property=\"og:locale\" content=\"en_US\" \/>\n<meta property=\"og:type\" content=\"article\" \/>\n<meta property=\"og:title\" content=\"Garage - BOS-Akademie\" \/>\n<meta property=\"og:description\" content=\"Die Garagen-Erweiterung erm\u00f6glicht realit\u00e4tsnahes Training von Garagenbr\u00e4nden und Fahrzeugbr\u00e4nden \u2013 mit beweglichem Garagentor und PKW-Modell.\" \/>\n<meta property=\"og:url\" content=\"https:\/\/bos-akademie.de\/en\/product\/erweiterung-garage\/\" \/>\n<meta property=\"og:site_name\" content=\"BOS-Akademie\" \/>\n<meta property=\"article:modified_time\" content=\"2026-03-18T09:30:30+00:00\" \/>\n<meta property=\"og:image\" content=\"https:\/\/bos-akademie.de\/wp-content\/uploads\/2025\/01\/garage_front_tor_offen-1024x683.png\" \/>\n\t<meta property=\"og:image:width\" content=\"1024\" \/>\n\t<meta property=\"og:image:height\" content=\"683\" \/>\n\t<meta property=\"og:image:type\" content=\"image\/png\" \/>\n<meta name=\"twitter:card\" content=\"summary_large_image\" \/>\n<meta name=\"twitter:label1\" content=\"Est. reading time\" \/>\n\t<meta name=\"twitter:data1\" content=\"2 minutes\" \/>\n<script type=\"application\/ld+json\" class=\"yoast-schema-graph\">{\"@context\":\"https:\\\/\\\/schema.org\",\"@graph\":[{\"@type\":\"WebPage\",\"@id\":\"https:\\\/\\\/bos-akademie.de\\\/produkt\\\/erweiterung-garage\\\/\",\"url\":\"https:\\\/\\\/bos-akademie.de\\\/produkt\\\/erweiterung-garage\\\/\",\"name\":\"Garage - BOS-Akademie\",\"isPartOf\":{\"@id\":\"https:\\\/\\\/bos-akademie.de\\\/#website\"},\"primaryImageOfPage\":{\"@id\":\"https:\\\/\\\/bos-akademie.de\\\/produkt\\\/erweiterung-garage\\\/#primaryimage\"},\"image\":{\"@id\":\"https:\\\/\\\/bos-akademie.de\\\/produkt\\\/erweiterung-garage\\\/#primaryimage\"},\"thumbnailUrl\":\"https:\\\/\\\/bos-akademie.de\\\/wp-content\\\/uploads\\\/2025\\\/01\\\/garage_front_tor_offen.png\",\"datePublished\":\"2025-01-31T12:08:31+00:00\",\"dateModified\":\"2026-03-18T09:30:30+00:00\",\"description\":\"Die Garagen-Erweiterung erm\u00f6glicht realit\u00e4tsnahes Training von Garagenbr\u00e4nden und Fahrzeugbr\u00e4nden \u2013 mit beweglichem Garagentor und PKW-Modell.\",\"breadcrumb\":{\"@id\":\"https:\\\/\\\/bos-akademie.de\\\/produkt\\\/erweiterung-garage\\\/#breadcrumb\"},\"inLanguage\":\"en-US\",\"potentialAction\":[{\"@type\":\"ReadAction\",\"target\":[\"https:\\\/\\\/bos-akademie.de\\\/produkt\\\/erweiterung-garage\\\/\"]}]},{\"@type\":\"ImageObject\",\"inLanguage\":\"en-US\",\"@id\":\"https:\\\/\\\/bos-akademie.de\\\/produkt\\\/erweiterung-garage\\\/#primaryimage\",\"url\":\"https:\\\/\\\/bos-akademie.de\\\/wp-content\\\/uploads\\\/2025\\\/01\\\/garage_front_tor_offen.png\",\"contentUrl\":\"https:\\\/\\\/bos-akademie.de\\\/wp-content\\\/uploads\\\/2025\\\/01\\\/garage_front_tor_offen.png\",\"width\":5472,\"height\":3648,\"caption\":\"Taktik-Trainer: Garagenerweiterung mit Satteldach\"},{\"@type\":\"BreadcrumbList\",\"@id\":\"https:\\\/\\\/bos-akademie.de\\\/produkt\\\/erweiterung-garage\\\/#breadcrumb\",\"itemListElement\":[{\"@type\":\"ListItem\",\"position\":1,\"name\":\"Startseite\",\"item\":\"https:\\\/\\\/bos-akademie.de\\\/\"},{\"@type\":\"ListItem\",\"position\":2,\"name\":\"Alle Produkte\",\"item\":\"https:\\\/\\\/bos-akademie.de\\\/alle-produkte\\\/\"},{\"@type\":\"ListItem\",\"position\":3,\"name\":\"Garage\"}]},{\"@type\":\"WebSite\",\"@id\":\"https:\\\/\\\/bos-akademie.de\\\/#website\",\"url\":\"https:\\\/\\\/bos-akademie.de\\\/\",\"name\":\"BOS-Akademie\",\"description\":\"\",\"publisher\":{\"@id\":\"https:\\\/\\\/bos-akademie.de\\\/#organization\"},\"potentialAction\":[{\"@type\":\"SearchAction\",\"target\":{\"@type\":\"EntryPoint\",\"urlTemplate\":\"https:\\\/\\\/bos-akademie.de\\\/?s={search_term_string}\"},\"query-input\":{\"@type\":\"PropertyValueSpecification\",\"valueRequired\":true,\"valueName\":\"search_term_string\"}}],\"inLanguage\":\"en-US\"},{\"@type\":\"Organization\",\"@id\":\"https:\\\/\\\/bos-akademie.de\\\/#organization\",\"name\":\"BOS-Akademie\",\"url\":\"https:\\\/\\\/bos-akademie.de\\\/\",\"logo\":{\"@type\":\"ImageObject\",\"inLanguage\":\"en-US\",\"@id\":\"https:\\\/\\\/bos-akademie.de\\\/#\\\/schema\\\/logo\\\/image\\\/\",\"url\":\"https:\\\/\\\/bos-akademie.de\\\/wp-content\\\/uploads\\\/2025\\\/01\\\/cropped-BosAkademieLogo.png\",\"contentUrl\":\"https:\\\/\\\/bos-akademie.de\\\/wp-content\\\/uploads\\\/2025\\\/01\\\/cropped-BosAkademieLogo.png\",\"width\":167,\"height\":112,\"caption\":\"BOS-Akademie\"},\"image\":{\"@id\":\"https:\\\/\\\/bos-akademie.de\\\/#\\\/schema\\\/logo\\\/image\\\/\"}}]}<\/script>\n<!-- \/ Yoast SEO plugin. -->","yoast_head_json":{"title":"Garage - BOS-Akademie","description":"Die Garagen-Erweiterung erm\u00f6glicht realit\u00e4tsnahes Training von Garagenbr\u00e4nden und Fahrzeugbr\u00e4nden \u2013 mit beweglichem Garagentor und PKW-Modell.","robots":{"index":"index","follow":"follow","max-snippet":"max-snippet:-1","max-image-preview":"max-image-preview:large","max-video-preview":"max-video-preview:-1"},"canonical":"https:\/\/bos-akademie.de\/en\/product\/erweiterung-garage\/","og_locale":"en_US","og_type":"article","og_title":"Garage - BOS-Akademie","og_description":"Die Garagen-Erweiterung erm\u00f6glicht realit\u00e4tsnahes Training von Garagenbr\u00e4nden und Fahrzeugbr\u00e4nden \u2013 mit beweglichem Garagentor und PKW-Modell.","og_url":"https:\/\/bos-akademie.de\/en\/product\/erweiterung-garage\/","og_site_name":"BOS-Akademie","article_modified_time":"2026-03-18T09:30:30+00:00","og_image":[{"width":1024,"height":683,"url":"https:\/\/bos-akademie.de\/wp-content\/uploads\/2025\/01\/garage_front_tor_offen-1024x683.png","type":"image\/png"}],"twitter_card":"summary_large_image","twitter_misc":{"Est. reading time":"2 minutes"},"schema":{"@context":"https:\/\/schema.org","@graph":[{"@type":"WebPage","@id":"https:\/\/bos-akademie.de\/produkt\/erweiterung-garage\/","url":"https:\/\/bos-akademie.de\/produkt\/erweiterung-garage\/","name":"Garage - BOS-Akademie","isPartOf":{"@id":"https:\/\/bos-akademie.de\/#website"},"primaryImageOfPage":{"@id":"https:\/\/bos-akademie.de\/produkt\/erweiterung-garage\/#primaryimage"},"image":{"@id":"https:\/\/bos-akademie.de\/produkt\/erweiterung-garage\/#primaryimage"},"thumbnailUrl":"https:\/\/bos-akademie.de\/wp-content\/uploads\/2025\/01\/garage_front_tor_offen.png","datePublished":"2025-01-31T12:08:31+00:00","dateModified":"2026-03-18T09:30:30+00:00","description":"Die Garagen-Erweiterung erm\u00f6glicht realit\u00e4tsnahes Training von Garagenbr\u00e4nden und Fahrzeugbr\u00e4nden \u2013 mit beweglichem Garagentor und PKW-Modell.","breadcrumb":{"@id":"https:\/\/bos-akademie.de\/produkt\/erweiterung-garage\/#breadcrumb"},"inLanguage":"en-US","potentialAction":[{"@type":"ReadAction","target":["https:\/\/bos-akademie.de\/produkt\/erweiterung-garage\/"]}]},{"@type":"ImageObject","inLanguage":"en-US","@id":"https:\/\/bos-akademie.de\/produkt\/erweiterung-garage\/#primaryimage","url":"https:\/\/bos-akademie.de\/wp-content\/uploads\/2025\/01\/garage_front_tor_offen.png","contentUrl":"https:\/\/bos-akademie.de\/wp-content\/uploads\/2025\/01\/garage_front_tor_offen.png","width":5472,"height":3648,"caption":"Taktik-Trainer: Garagenerweiterung mit Satteldach"},{"@type":"BreadcrumbList","@id":"https:\/\/bos-akademie.de\/produkt\/erweiterung-garage\/#breadcrumb","itemListElement":[{"@type":"ListItem","position":1,"name":"Startseite","item":"https:\/\/bos-akademie.de\/"},{"@type":"ListItem","position":2,"name":"Alle Produkte","item":"https:\/\/bos-akademie.de\/alle-produkte\/"},{"@type":"ListItem","position":3,"name":"Garage"}]},{"@type":"WebSite","@id":"https:\/\/bos-akademie.de\/#website","url":"https:\/\/bos-akademie.de\/","name":"BOS-Akademie","description":"","publisher":{"@id":"https:\/\/bos-akademie.de\/#organization"},"potentialAction":[{"@type":"SearchAction","target":{"@type":"EntryPoint","urlTemplate":"https:\/\/bos-akademie.de\/?s={search_term_string}"},"query-input":{"@type":"PropertyValueSpecification","valueRequired":true,"valueName":"search_term_string"}}],"inLanguage":"en-US"},{"@type":"Organization","@id":"https:\/\/bos-akademie.de\/#organization","name":"BOS-Akademie","url":"https:\/\/bos-akademie.de\/","logo":{"@type":"ImageObject","inLanguage":"en-US","@id":"https:\/\/bos-akademie.de\/#\/schema\/logo\/image\/","url":"https:\/\/bos-akademie.de\/wp-content\/uploads\/2025\/01\/cropped-BosAkademieLogo.png","contentUrl":"https:\/\/bos-akademie.de\/wp-content\/uploads\/2025\/01\/cropped-BosAkademieLogo.png","width":167,"height":112,"caption":"BOS-Akademie"},"image":{"@id":"https:\/\/bos-akademie.de\/#\/schema\/logo\/image\/"}}]}},"_links":{"self":[{"href":"https:\/\/bos-akademie.de\/en\/wp-json\/wp\/v2\/product\/154","targetHints":{"allow":["GET"]}}],"collection":[{"href":"https:\/\/bos-akademie.de\/en\/wp-json\/wp\/v2\/product"}],"about":[{"href":"https:\/\/bos-akademie.de\/en\/wp-json\/wp\/v2\/types\/product"}],"wp:featuredmedia":[{"embeddable":true,"href":"https:\/\/bos-akademie.de\/en\/wp-json\/wp\/v2\/media\/1818"}],"wp:attachment":[{"href":"https:\/\/bos-akademie.de\/en\/wp-json\/wp\/v2\/media?parent=154"}],"wp:term":[{"taxonomy":"product_brand","embeddable":true,"href":"https:\/\/bos-akademie.de\/en\/wp-json\/wp\/v2\/product_brand?post=154"},{"taxonomy":"product_cat","embeddable":true,"href":"https:\/\/bos-akademie.de\/en\/wp-json\/wp\/v2\/product_cat?post=154"},{"taxonomy":"product_tag","embeddable":true,"href":"https:\/\/bos-akademie.de\/en\/wp-json\/wp\/v2\/product_tag?post=154"}],"curies":[{"name":"wp","href":"https:\/\/api.w.org\/{rel}","templated":true}]}}