{"id":155,"date":"2025-01-31T12:09:37","date_gmt":"2025-01-31T12:09:37","guid":{"rendered":"https:\/\/bos-akademie.de\/?post_type=product&#038;p=155"},"modified":"2026-04-10T11:31:32","modified_gmt":"2026-04-10T11:31:32","slug":"rauchgenerator","status":"publish","type":"product","link":"https:\/\/bos-akademie.de\/en\/product\/rauchgenerator\/","title":{"rendered":"Smoke generator"},"content":{"rendered":"<p class=\"font-claude-response-body break-words whitespace-normal leading-[1.7]\">Der Rauchgenerator ist die zentrale Komponente zur Erzeugung von realit\u00e4tsnahem Rauch im <a href=\"https:\/\/bos-akademie.de\/produkt\/taktik-trainer-konfigurator\/\" target=\"_blank\" rel=\"noopener\">Taktik-Trainer<\/a>. Durch das Verdampfen der speziell entwickelten <a href=\"https:\/\/bos-akademie.de\/produkt\/rauchfluessigkeit\/\" target=\"_blank\" rel=\"noopener\">Rauchfl\u00fcssigkeit<\/a> entsteht dichter, wei\u00dfer Rauch, der sich in Kombination mit der <a href=\"https:\/\/bos-akademie.de\/produkt\/waermequellenvorrichtung\/\" target=\"_blank\" rel=\"noopener\">W\u00e4rmequellenvorrichtung<\/a> authentisch im Geb\u00e4ude verteilt und realistische Rauchschichten bildet.<\/p>\n<p class=\"font-claude-response-body break-words whitespace-normal leading-[1.7]\"><strong>Aufs\u00e4tze und Flammeneffekt<\/strong><\/p>\n<p class=\"font-claude-response-body break-words whitespace-normal leading-[1.7]\">Der Rauchgenerator wird mit zwei Aufs\u00e4tzen geliefert \u2013 einem Herd-Aufsatz und einem Waschmaschinen-Aufsatz. Diese werden einfach \u00fcber den Generator gest\u00fclpt und stellen eine optisch realistische Brandquelle dar, sodass sich K\u00fcchen- oder Waschmaschinenbrand-Szenarien eindrucksvoll simulieren lassen. Eine integrierte, orange flackernde LED sorgt zus\u00e4tzlich f\u00fcr eine visuelle Darstellung von Flammen.<\/p>\n<p class=\"font-claude-response-body break-words whitespace-normal leading-[1.7]\"><strong>Bedienung<\/strong><\/p>\n<p class=\"font-claude-response-body break-words whitespace-normal leading-[1.7]\">Der Rauchgenerator wird bequem \u00fcber eine Fernbedienung gesteuert und ist mit einem Li-Ion Akku (3,7V, USB-C-ladbar) betrieben. Die Rauchfl\u00fcssigkeit wird \u00fcber den mitgelieferten Einf\u00fclltrichter bef\u00fcllt.<\/p>\n<p class=\"font-claude-response-body break-words whitespace-normal leading-[1.7]\"><strong>Merkmale<\/strong><\/p>\n<ul class=\"[li_&amp;]:mb-0 [li_&amp;]:mt-1 [li_&amp;]:gap-1 [&amp;:not(:last-child)_ul]:pb-1 [&amp;:not(:last-child)_ol]:pb-1 list-disc flex flex-col gap-1 pl-8 mb-3\">\n<li class=\"whitespace-normal break-words pl-2\">Erzeugt dichten, wei\u00dfen Rauch f\u00fcr realistische Einsatz\u00fcbungen<\/li>\n<li class=\"whitespace-normal break-words pl-2\">Ideal in Kombination mit der W\u00e4rmequellenvorrichtung f\u00fcr authentisches Rauchverhalten<\/li>\n<li class=\"whitespace-normal break-words pl-2\">Zwei Aufs\u00e4tze f\u00fcr realistische Brandquellen: Herd und Waschmaschine<\/li>\n<li class=\"whitespace-normal break-words pl-2\">Flackernde LED simuliert Flammenerscheinung<\/li>\n<li class=\"whitespace-normal break-words pl-2\">Fernbedienung f\u00fcr komfortable Steuerung w\u00e4hrend der \u00dcbung<\/li>\n<\/ul>\n<p class=\"font-claude-response-body break-words whitespace-normal leading-[1.7]\"><strong>Lieferumfang<\/strong><\/p>\n<ul class=\"[li_&amp;]:mb-0 [li_&amp;]:mt-1 [li_&amp;]:gap-1 [&amp;:not(:last-child)_ul]:pb-1 [&amp;:not(:last-child)_ol]:pb-1 list-disc flex flex-col gap-1 pl-8 mb-3\">\n<li class=\"whitespace-normal break-words pl-2\">1\u00d7 Rauchgenerator<\/li>\n<li class=\"whitespace-normal break-words pl-2\">1\u00d7 Herd-Aufsatz<\/li>\n<li class=\"whitespace-normal break-words pl-2\">1\u00d7 Waschmaschinen-Aufsatz<\/li>\n<li class=\"whitespace-normal break-words pl-2\">1\u00d7 Fernbedienung<\/li>\n<li class=\"whitespace-normal break-words pl-2\">1\u00d7 Einf\u00fclltrichter<\/li>\n<li class=\"whitespace-normal break-words pl-2\">20ml Rauchfl\u00fcssigkeit<\/li>\n<\/ul>\n<p class=\"font-claude-response-body break-words whitespace-normal leading-[1.7]\">\u26a0 <strong>Hinweis:<\/strong> Rauch nicht direkt einatmen. Bei Nutzung des Rauchgenerators regelm\u00e4\u00dfig l\u00fcften.<\/p>\n","protected":false},"excerpt":{"rendered":"<p style=\"text-align: left;\"><span>The smoke generator produces dense, white smoke to simulate realistic fire scenarios. Includes attachments for a stove and washing machine, as well as a flickering LED for flame effects.<\/span><\/p>","protected":false},"featured_media":1993,"template":"","meta":[],"product_brand":[],"product_cat":[56],"product_tag":[],"class_list":{"0":"post-155","1":"product","2":"type-product","3":"status-publish","4":"has-post-thumbnail","6":"product_cat-erweiterungen","8":"first","9":"instock","10":"taxable","11":"shipping-taxable","12":"purchasable","13":"product-type-simple"},"yoast_head":"<!-- This site is optimized with the Yoast SEO plugin v27.6 - https:\/\/yoast.com\/product\/yoast-seo-wordpress\/ -->\n<title>Rauchgenerator - BOS-Akademie<\/title>\n<meta name=\"description\" content=\"Der Rauchgenerator erzeugt dichten, wei\u00dfen Rauch f\u00fcr realistische Taktik-Trainer-\u00dcbungen \u2013 mit Fernbedienung, Flammen-LED und Aufs\u00e4tzen.\" \/>\n<meta name=\"robots\" content=\"index, follow, max-snippet:-1, max-image-preview:large, max-video-preview:-1\" \/>\n<link rel=\"canonical\" href=\"https:\/\/bos-akademie.de\/en\/product\/rauchgenerator\/\" \/>\n<meta property=\"og:locale\" content=\"en_US\" \/>\n<meta property=\"og:type\" content=\"article\" \/>\n<meta property=\"og:title\" content=\"Rauchgenerator - BOS-Akademie\" \/>\n<meta property=\"og:description\" content=\"Der Rauchgenerator erzeugt dichten, wei\u00dfen Rauch f\u00fcr realistische Taktik-Trainer-\u00dcbungen \u2013 mit Fernbedienung, Flammen-LED und Aufs\u00e4tzen.\" \/>\n<meta property=\"og:url\" content=\"https:\/\/bos-akademie.de\/en\/product\/rauchgenerator\/\" \/>\n<meta property=\"og:site_name\" content=\"BOS-Akademie\" \/>\n<meta property=\"article:modified_time\" content=\"2026-04-10T11:31:32+00:00\" \/>\n<meta property=\"og:image\" content=\"https:\/\/bos-akademie.de\/wp-content\/uploads\/2025\/01\/rauchgenerator-1024x683.png\" \/>\n\t<meta property=\"og:image:width\" content=\"1024\" \/>\n\t<meta property=\"og:image:height\" content=\"683\" \/>\n\t<meta property=\"og:image:type\" content=\"image\/png\" \/>\n<meta name=\"twitter:card\" content=\"summary_large_image\" \/>\n<meta name=\"twitter:label1\" content=\"Est. reading time\" \/>\n\t<meta name=\"twitter:data1\" content=\"2 minutes\" \/>\n<script type=\"application\/ld+json\" class=\"yoast-schema-graph\">{\"@context\":\"https:\\\/\\\/schema.org\",\"@graph\":[{\"@type\":\"WebPage\",\"@id\":\"https:\\\/\\\/bos-akademie.de\\\/produkt\\\/rauchgenerator\\\/\",\"url\":\"https:\\\/\\\/bos-akademie.de\\\/produkt\\\/rauchgenerator\\\/\",\"name\":\"Rauchgenerator - BOS-Akademie\",\"isPartOf\":{\"@id\":\"https:\\\/\\\/bos-akademie.de\\\/#website\"},\"primaryImageOfPage\":{\"@id\":\"https:\\\/\\\/bos-akademie.de\\\/produkt\\\/rauchgenerator\\\/#primaryimage\"},\"image\":{\"@id\":\"https:\\\/\\\/bos-akademie.de\\\/produkt\\\/rauchgenerator\\\/#primaryimage\"},\"thumbnailUrl\":\"https:\\\/\\\/bos-akademie.de\\\/wp-content\\\/uploads\\\/2025\\\/01\\\/rauchgenerator.png\",\"datePublished\":\"2025-01-31T12:09:37+00:00\",\"dateModified\":\"2026-04-10T11:31:32+00:00\",\"description\":\"Der Rauchgenerator erzeugt dichten, wei\u00dfen Rauch f\u00fcr realistische Taktik-Trainer-\u00dcbungen \u2013 mit Fernbedienung, Flammen-LED und Aufs\u00e4tzen.\",\"breadcrumb\":{\"@id\":\"https:\\\/\\\/bos-akademie.de\\\/produkt\\\/rauchgenerator\\\/#breadcrumb\"},\"inLanguage\":\"en-US\",\"potentialAction\":[{\"@type\":\"ReadAction\",\"target\":[\"https:\\\/\\\/bos-akademie.de\\\/produkt\\\/rauchgenerator\\\/\"]}]},{\"@type\":\"ImageObject\",\"inLanguage\":\"en-US\",\"@id\":\"https:\\\/\\\/bos-akademie.de\\\/produkt\\\/rauchgenerator\\\/#primaryimage\",\"url\":\"https:\\\/\\\/bos-akademie.de\\\/wp-content\\\/uploads\\\/2025\\\/01\\\/rauchgenerator.png\",\"contentUrl\":\"https:\\\/\\\/bos-akademie.de\\\/wp-content\\\/uploads\\\/2025\\\/01\\\/rauchgenerator.png\",\"width\":5472,\"height\":3648,\"caption\":\"Rauchgenerator\"},{\"@type\":\"BreadcrumbList\",\"@id\":\"https:\\\/\\\/bos-akademie.de\\\/produkt\\\/rauchgenerator\\\/#breadcrumb\",\"itemListElement\":[{\"@type\":\"ListItem\",\"position\":1,\"name\":\"Startseite\",\"item\":\"https:\\\/\\\/bos-akademie.de\\\/\"},{\"@type\":\"ListItem\",\"position\":2,\"name\":\"Alle Produkte\",\"item\":\"https:\\\/\\\/bos-akademie.de\\\/alle-produkte\\\/\"},{\"@type\":\"ListItem\",\"position\":3,\"name\":\"Rauchgenerator\"}]},{\"@type\":\"WebSite\",\"@id\":\"https:\\\/\\\/bos-akademie.de\\\/#website\",\"url\":\"https:\\\/\\\/bos-akademie.de\\\/\",\"name\":\"BOS-Akademie\",\"description\":\"\",\"publisher\":{\"@id\":\"https:\\\/\\\/bos-akademie.de\\\/#organization\"},\"potentialAction\":[{\"@type\":\"SearchAction\",\"target\":{\"@type\":\"EntryPoint\",\"urlTemplate\":\"https:\\\/\\\/bos-akademie.de\\\/?s={search_term_string}\"},\"query-input\":{\"@type\":\"PropertyValueSpecification\",\"valueRequired\":true,\"valueName\":\"search_term_string\"}}],\"inLanguage\":\"en-US\"},{\"@type\":\"Organization\",\"@id\":\"https:\\\/\\\/bos-akademie.de\\\/#organization\",\"name\":\"BOS-Akademie\",\"url\":\"https:\\\/\\\/bos-akademie.de\\\/\",\"logo\":{\"@type\":\"ImageObject\",\"inLanguage\":\"en-US\",\"@id\":\"https:\\\/\\\/bos-akademie.de\\\/#\\\/schema\\\/logo\\\/image\\\/\",\"url\":\"https:\\\/\\\/bos-akademie.de\\\/wp-content\\\/uploads\\\/2025\\\/01\\\/cropped-BosAkademieLogo.png\",\"contentUrl\":\"https:\\\/\\\/bos-akademie.de\\\/wp-content\\\/uploads\\\/2025\\\/01\\\/cropped-BosAkademieLogo.png\",\"width\":167,\"height\":112,\"caption\":\"BOS-Akademie\"},\"image\":{\"@id\":\"https:\\\/\\\/bos-akademie.de\\\/#\\\/schema\\\/logo\\\/image\\\/\"}}]}<\/script>\n<!-- \/ Yoast SEO plugin. -->","yoast_head_json":{"title":"Rauchgenerator - BOS-Akademie","description":"Der Rauchgenerator erzeugt dichten, wei\u00dfen Rauch f\u00fcr realistische Taktik-Trainer-\u00dcbungen \u2013 mit Fernbedienung, Flammen-LED und Aufs\u00e4tzen.","robots":{"index":"index","follow":"follow","max-snippet":"max-snippet:-1","max-image-preview":"max-image-preview:large","max-video-preview":"max-video-preview:-1"},"canonical":"https:\/\/bos-akademie.de\/en\/product\/rauchgenerator\/","og_locale":"en_US","og_type":"article","og_title":"Rauchgenerator - BOS-Akademie","og_description":"Der Rauchgenerator erzeugt dichten, wei\u00dfen Rauch f\u00fcr realistische Taktik-Trainer-\u00dcbungen \u2013 mit Fernbedienung, Flammen-LED und Aufs\u00e4tzen.","og_url":"https:\/\/bos-akademie.de\/en\/product\/rauchgenerator\/","og_site_name":"BOS-Akademie","article_modified_time":"2026-04-10T11:31:32+00:00","og_image":[{"width":1024,"height":683,"url":"https:\/\/bos-akademie.de\/wp-content\/uploads\/2025\/01\/rauchgenerator-1024x683.png","type":"image\/png"}],"twitter_card":"summary_large_image","twitter_misc":{"Est. reading time":"2 minutes"},"schema":{"@context":"https:\/\/schema.org","@graph":[{"@type":"WebPage","@id":"https:\/\/bos-akademie.de\/produkt\/rauchgenerator\/","url":"https:\/\/bos-akademie.de\/produkt\/rauchgenerator\/","name":"Rauchgenerator - BOS-Akademie","isPartOf":{"@id":"https:\/\/bos-akademie.de\/#website"},"primaryImageOfPage":{"@id":"https:\/\/bos-akademie.de\/produkt\/rauchgenerator\/#primaryimage"},"image":{"@id":"https:\/\/bos-akademie.de\/produkt\/rauchgenerator\/#primaryimage"},"thumbnailUrl":"https:\/\/bos-akademie.de\/wp-content\/uploads\/2025\/01\/rauchgenerator.png","datePublished":"2025-01-31T12:09:37+00:00","dateModified":"2026-04-10T11:31:32+00:00","description":"Der Rauchgenerator erzeugt dichten, wei\u00dfen Rauch f\u00fcr realistische Taktik-Trainer-\u00dcbungen \u2013 mit Fernbedienung, Flammen-LED und Aufs\u00e4tzen.","breadcrumb":{"@id":"https:\/\/bos-akademie.de\/produkt\/rauchgenerator\/#breadcrumb"},"inLanguage":"en-US","potentialAction":[{"@type":"ReadAction","target":["https:\/\/bos-akademie.de\/produkt\/rauchgenerator\/"]}]},{"@type":"ImageObject","inLanguage":"en-US","@id":"https:\/\/bos-akademie.de\/produkt\/rauchgenerator\/#primaryimage","url":"https:\/\/bos-akademie.de\/wp-content\/uploads\/2025\/01\/rauchgenerator.png","contentUrl":"https:\/\/bos-akademie.de\/wp-content\/uploads\/2025\/01\/rauchgenerator.png","width":5472,"height":3648,"caption":"Rauchgenerator"},{"@type":"BreadcrumbList","@id":"https:\/\/bos-akademie.de\/produkt\/rauchgenerator\/#breadcrumb","itemListElement":[{"@type":"ListItem","position":1,"name":"Startseite","item":"https:\/\/bos-akademie.de\/"},{"@type":"ListItem","position":2,"name":"Alle Produkte","item":"https:\/\/bos-akademie.de\/alle-produkte\/"},{"@type":"ListItem","position":3,"name":"Rauchgenerator"}]},{"@type":"WebSite","@id":"https:\/\/bos-akademie.de\/#website","url":"https:\/\/bos-akademie.de\/","name":"BOS-Akademie","description":"","publisher":{"@id":"https:\/\/bos-akademie.de\/#organization"},"potentialAction":[{"@type":"SearchAction","target":{"@type":"EntryPoint","urlTemplate":"https:\/\/bos-akademie.de\/?s={search_term_string}"},"query-input":{"@type":"PropertyValueSpecification","valueRequired":true,"valueName":"search_term_string"}}],"inLanguage":"en-US"},{"@type":"Organization","@id":"https:\/\/bos-akademie.de\/#organization","name":"BOS-Akademie","url":"https:\/\/bos-akademie.de\/","logo":{"@type":"ImageObject","inLanguage":"en-US","@id":"https:\/\/bos-akademie.de\/#\/schema\/logo\/image\/","url":"https:\/\/bos-akademie.de\/wp-content\/uploads\/2025\/01\/cropped-BosAkademieLogo.png","contentUrl":"https:\/\/bos-akademie.de\/wp-content\/uploads\/2025\/01\/cropped-BosAkademieLogo.png","width":167,"height":112,"caption":"BOS-Akademie"},"image":{"@id":"https:\/\/bos-akademie.de\/#\/schema\/logo\/image\/"}}]}},"_links":{"self":[{"href":"https:\/\/bos-akademie.de\/en\/wp-json\/wp\/v2\/product\/155","targetHints":{"allow":["GET"]}}],"collection":[{"href":"https:\/\/bos-akademie.de\/en\/wp-json\/wp\/v2\/product"}],"about":[{"href":"https:\/\/bos-akademie.de\/en\/wp-json\/wp\/v2\/types\/product"}],"wp:featuredmedia":[{"embeddable":true,"href":"https:\/\/bos-akademie.de\/en\/wp-json\/wp\/v2\/media\/1993"}],"wp:attachment":[{"href":"https:\/\/bos-akademie.de\/en\/wp-json\/wp\/v2\/media?parent=155"}],"wp:term":[{"taxonomy":"product_brand","embeddable":true,"href":"https:\/\/bos-akademie.de\/en\/wp-json\/wp\/v2\/product_brand?post=155"},{"taxonomy":"product_cat","embeddable":true,"href":"https:\/\/bos-akademie.de\/en\/wp-json\/wp\/v2\/product_cat?post=155"},{"taxonomy":"product_tag","embeddable":true,"href":"https:\/\/bos-akademie.de\/en\/wp-json\/wp\/v2\/product_tag?post=155"}],"curies":[{"name":"wp","href":"https:\/\/api.w.org\/{rel}","templated":true}]}}