{"id":156,"date":"2025-01-31T12:09:55","date_gmt":"2025-01-31T12:09:55","guid":{"rendered":"https:\/\/bos-akademie.de\/?post_type=product&#038;p=156"},"modified":"2026-03-18T08:55:16","modified_gmt":"2026-03-18T08:55:16","slug":"hochdruckluefter","status":"publish","type":"product","link":"https:\/\/bos-akademie.de\/en\/product\/hochdruckluefter\/","title":{"rendered":"High-pressure fan"},"content":{"rendered":"<p class=\"font-claude-response-body break-words whitespace-normal leading-[1.7]\">Der Hochdruckl\u00fcfter ist eine essenzielle Komponente f\u00fcr taktische Ventilationstrainings im modularen Taktik-Trainer. Er simuliert den Einsatz eines realen Feuerwehrl\u00fcfters und erm\u00f6glicht praxisnahe \u00dcbungen zur Druckbel\u00fcftung und Entrauchung in verschiedenen Geb\u00e4udestrukturen \u2013 so wie Einsatzkr\u00e4fte ihn auch im echten Einsatz einsetzen w\u00fcrden.<\/p>\n<p class=\"font-claude-response-body break-words whitespace-normal leading-[1.7]\"><strong>Aufbau und Funktion<\/strong><\/p>\n<p class=\"font-claude-response-body break-words whitespace-normal leading-[1.7]\">Der kompakte Hochdruckl\u00fcfter wird batteriebetrieben (3\u00d7 AAA) und l\u00e4sst sich flexibel au\u00dfen am Modell positionieren. Durch seine gezielte Luftf\u00fchrung k\u00f6nnen unterschiedliche Ventilationstaktiken getestet und optimiert werden \u2013 von der \u00dcberdruckbel\u00fcftung \u00fcber Rauchableitung bis hin zur taktischen Steuerung von Brandrauch. In Kombination mit dem <a href=\"https:\/\/bos-akademie.de\/produkt\/rauchgenerator\/\" target=\"_blank\" rel=\"noopener\">Rauchgenerator<\/a> lassen sich realistische Einsatzszenarien darstellen und das Verhalten von Rauch und Luftstr\u00f6men unter einsatznahen Bedingungen analysieren.<\/p>\n<p class=\"font-claude-response-body break-words whitespace-normal leading-[1.7]\">F\u00fcr ein noch realistischeres Training l\u00e4sst sich der Hochdruckl\u00fcfter gemeinsam mit dem <a href=\"https:\/\/bos-akademie.de\/produkt\/windgenerator\/\" target=\"_blank\" rel=\"noopener\">Windgenerator<\/a> einsetzen, um den Einfluss von Umgebungswind auf die Bel\u00fcftungsstrategie zu demonstrieren und zu trainieren.<\/p>\n<p class=\"font-claude-response-body break-words whitespace-normal leading-[1.7]\"><strong>Merkmale<\/strong><\/p>\n<ul class=\"[li_&amp;]:mb-0 [li_&amp;]:mt-1 [li_&amp;]:gap-1 [&amp;:not(:last-child)_ul]:pb-1 [&amp;:not(:last-child)_ol]:pb-1 list-disc flex flex-col gap-1 pl-8 mb-3\">\n<li class=\"whitespace-normal break-words pl-2\">Simuliert den Einsatz eines realen Feuerwehrl\u00fcfters zur Druckbel\u00fcftung und Entrauchung<\/li>\n<li class=\"whitespace-normal break-words pl-2\">Batteriebetrieben (3\u00d7 AAA)<\/li>\n<li class=\"whitespace-normal break-words pl-2\">Ideal in Kombination mit Rauchgenerator und Windgenerator<\/li>\n<li class=\"whitespace-normal break-words pl-2\">Kompakt und einfach in der Anwendung<\/li>\n<\/ul>\n<p class=\"font-claude-response-body break-words whitespace-normal leading-[1.7]\"><strong>Lieferumfang<\/strong><\/p>\n<ul class=\"[li_&amp;]:mb-0 [li_&amp;]:mt-1 [li_&amp;]:gap-1 [&amp;:not(:last-child)_ul]:pb-1 [&amp;:not(:last-child)_ol]:pb-1 list-disc flex flex-col gap-1 pl-8 mb-3\">\n<li class=\"whitespace-normal break-words pl-2\">1\u00d7 Hochdruckl\u00fcfter<\/li>\n<\/ul>\n","protected":false},"excerpt":{"rendered":"<p style=\"text-align: left;\">High-pressure fan for realistic smoke ventilation scenarios<span> \u2013 Enables hands-on training for tactical ventilation and smoke control in various operational situations.<\/span><\/p>","protected":false},"featured_media":1988,"template":"","meta":[],"product_brand":[],"product_cat":[56],"product_tag":[],"class_list":{"0":"post-156","1":"product","2":"type-product","3":"status-publish","4":"has-post-thumbnail","6":"product_cat-erweiterungen","8":"first","9":"instock","10":"taxable","11":"shipping-taxable","12":"purchasable","13":"product-type-simple"},"yoast_head":"<!-- This site is optimized with the Yoast SEO plugin v27.6 - https:\/\/yoast.com\/product\/yoast-seo-wordpress\/ -->\n<title>Hochdruckl\u00fcfter - BOS-Akademie<\/title>\n<meta name=\"description\" content=\"Der Hochdruckl\u00fcfter f\u00fcr den Taktik-Trainer simuliert den echten Feuerwehrl\u00fcfter \u2013 f\u00fcr praxisnahes Training von Druckbel\u00fcftung und Entrauchung.\" \/>\n<meta name=\"robots\" content=\"index, follow, max-snippet:-1, max-image-preview:large, max-video-preview:-1\" \/>\n<link rel=\"canonical\" href=\"https:\/\/bos-akademie.de\/en\/product\/hochdruckluefter\/\" \/>\n<meta property=\"og:locale\" content=\"en_US\" \/>\n<meta property=\"og:type\" content=\"article\" \/>\n<meta property=\"og:title\" content=\"Hochdruckl\u00fcfter - BOS-Akademie\" \/>\n<meta property=\"og:description\" content=\"Der Hochdruckl\u00fcfter f\u00fcr den Taktik-Trainer simuliert den echten Feuerwehrl\u00fcfter \u2013 f\u00fcr praxisnahes Training von Druckbel\u00fcftung und Entrauchung.\" \/>\n<meta property=\"og:url\" content=\"https:\/\/bos-akademie.de\/en\/product\/hochdruckluefter\/\" \/>\n<meta property=\"og:site_name\" content=\"BOS-Akademie\" \/>\n<meta property=\"article:modified_time\" content=\"2026-03-18T08:55:16+00:00\" \/>\n<meta property=\"og:image\" content=\"https:\/\/bos-akademie.de\/wp-content\/uploads\/2025\/01\/hochdruckluefter_front-1024x683.png\" \/>\n\t<meta property=\"og:image:width\" content=\"1024\" \/>\n\t<meta property=\"og:image:height\" content=\"683\" \/>\n\t<meta property=\"og:image:type\" content=\"image\/png\" \/>\n<meta name=\"twitter:card\" content=\"summary_large_image\" \/>\n<meta name=\"twitter:label1\" content=\"Est. reading time\" \/>\n\t<meta name=\"twitter:data1\" content=\"2 minutes\" \/>\n<script type=\"application\/ld+json\" class=\"yoast-schema-graph\">{\"@context\":\"https:\\\/\\\/schema.org\",\"@graph\":[{\"@type\":\"WebPage\",\"@id\":\"https:\\\/\\\/bos-akademie.de\\\/produkt\\\/hochdruckluefter\\\/\",\"url\":\"https:\\\/\\\/bos-akademie.de\\\/produkt\\\/hochdruckluefter\\\/\",\"name\":\"Hochdruckl\u00fcfter - BOS-Akademie\",\"isPartOf\":{\"@id\":\"https:\\\/\\\/bos-akademie.de\\\/#website\"},\"primaryImageOfPage\":{\"@id\":\"https:\\\/\\\/bos-akademie.de\\\/produkt\\\/hochdruckluefter\\\/#primaryimage\"},\"image\":{\"@id\":\"https:\\\/\\\/bos-akademie.de\\\/produkt\\\/hochdruckluefter\\\/#primaryimage\"},\"thumbnailUrl\":\"https:\\\/\\\/bos-akademie.de\\\/wp-content\\\/uploads\\\/2025\\\/01\\\/hochdruckluefter_front.png\",\"datePublished\":\"2025-01-31T12:09:55+00:00\",\"dateModified\":\"2026-03-18T08:55:16+00:00\",\"description\":\"Der Hochdruckl\u00fcfter f\u00fcr den Taktik-Trainer simuliert den echten Feuerwehrl\u00fcfter \u2013 f\u00fcr praxisnahes Training von Druckbel\u00fcftung und Entrauchung.\",\"breadcrumb\":{\"@id\":\"https:\\\/\\\/bos-akademie.de\\\/produkt\\\/hochdruckluefter\\\/#breadcrumb\"},\"inLanguage\":\"en-US\",\"potentialAction\":[{\"@type\":\"ReadAction\",\"target\":[\"https:\\\/\\\/bos-akademie.de\\\/produkt\\\/hochdruckluefter\\\/\"]}]},{\"@type\":\"ImageObject\",\"inLanguage\":\"en-US\",\"@id\":\"https:\\\/\\\/bos-akademie.de\\\/produkt\\\/hochdruckluefter\\\/#primaryimage\",\"url\":\"https:\\\/\\\/bos-akademie.de\\\/wp-content\\\/uploads\\\/2025\\\/01\\\/hochdruckluefter_front.png\",\"contentUrl\":\"https:\\\/\\\/bos-akademie.de\\\/wp-content\\\/uploads\\\/2025\\\/01\\\/hochdruckluefter_front.png\",\"width\":5472,\"height\":3648,\"caption\":\"Hochdruckl\u00fcfter\"},{\"@type\":\"BreadcrumbList\",\"@id\":\"https:\\\/\\\/bos-akademie.de\\\/produkt\\\/hochdruckluefter\\\/#breadcrumb\",\"itemListElement\":[{\"@type\":\"ListItem\",\"position\":1,\"name\":\"Startseite\",\"item\":\"https:\\\/\\\/bos-akademie.de\\\/\"},{\"@type\":\"ListItem\",\"position\":2,\"name\":\"Alle Produkte\",\"item\":\"https:\\\/\\\/bos-akademie.de\\\/alle-produkte\\\/\"},{\"@type\":\"ListItem\",\"position\":3,\"name\":\"Hochdruckl\u00fcfter\"}]},{\"@type\":\"WebSite\",\"@id\":\"https:\\\/\\\/bos-akademie.de\\\/#website\",\"url\":\"https:\\\/\\\/bos-akademie.de\\\/\",\"name\":\"BOS-Akademie\",\"description\":\"\",\"publisher\":{\"@id\":\"https:\\\/\\\/bos-akademie.de\\\/#organization\"},\"potentialAction\":[{\"@type\":\"SearchAction\",\"target\":{\"@type\":\"EntryPoint\",\"urlTemplate\":\"https:\\\/\\\/bos-akademie.de\\\/?s={search_term_string}\"},\"query-input\":{\"@type\":\"PropertyValueSpecification\",\"valueRequired\":true,\"valueName\":\"search_term_string\"}}],\"inLanguage\":\"en-US\"},{\"@type\":\"Organization\",\"@id\":\"https:\\\/\\\/bos-akademie.de\\\/#organization\",\"name\":\"BOS-Akademie\",\"url\":\"https:\\\/\\\/bos-akademie.de\\\/\",\"logo\":{\"@type\":\"ImageObject\",\"inLanguage\":\"en-US\",\"@id\":\"https:\\\/\\\/bos-akademie.de\\\/#\\\/schema\\\/logo\\\/image\\\/\",\"url\":\"https:\\\/\\\/bos-akademie.de\\\/wp-content\\\/uploads\\\/2025\\\/01\\\/cropped-BosAkademieLogo.png\",\"contentUrl\":\"https:\\\/\\\/bos-akademie.de\\\/wp-content\\\/uploads\\\/2025\\\/01\\\/cropped-BosAkademieLogo.png\",\"width\":167,\"height\":112,\"caption\":\"BOS-Akademie\"},\"image\":{\"@id\":\"https:\\\/\\\/bos-akademie.de\\\/#\\\/schema\\\/logo\\\/image\\\/\"}}]}<\/script>\n<!-- \/ Yoast SEO plugin. -->","yoast_head_json":{"title":"Hochdruckl\u00fcfter - BOS-Akademie","description":"Der Hochdruckl\u00fcfter f\u00fcr den Taktik-Trainer simuliert den echten Feuerwehrl\u00fcfter \u2013 f\u00fcr praxisnahes Training von Druckbel\u00fcftung und Entrauchung.","robots":{"index":"index","follow":"follow","max-snippet":"max-snippet:-1","max-image-preview":"max-image-preview:large","max-video-preview":"max-video-preview:-1"},"canonical":"https:\/\/bos-akademie.de\/en\/product\/hochdruckluefter\/","og_locale":"en_US","og_type":"article","og_title":"Hochdruckl\u00fcfter - BOS-Akademie","og_description":"Der Hochdruckl\u00fcfter f\u00fcr den Taktik-Trainer simuliert den echten Feuerwehrl\u00fcfter \u2013 f\u00fcr praxisnahes Training von Druckbel\u00fcftung und Entrauchung.","og_url":"https:\/\/bos-akademie.de\/en\/product\/hochdruckluefter\/","og_site_name":"BOS-Akademie","article_modified_time":"2026-03-18T08:55:16+00:00","og_image":[{"width":1024,"height":683,"url":"https:\/\/bos-akademie.de\/wp-content\/uploads\/2025\/01\/hochdruckluefter_front-1024x683.png","type":"image\/png"}],"twitter_card":"summary_large_image","twitter_misc":{"Est. reading time":"2 minutes"},"schema":{"@context":"https:\/\/schema.org","@graph":[{"@type":"WebPage","@id":"https:\/\/bos-akademie.de\/produkt\/hochdruckluefter\/","url":"https:\/\/bos-akademie.de\/produkt\/hochdruckluefter\/","name":"Hochdruckl\u00fcfter - BOS-Akademie","isPartOf":{"@id":"https:\/\/bos-akademie.de\/#website"},"primaryImageOfPage":{"@id":"https:\/\/bos-akademie.de\/produkt\/hochdruckluefter\/#primaryimage"},"image":{"@id":"https:\/\/bos-akademie.de\/produkt\/hochdruckluefter\/#primaryimage"},"thumbnailUrl":"https:\/\/bos-akademie.de\/wp-content\/uploads\/2025\/01\/hochdruckluefter_front.png","datePublished":"2025-01-31T12:09:55+00:00","dateModified":"2026-03-18T08:55:16+00:00","description":"Der Hochdruckl\u00fcfter f\u00fcr den Taktik-Trainer simuliert den echten Feuerwehrl\u00fcfter \u2013 f\u00fcr praxisnahes Training von Druckbel\u00fcftung und Entrauchung.","breadcrumb":{"@id":"https:\/\/bos-akademie.de\/produkt\/hochdruckluefter\/#breadcrumb"},"inLanguage":"en-US","potentialAction":[{"@type":"ReadAction","target":["https:\/\/bos-akademie.de\/produkt\/hochdruckluefter\/"]}]},{"@type":"ImageObject","inLanguage":"en-US","@id":"https:\/\/bos-akademie.de\/produkt\/hochdruckluefter\/#primaryimage","url":"https:\/\/bos-akademie.de\/wp-content\/uploads\/2025\/01\/hochdruckluefter_front.png","contentUrl":"https:\/\/bos-akademie.de\/wp-content\/uploads\/2025\/01\/hochdruckluefter_front.png","width":5472,"height":3648,"caption":"Hochdruckl\u00fcfter"},{"@type":"BreadcrumbList","@id":"https:\/\/bos-akademie.de\/produkt\/hochdruckluefter\/#breadcrumb","itemListElement":[{"@type":"ListItem","position":1,"name":"Startseite","item":"https:\/\/bos-akademie.de\/"},{"@type":"ListItem","position":2,"name":"Alle Produkte","item":"https:\/\/bos-akademie.de\/alle-produkte\/"},{"@type":"ListItem","position":3,"name":"Hochdruckl\u00fcfter"}]},{"@type":"WebSite","@id":"https:\/\/bos-akademie.de\/#website","url":"https:\/\/bos-akademie.de\/","name":"BOS-Akademie","description":"","publisher":{"@id":"https:\/\/bos-akademie.de\/#organization"},"potentialAction":[{"@type":"SearchAction","target":{"@type":"EntryPoint","urlTemplate":"https:\/\/bos-akademie.de\/?s={search_term_string}"},"query-input":{"@type":"PropertyValueSpecification","valueRequired":true,"valueName":"search_term_string"}}],"inLanguage":"en-US"},{"@type":"Organization","@id":"https:\/\/bos-akademie.de\/#organization","name":"BOS-Akademie","url":"https:\/\/bos-akademie.de\/","logo":{"@type":"ImageObject","inLanguage":"en-US","@id":"https:\/\/bos-akademie.de\/#\/schema\/logo\/image\/","url":"https:\/\/bos-akademie.de\/wp-content\/uploads\/2025\/01\/cropped-BosAkademieLogo.png","contentUrl":"https:\/\/bos-akademie.de\/wp-content\/uploads\/2025\/01\/cropped-BosAkademieLogo.png","width":167,"height":112,"caption":"BOS-Akademie"},"image":{"@id":"https:\/\/bos-akademie.de\/#\/schema\/logo\/image\/"}}]}},"_links":{"self":[{"href":"https:\/\/bos-akademie.de\/en\/wp-json\/wp\/v2\/product\/156","targetHints":{"allow":["GET"]}}],"collection":[{"href":"https:\/\/bos-akademie.de\/en\/wp-json\/wp\/v2\/product"}],"about":[{"href":"https:\/\/bos-akademie.de\/en\/wp-json\/wp\/v2\/types\/product"}],"wp:featuredmedia":[{"embeddable":true,"href":"https:\/\/bos-akademie.de\/en\/wp-json\/wp\/v2\/media\/1988"}],"wp:attachment":[{"href":"https:\/\/bos-akademie.de\/en\/wp-json\/wp\/v2\/media?parent=156"}],"wp:term":[{"taxonomy":"product_brand","embeddable":true,"href":"https:\/\/bos-akademie.de\/en\/wp-json\/wp\/v2\/product_brand?post=156"},{"taxonomy":"product_cat","embeddable":true,"href":"https:\/\/bos-akademie.de\/en\/wp-json\/wp\/v2\/product_cat?post=156"},{"taxonomy":"product_tag","embeddable":true,"href":"https:\/\/bos-akademie.de\/en\/wp-json\/wp\/v2\/product_tag?post=156"}],"curies":[{"name":"wp","href":"https:\/\/api.w.org\/{rel}","templated":true}]}}