{"id":2008,"date":"2025-03-06T09:04:08","date_gmt":"2025-03-06T09:04:08","guid":{"rendered":"https:\/\/bos-akademie.de\/?post_type=product&#038;p=2008"},"modified":"2026-03-20T12:50:14","modified_gmt":"2026-03-20T12:50:14","slug":"serviceklappe","status":"publish","type":"product","link":"https:\/\/bos-akademie.de\/en\/product\/serviceklappe\/","title":{"rendered":"Service hatch"},"content":{"rendered":"<h5 class=\"font-claude-response-body break-words whitespace-normal leading-[1.7]\">Serviceklappe f\u00fcr den Taktik-Trainer<\/h5>\n<p class=\"font-claude-response-body break-words whitespace-normal leading-[1.7]\">Die Serviceklappe ist eine praktische Erg\u00e4nzung f\u00fcr den <a href=\"https:\/\/bos-akademie.de\/produkt\/taktik-trainer-konfigurator\/\" target=\"_blank\" rel=\"noopener\">Taktik-Trainer<\/a> und erm\u00f6glicht schnellen, unkomplizierten Zugriff auf das Innere des Modellhauses. Eingebaut in eine doppelte Wand, l\u00e4sst sich der Einsatz vollst\u00e4ndig herausnehmen und wieder einsetzen \u2013 ohne dass ganze Etagen oder Decken entfernt werden m\u00fcssen.<\/p>\n<p class=\"font-claude-response-body break-words whitespace-normal leading-[1.7]\">So k\u00f6nnen Anpassungen wie das Einsetzen eines Rauchgenerators oder andere \u00c4nderungen im Inneren des Hauses schnell vorgenommen werden, ohne den \u00dcbungsaufbau zu unterbrechen. Die Serviceklappe ist kompatibel mit allen Wohnhaus-Konfigurationen des Taktik-Trainers.<\/p>\n<h5 class=\"font-claude-response-body break-words whitespace-normal leading-[1.7]\">Merkmale<\/h5>\n<ul class=\"[li_&amp;]:mb-0 [li_&amp;]:mt-1 [li_&amp;]:gap-1 [&amp;:not(:last-child)_ul]:pb-1 [&amp;:not(:last-child)_ol]:pb-1 list-disc flex flex-col gap-1 pl-8 mb-3\">\n<li class=\"whitespace-normal break-words pl-2\">Schnell entfernbar und wieder einsetzbar<\/li>\n<li class=\"whitespace-normal break-words pl-2\">Kein Entfernen ganzer Etagen oder Decken notwendig<\/li>\n<li class=\"whitespace-normal break-words pl-2\">Erm\u00f6glicht einfachen Zugriff f\u00fcr Anpassungen und Wartungsarbeiten<\/li>\n<li class=\"whitespace-normal break-words pl-2\">Perfekte Erg\u00e4nzung f\u00fcr ein flexibles Training ohne Unterbrechungen<\/li>\n<\/ul>\n<h5 class=\"font-claude-response-body break-words whitespace-normal leading-[1.7]\">Lieferumfang<\/h5>\n<ul class=\"[li_&amp;]:mb-0 [li_&amp;]:mt-1 [li_&amp;]:gap-1 [&amp;:not(:last-child)_ul]:pb-1 [&amp;:not(:last-child)_ol]:pb-1 list-disc flex flex-col gap-1 pl-8 mb-3\">\n<li class=\"whitespace-normal break-words pl-2\">1\u00d7 Serviceklapperahmen<\/li>\n<li class=\"whitespace-normal break-words pl-2\">1\u00d7 Serviceklappeneinsatz aus Plexiglas mit Griff<\/li>\n<\/ul>\n","protected":false},"excerpt":{"rendered":"<p style=\"text-align: left;\"><span>Die Serviceklappe erm\u00f6glicht schnellen Zugriff auf das Innere des Taktik-Trainers \u2013 ohne den \u00dcbungsaufbau zu unterbrechen.<\/span><\/p>","protected":false},"featured_media":7359,"template":"","meta":[],"product_brand":[],"product_cat":[55],"product_tag":[],"class_list":{"0":"post-2008","1":"product","2":"type-product","3":"status-publish","4":"has-post-thumbnail","6":"product_cat-einzelkomponenten","8":"first","9":"instock","10":"taxable","11":"shipping-taxable","12":"purchasable","13":"product-type-variable"},"yoast_head":"<!-- This site is optimized with the Yoast SEO plugin v27.6 - https:\/\/yoast.com\/product\/yoast-seo-wordpress\/ -->\n<title>Serviceklappe - BOS-Akademie<\/title>\n<meta name=\"description\" content=\"Die Serviceklappe f\u00fcr den Taktik-Trainer erm\u00f6glicht einfachen Zugriff auf das Innere des Modellhauses \u2013 f\u00fcr schnelle Anpassungen ohne Demontage.\" \/>\n<meta name=\"robots\" content=\"index, follow, max-snippet:-1, max-image-preview:large, max-video-preview:-1\" \/>\n<link rel=\"canonical\" href=\"https:\/\/bos-akademie.de\/en\/product\/serviceklappe\/\" \/>\n<meta property=\"og:locale\" content=\"en_US\" \/>\n<meta property=\"og:type\" content=\"article\" \/>\n<meta property=\"og:title\" content=\"Serviceklappe - BOS-Akademie\" \/>\n<meta property=\"og:description\" content=\"Die Serviceklappe f\u00fcr den Taktik-Trainer erm\u00f6glicht einfachen Zugriff auf das Innere des Modellhauses \u2013 f\u00fcr schnelle Anpassungen ohne Demontage.\" \/>\n<meta property=\"og:url\" content=\"https:\/\/bos-akademie.de\/en\/product\/serviceklappe\/\" \/>\n<meta property=\"og:site_name\" content=\"BOS-Akademie\" \/>\n<meta property=\"article:modified_time\" content=\"2026-03-20T12:50:14+00:00\" \/>\n<meta property=\"og:image\" content=\"https:\/\/bos-akademie.de\/wp-content\/uploads\/2025\/03\/IMG_7356-1-1024x768.png\" \/>\n\t<meta property=\"og:image:width\" content=\"1024\" \/>\n\t<meta property=\"og:image:height\" content=\"768\" \/>\n\t<meta property=\"og:image:type\" content=\"image\/png\" \/>\n<meta name=\"twitter:card\" content=\"summary_large_image\" \/>\n<meta name=\"twitter:label1\" content=\"Est. reading time\" \/>\n\t<meta name=\"twitter:data1\" content=\"1 minute\" \/>\n<script type=\"application\/ld+json\" class=\"yoast-schema-graph\">{\"@context\":\"https:\\\/\\\/schema.org\",\"@graph\":[{\"@type\":\"WebPage\",\"@id\":\"https:\\\/\\\/bos-akademie.de\\\/produkt\\\/serviceklappe\\\/\",\"url\":\"https:\\\/\\\/bos-akademie.de\\\/produkt\\\/serviceklappe\\\/\",\"name\":\"Serviceklappe - BOS-Akademie\",\"isPartOf\":{\"@id\":\"https:\\\/\\\/bos-akademie.de\\\/#website\"},\"primaryImageOfPage\":{\"@id\":\"https:\\\/\\\/bos-akademie.de\\\/produkt\\\/serviceklappe\\\/#primaryimage\"},\"image\":{\"@id\":\"https:\\\/\\\/bos-akademie.de\\\/produkt\\\/serviceklappe\\\/#primaryimage\"},\"thumbnailUrl\":\"https:\\\/\\\/bos-akademie.de\\\/wp-content\\\/uploads\\\/2025\\\/03\\\/IMG_7356-1-scaled.png\",\"datePublished\":\"2025-03-06T09:04:08+00:00\",\"dateModified\":\"2026-03-20T12:50:14+00:00\",\"description\":\"Die Serviceklappe f\u00fcr den Taktik-Trainer erm\u00f6glicht einfachen Zugriff auf das Innere des Modellhauses \u2013 f\u00fcr schnelle Anpassungen ohne Demontage.\",\"breadcrumb\":{\"@id\":\"https:\\\/\\\/bos-akademie.de\\\/produkt\\\/serviceklappe\\\/#breadcrumb\"},\"inLanguage\":\"en-US\",\"potentialAction\":[{\"@type\":\"ReadAction\",\"target\":[\"https:\\\/\\\/bos-akademie.de\\\/produkt\\\/serviceklappe\\\/\"]}]},{\"@type\":\"ImageObject\",\"inLanguage\":\"en-US\",\"@id\":\"https:\\\/\\\/bos-akademie.de\\\/produkt\\\/serviceklappe\\\/#primaryimage\",\"url\":\"https:\\\/\\\/bos-akademie.de\\\/wp-content\\\/uploads\\\/2025\\\/03\\\/IMG_7356-1-scaled.png\",\"contentUrl\":\"https:\\\/\\\/bos-akademie.de\\\/wp-content\\\/uploads\\\/2025\\\/03\\\/IMG_7356-1-scaled.png\",\"width\":2560,\"height\":1920,\"caption\":\"Geschlossene Serviceklappe\"},{\"@type\":\"BreadcrumbList\",\"@id\":\"https:\\\/\\\/bos-akademie.de\\\/produkt\\\/serviceklappe\\\/#breadcrumb\",\"itemListElement\":[{\"@type\":\"ListItem\",\"position\":1,\"name\":\"Startseite\",\"item\":\"https:\\\/\\\/bos-akademie.de\\\/\"},{\"@type\":\"ListItem\",\"position\":2,\"name\":\"Alle Produkte\",\"item\":\"https:\\\/\\\/bos-akademie.de\\\/alle-produkte\\\/\"},{\"@type\":\"ListItem\",\"position\":3,\"name\":\"Serviceklappe\"}]},{\"@type\":\"WebSite\",\"@id\":\"https:\\\/\\\/bos-akademie.de\\\/#website\",\"url\":\"https:\\\/\\\/bos-akademie.de\\\/\",\"name\":\"BOS-Akademie\",\"description\":\"\",\"publisher\":{\"@id\":\"https:\\\/\\\/bos-akademie.de\\\/#organization\"},\"potentialAction\":[{\"@type\":\"SearchAction\",\"target\":{\"@type\":\"EntryPoint\",\"urlTemplate\":\"https:\\\/\\\/bos-akademie.de\\\/?s={search_term_string}\"},\"query-input\":{\"@type\":\"PropertyValueSpecification\",\"valueRequired\":true,\"valueName\":\"search_term_string\"}}],\"inLanguage\":\"en-US\"},{\"@type\":\"Organization\",\"@id\":\"https:\\\/\\\/bos-akademie.de\\\/#organization\",\"name\":\"BOS-Akademie\",\"url\":\"https:\\\/\\\/bos-akademie.de\\\/\",\"logo\":{\"@type\":\"ImageObject\",\"inLanguage\":\"en-US\",\"@id\":\"https:\\\/\\\/bos-akademie.de\\\/#\\\/schema\\\/logo\\\/image\\\/\",\"url\":\"https:\\\/\\\/bos-akademie.de\\\/wp-content\\\/uploads\\\/2025\\\/01\\\/cropped-BosAkademieLogo.png\",\"contentUrl\":\"https:\\\/\\\/bos-akademie.de\\\/wp-content\\\/uploads\\\/2025\\\/01\\\/cropped-BosAkademieLogo.png\",\"width\":167,\"height\":112,\"caption\":\"BOS-Akademie\"},\"image\":{\"@id\":\"https:\\\/\\\/bos-akademie.de\\\/#\\\/schema\\\/logo\\\/image\\\/\"}}]}<\/script>\n<!-- \/ Yoast SEO plugin. -->","yoast_head_json":{"title":"Serviceklappe - BOS-Akademie","description":"Die Serviceklappe f\u00fcr den Taktik-Trainer erm\u00f6glicht einfachen Zugriff auf das Innere des Modellhauses \u2013 f\u00fcr schnelle Anpassungen ohne Demontage.","robots":{"index":"index","follow":"follow","max-snippet":"max-snippet:-1","max-image-preview":"max-image-preview:large","max-video-preview":"max-video-preview:-1"},"canonical":"https:\/\/bos-akademie.de\/en\/product\/serviceklappe\/","og_locale":"en_US","og_type":"article","og_title":"Serviceklappe - BOS-Akademie","og_description":"Die Serviceklappe f\u00fcr den Taktik-Trainer erm\u00f6glicht einfachen Zugriff auf das Innere des Modellhauses \u2013 f\u00fcr schnelle Anpassungen ohne Demontage.","og_url":"https:\/\/bos-akademie.de\/en\/product\/serviceklappe\/","og_site_name":"BOS-Akademie","article_modified_time":"2026-03-20T12:50:14+00:00","og_image":[{"width":1024,"height":768,"url":"https:\/\/bos-akademie.de\/wp-content\/uploads\/2025\/03\/IMG_7356-1-1024x768.png","type":"image\/png"}],"twitter_card":"summary_large_image","twitter_misc":{"Est. reading time":"1 minute"},"schema":{"@context":"https:\/\/schema.org","@graph":[{"@type":"WebPage","@id":"https:\/\/bos-akademie.de\/produkt\/serviceklappe\/","url":"https:\/\/bos-akademie.de\/produkt\/serviceklappe\/","name":"Serviceklappe - BOS-Akademie","isPartOf":{"@id":"https:\/\/bos-akademie.de\/#website"},"primaryImageOfPage":{"@id":"https:\/\/bos-akademie.de\/produkt\/serviceklappe\/#primaryimage"},"image":{"@id":"https:\/\/bos-akademie.de\/produkt\/serviceklappe\/#primaryimage"},"thumbnailUrl":"https:\/\/bos-akademie.de\/wp-content\/uploads\/2025\/03\/IMG_7356-1-scaled.png","datePublished":"2025-03-06T09:04:08+00:00","dateModified":"2026-03-20T12:50:14+00:00","description":"Die Serviceklappe f\u00fcr den Taktik-Trainer erm\u00f6glicht einfachen Zugriff auf das Innere des Modellhauses \u2013 f\u00fcr schnelle Anpassungen ohne Demontage.","breadcrumb":{"@id":"https:\/\/bos-akademie.de\/produkt\/serviceklappe\/#breadcrumb"},"inLanguage":"en-US","potentialAction":[{"@type":"ReadAction","target":["https:\/\/bos-akademie.de\/produkt\/serviceklappe\/"]}]},{"@type":"ImageObject","inLanguage":"en-US","@id":"https:\/\/bos-akademie.de\/produkt\/serviceklappe\/#primaryimage","url":"https:\/\/bos-akademie.de\/wp-content\/uploads\/2025\/03\/IMG_7356-1-scaled.png","contentUrl":"https:\/\/bos-akademie.de\/wp-content\/uploads\/2025\/03\/IMG_7356-1-scaled.png","width":2560,"height":1920,"caption":"Geschlossene Serviceklappe"},{"@type":"BreadcrumbList","@id":"https:\/\/bos-akademie.de\/produkt\/serviceklappe\/#breadcrumb","itemListElement":[{"@type":"ListItem","position":1,"name":"Startseite","item":"https:\/\/bos-akademie.de\/"},{"@type":"ListItem","position":2,"name":"Alle Produkte","item":"https:\/\/bos-akademie.de\/alle-produkte\/"},{"@type":"ListItem","position":3,"name":"Serviceklappe"}]},{"@type":"WebSite","@id":"https:\/\/bos-akademie.de\/#website","url":"https:\/\/bos-akademie.de\/","name":"BOS-Akademie","description":"","publisher":{"@id":"https:\/\/bos-akademie.de\/#organization"},"potentialAction":[{"@type":"SearchAction","target":{"@type":"EntryPoint","urlTemplate":"https:\/\/bos-akademie.de\/?s={search_term_string}"},"query-input":{"@type":"PropertyValueSpecification","valueRequired":true,"valueName":"search_term_string"}}],"inLanguage":"en-US"},{"@type":"Organization","@id":"https:\/\/bos-akademie.de\/#organization","name":"BOS-Akademie","url":"https:\/\/bos-akademie.de\/","logo":{"@type":"ImageObject","inLanguage":"en-US","@id":"https:\/\/bos-akademie.de\/#\/schema\/logo\/image\/","url":"https:\/\/bos-akademie.de\/wp-content\/uploads\/2025\/01\/cropped-BosAkademieLogo.png","contentUrl":"https:\/\/bos-akademie.de\/wp-content\/uploads\/2025\/01\/cropped-BosAkademieLogo.png","width":167,"height":112,"caption":"BOS-Akademie"},"image":{"@id":"https:\/\/bos-akademie.de\/#\/schema\/logo\/image\/"}}]}},"_links":{"self":[{"href":"https:\/\/bos-akademie.de\/en\/wp-json\/wp\/v2\/product\/2008","targetHints":{"allow":["GET"]}}],"collection":[{"href":"https:\/\/bos-akademie.de\/en\/wp-json\/wp\/v2\/product"}],"about":[{"href":"https:\/\/bos-akademie.de\/en\/wp-json\/wp\/v2\/types\/product"}],"wp:featuredmedia":[{"embeddable":true,"href":"https:\/\/bos-akademie.de\/en\/wp-json\/wp\/v2\/media\/7359"}],"wp:attachment":[{"href":"https:\/\/bos-akademie.de\/en\/wp-json\/wp\/v2\/media?parent=2008"}],"wp:term":[{"taxonomy":"product_brand","embeddable":true,"href":"https:\/\/bos-akademie.de\/en\/wp-json\/wp\/v2\/product_brand?post=2008"},{"taxonomy":"product_cat","embeddable":true,"href":"https:\/\/bos-akademie.de\/en\/wp-json\/wp\/v2\/product_cat?post=2008"},{"taxonomy":"product_tag","embeddable":true,"href":"https:\/\/bos-akademie.de\/en\/wp-json\/wp\/v2\/product_tag?post=2008"}],"curies":[{"name":"wp","href":"https:\/\/api.w.org\/{rel}","templated":true}]}}