{"id":209,"date":"2025-02-03T09:17:32","date_gmt":"2025-02-03T09:17:32","guid":{"rendered":"https:\/\/bos-akademie.de\/?post_type=product&#038;p=209"},"modified":"2025-06-26T12:20:06","modified_gmt":"2025-06-26T12:20:06","slug":"taktiktrainer-komponente-wand","status":"publish","type":"product","link":"https:\/\/bos-akademie.de\/en\/product\/taktiktrainer-komponente-wand\/","title":{"rendered":"Wall"},"content":{"rendered":"<p><span>The wall is a core component of the Taktik-Trainer, designed to fit flexibly between two pillars to create custom room layouts. It can be used as both an interior and exterior wall and is available with either transparent or frosted panels, allowing realistic visual access to the interior of the model. The frosted version intentionally reduces visibility to enhance training realism. An integrated felt seal ensures a stable and airtight fit. The wall can be quickly swapped out, making it easy to adapt floor plans to a variety of training scenarios.<\/span><\/p>\n<p><strong>Note<\/strong><span>: This component is essential for all Taktik-Trainer constructions and allows for the flexible expansion of existing setups.<\/span><\/p>\n<h4>Key Features<\/h4>\n<ul>\n<li><span>Flexible placement between two pillars for customized layouts<\/span><\/li>\n<li><span>Suitable<\/span>for use as interior or exterior wall<\/li>\n<li><span>Clear visibility into the interior for training and observation<\/span><\/li>\n<li><span>Matte panels reduce visibility for enhanced realism<\/span><\/li>\n<li><span>Quick replacement for various training scenarios<\/span><\/li>\n<li><span>Stable, airtight connection via felt sealing<\/span><\/li>\n<\/ul>\n<h4>Variants:<\/h4>\n<p>Available in clear and mat, in the following versions: <strong>durchsichtig<\/strong> and <strong>frosted<\/strong>:<\/p>\n<ul>\n<li>single wall<\/li>\n<li>double wall<\/li>\n<li>triple wall<\/li>\n<\/ul>\n<p><span>Each variant is available <strong>with<\/strong> or <strong>without drilling<\/strong> for using the door opener.<\/span><\/p>\n<h4>Included Components:<\/h4>\n<ul>\n<li>1 wall element with felt sealing<\/li>\n<li><span style=\"text-decoration: underline;\">For double and triple walls:<\/span>: slit pins and plugs <span>for placing a post above the wall or sealing the base if no pillar is installed underneath.<\/span><\/li>\n<\/ul>","protected":false},"excerpt":{"rendered":"<p style=\"text-align: left;\"><span>The <\/span>Wall<span> made of plexiglass is inserted between two pillars and serves as an interior or exterior wall for the Taktik-Trainer. It allows for flexible and customizable floor plan construction.<\/span><\/p>","protected":false},"featured_media":1581,"template":"","meta":[],"product_brand":[],"product_cat":[55],"product_tag":[],"class_list":{"0":"post-209","1":"product","2":"type-product","3":"status-publish","4":"has-post-thumbnail","6":"product_cat-einzelkomponenten","8":"first","9":"instock","10":"taxable","11":"shipping-taxable","12":"purchasable","13":"product-type-variable","14":"has-default-attributes"},"yoast_head":"<!-- This site is optimized with the Yoast SEO plugin v27.6 - https:\/\/yoast.com\/product\/yoast-seo-wordpress\/ -->\n<title>Wand - BOS-Akademie<\/title>\n<meta name=\"robots\" content=\"index, follow, max-snippet:-1, max-image-preview:large, max-video-preview:-1\" \/>\n<link rel=\"canonical\" href=\"https:\/\/bos-akademie.de\/en\/product\/taktiktrainer-komponente-wand\/\" \/>\n<meta property=\"og:locale\" content=\"en_US\" \/>\n<meta property=\"og:type\" content=\"article\" \/>\n<meta property=\"og:title\" content=\"Wand - BOS-Akademie\" \/>\n<meta property=\"og:description\" content=\"Die Wand aus Plexiglas wird zwischen zwei Pfeilern eingesetzt und dient als Innen- oder Au\u00dfenwand f\u00fcr den Taktik-Trainer. Sie erm\u00f6glicht einen flexiblen und anpassbaren Grundrissbau.\" \/>\n<meta property=\"og:url\" content=\"https:\/\/bos-akademie.de\/en\/product\/taktiktrainer-komponente-wand\/\" \/>\n<meta property=\"og:site_name\" content=\"BOS-Akademie\" \/>\n<meta property=\"article:modified_time\" content=\"2025-06-26T12:20:06+00:00\" \/>\n<meta property=\"og:image\" content=\"https:\/\/bos-akademie.de\/wp-content\/uploads\/2025\/02\/wand_titelbild-1024x683.png\" \/>\n\t<meta property=\"og:image:width\" content=\"1024\" \/>\n\t<meta property=\"og:image:height\" content=\"683\" \/>\n\t<meta property=\"og:image:type\" content=\"image\/png\" \/>\n<meta name=\"twitter:card\" content=\"summary_large_image\" \/>\n<meta name=\"twitter:label1\" content=\"Est. reading time\" \/>\n\t<meta name=\"twitter:data1\" content=\"2 minutes\" \/>\n<script type=\"application\/ld+json\" class=\"yoast-schema-graph\">{\"@context\":\"https:\\\/\\\/schema.org\",\"@graph\":[{\"@type\":\"WebPage\",\"@id\":\"https:\\\/\\\/bos-akademie.de\\\/produkt\\\/taktiktrainer-komponente-wand\\\/\",\"url\":\"https:\\\/\\\/bos-akademie.de\\\/produkt\\\/taktiktrainer-komponente-wand\\\/\",\"name\":\"Wand - BOS-Akademie\",\"isPartOf\":{\"@id\":\"https:\\\/\\\/bos-akademie.de\\\/#website\"},\"primaryImageOfPage\":{\"@id\":\"https:\\\/\\\/bos-akademie.de\\\/produkt\\\/taktiktrainer-komponente-wand\\\/#primaryimage\"},\"image\":{\"@id\":\"https:\\\/\\\/bos-akademie.de\\\/produkt\\\/taktiktrainer-komponente-wand\\\/#primaryimage\"},\"thumbnailUrl\":\"https:\\\/\\\/bos-akademie.de\\\/wp-content\\\/uploads\\\/2025\\\/02\\\/wand_titelbild.png\",\"datePublished\":\"2025-02-03T09:17:32+00:00\",\"dateModified\":\"2025-06-26T12:20:06+00:00\",\"breadcrumb\":{\"@id\":\"https:\\\/\\\/bos-akademie.de\\\/produkt\\\/taktiktrainer-komponente-wand\\\/#breadcrumb\"},\"inLanguage\":\"en-US\",\"potentialAction\":[{\"@type\":\"ReadAction\",\"target\":[\"https:\\\/\\\/bos-akademie.de\\\/produkt\\\/taktiktrainer-komponente-wand\\\/\"]}]},{\"@type\":\"ImageObject\",\"inLanguage\":\"en-US\",\"@id\":\"https:\\\/\\\/bos-akademie.de\\\/produkt\\\/taktiktrainer-komponente-wand\\\/#primaryimage\",\"url\":\"https:\\\/\\\/bos-akademie.de\\\/wp-content\\\/uploads\\\/2025\\\/02\\\/wand_titelbild.png\",\"contentUrl\":\"https:\\\/\\\/bos-akademie.de\\\/wp-content\\\/uploads\\\/2025\\\/02\\\/wand_titelbild.png\",\"width\":5472,\"height\":3648,\"caption\":\"Einzelteil Wand\"},{\"@type\":\"BreadcrumbList\",\"@id\":\"https:\\\/\\\/bos-akademie.de\\\/produkt\\\/taktiktrainer-komponente-wand\\\/#breadcrumb\",\"itemListElement\":[{\"@type\":\"ListItem\",\"position\":1,\"name\":\"Startseite\",\"item\":\"https:\\\/\\\/bos-akademie.de\\\/\"},{\"@type\":\"ListItem\",\"position\":2,\"name\":\"Alle Produkte\",\"item\":\"https:\\\/\\\/bos-akademie.de\\\/alle-produkte\\\/\"},{\"@type\":\"ListItem\",\"position\":3,\"name\":\"Wand\"}]},{\"@type\":\"WebSite\",\"@id\":\"https:\\\/\\\/bos-akademie.de\\\/#website\",\"url\":\"https:\\\/\\\/bos-akademie.de\\\/\",\"name\":\"BOS-Akademie\",\"description\":\"\",\"publisher\":{\"@id\":\"https:\\\/\\\/bos-akademie.de\\\/#organization\"},\"potentialAction\":[{\"@type\":\"SearchAction\",\"target\":{\"@type\":\"EntryPoint\",\"urlTemplate\":\"https:\\\/\\\/bos-akademie.de\\\/?s={search_term_string}\"},\"query-input\":{\"@type\":\"PropertyValueSpecification\",\"valueRequired\":true,\"valueName\":\"search_term_string\"}}],\"inLanguage\":\"en-US\"},{\"@type\":\"Organization\",\"@id\":\"https:\\\/\\\/bos-akademie.de\\\/#organization\",\"name\":\"BOS-Akademie\",\"url\":\"https:\\\/\\\/bos-akademie.de\\\/\",\"logo\":{\"@type\":\"ImageObject\",\"inLanguage\":\"en-US\",\"@id\":\"https:\\\/\\\/bos-akademie.de\\\/#\\\/schema\\\/logo\\\/image\\\/\",\"url\":\"https:\\\/\\\/bos-akademie.de\\\/wp-content\\\/uploads\\\/2025\\\/01\\\/cropped-BosAkademieLogo.png\",\"contentUrl\":\"https:\\\/\\\/bos-akademie.de\\\/wp-content\\\/uploads\\\/2025\\\/01\\\/cropped-BosAkademieLogo.png\",\"width\":167,\"height\":112,\"caption\":\"BOS-Akademie\"},\"image\":{\"@id\":\"https:\\\/\\\/bos-akademie.de\\\/#\\\/schema\\\/logo\\\/image\\\/\"}}]}<\/script>\n<!-- \/ Yoast SEO plugin. -->","yoast_head_json":{"title":"Wand - BOS-Akademie","robots":{"index":"index","follow":"follow","max-snippet":"max-snippet:-1","max-image-preview":"max-image-preview:large","max-video-preview":"max-video-preview:-1"},"canonical":"https:\/\/bos-akademie.de\/en\/product\/taktiktrainer-komponente-wand\/","og_locale":"en_US","og_type":"article","og_title":"Wand - BOS-Akademie","og_description":"Die Wand aus Plexiglas wird zwischen zwei Pfeilern eingesetzt und dient als Innen- oder Au\u00dfenwand f\u00fcr den Taktik-Trainer. Sie erm\u00f6glicht einen flexiblen und anpassbaren Grundrissbau.","og_url":"https:\/\/bos-akademie.de\/en\/product\/taktiktrainer-komponente-wand\/","og_site_name":"BOS-Akademie","article_modified_time":"2025-06-26T12:20:06+00:00","og_image":[{"width":1024,"height":683,"url":"https:\/\/bos-akademie.de\/wp-content\/uploads\/2025\/02\/wand_titelbild-1024x683.png","type":"image\/png"}],"twitter_card":"summary_large_image","twitter_misc":{"Est. reading time":"2 minutes"},"schema":{"@context":"https:\/\/schema.org","@graph":[{"@type":"WebPage","@id":"https:\/\/bos-akademie.de\/produkt\/taktiktrainer-komponente-wand\/","url":"https:\/\/bos-akademie.de\/produkt\/taktiktrainer-komponente-wand\/","name":"Wand - BOS-Akademie","isPartOf":{"@id":"https:\/\/bos-akademie.de\/#website"},"primaryImageOfPage":{"@id":"https:\/\/bos-akademie.de\/produkt\/taktiktrainer-komponente-wand\/#primaryimage"},"image":{"@id":"https:\/\/bos-akademie.de\/produkt\/taktiktrainer-komponente-wand\/#primaryimage"},"thumbnailUrl":"https:\/\/bos-akademie.de\/wp-content\/uploads\/2025\/02\/wand_titelbild.png","datePublished":"2025-02-03T09:17:32+00:00","dateModified":"2025-06-26T12:20:06+00:00","breadcrumb":{"@id":"https:\/\/bos-akademie.de\/produkt\/taktiktrainer-komponente-wand\/#breadcrumb"},"inLanguage":"en-US","potentialAction":[{"@type":"ReadAction","target":["https:\/\/bos-akademie.de\/produkt\/taktiktrainer-komponente-wand\/"]}]},{"@type":"ImageObject","inLanguage":"en-US","@id":"https:\/\/bos-akademie.de\/produkt\/taktiktrainer-komponente-wand\/#primaryimage","url":"https:\/\/bos-akademie.de\/wp-content\/uploads\/2025\/02\/wand_titelbild.png","contentUrl":"https:\/\/bos-akademie.de\/wp-content\/uploads\/2025\/02\/wand_titelbild.png","width":5472,"height":3648,"caption":"Einzelteil Wand"},{"@type":"BreadcrumbList","@id":"https:\/\/bos-akademie.de\/produkt\/taktiktrainer-komponente-wand\/#breadcrumb","itemListElement":[{"@type":"ListItem","position":1,"name":"Startseite","item":"https:\/\/bos-akademie.de\/"},{"@type":"ListItem","position":2,"name":"Alle Produkte","item":"https:\/\/bos-akademie.de\/alle-produkte\/"},{"@type":"ListItem","position":3,"name":"Wand"}]},{"@type":"WebSite","@id":"https:\/\/bos-akademie.de\/#website","url":"https:\/\/bos-akademie.de\/","name":"BOS-Akademie","description":"","publisher":{"@id":"https:\/\/bos-akademie.de\/#organization"},"potentialAction":[{"@type":"SearchAction","target":{"@type":"EntryPoint","urlTemplate":"https:\/\/bos-akademie.de\/?s={search_term_string}"},"query-input":{"@type":"PropertyValueSpecification","valueRequired":true,"valueName":"search_term_string"}}],"inLanguage":"en-US"},{"@type":"Organization","@id":"https:\/\/bos-akademie.de\/#organization","name":"BOS-Akademie","url":"https:\/\/bos-akademie.de\/","logo":{"@type":"ImageObject","inLanguage":"en-US","@id":"https:\/\/bos-akademie.de\/#\/schema\/logo\/image\/","url":"https:\/\/bos-akademie.de\/wp-content\/uploads\/2025\/01\/cropped-BosAkademieLogo.png","contentUrl":"https:\/\/bos-akademie.de\/wp-content\/uploads\/2025\/01\/cropped-BosAkademieLogo.png","width":167,"height":112,"caption":"BOS-Akademie"},"image":{"@id":"https:\/\/bos-akademie.de\/#\/schema\/logo\/image\/"}}]}},"_links":{"self":[{"href":"https:\/\/bos-akademie.de\/en\/wp-json\/wp\/v2\/product\/209","targetHints":{"allow":["GET"]}}],"collection":[{"href":"https:\/\/bos-akademie.de\/en\/wp-json\/wp\/v2\/product"}],"about":[{"href":"https:\/\/bos-akademie.de\/en\/wp-json\/wp\/v2\/types\/product"}],"wp:featuredmedia":[{"embeddable":true,"href":"https:\/\/bos-akademie.de\/en\/wp-json\/wp\/v2\/media\/1581"}],"wp:attachment":[{"href":"https:\/\/bos-akademie.de\/en\/wp-json\/wp\/v2\/media?parent=209"}],"wp:term":[{"taxonomy":"product_brand","embeddable":true,"href":"https:\/\/bos-akademie.de\/en\/wp-json\/wp\/v2\/product_brand?post=209"},{"taxonomy":"product_cat","embeddable":true,"href":"https:\/\/bos-akademie.de\/en\/wp-json\/wp\/v2\/product_cat?post=209"},{"taxonomy":"product_tag","embeddable":true,"href":"https:\/\/bos-akademie.de\/en\/wp-json\/wp\/v2\/product_tag?post=209"}],"curies":[{"name":"wp","href":"https:\/\/api.w.org\/{rel}","templated":true}]}}