{"id":211,"date":"2025-02-03T09:18:03","date_gmt":"2025-02-03T09:18:03","guid":{"rendered":"https:\/\/bos-akademie.de\/?post_type=product&#038;p=211"},"modified":"2026-03-20T14:01:52","modified_gmt":"2026-03-20T14:01:52","slug":"taktiktrainer-komponente-tuer","status":"publish","type":"product","link":"https:\/\/bos-akademie.de\/en\/product\/taktiktrainer-komponente-tuer\/","title":{"rendered":"Door (incl. door opener)"},"content":{"rendered":"<p data-start=\"0\" data-end=\"383\">The door adds a realistic access point to our Taktik-Trainer and enables hands-on simulations of smoke and airflow both inside and outside the model house. It is fully movable and can be opened and closed from the outside using the included door opener, which is inserted through specially prepared drill holes in the walls.<\/p>\n<p data-start=\"385\" data-end=\"791\">For even more realistic scenarios, the door also features an additional side hole, allowing a second door opener to be used\u2014ideal for practicing with multiple consecutive doors, such as in hallways or multi-room layouts. This setup enables detailed simulation of various operational scenarios, including fire attack, ventilation, and tactical movements during interior firefighting.<\/p>\n<p data-start=\"793\" data-end=\"1006\" data-is-last-node=\"\" data-is-only-node=\"\">Thanks to its flexible integration into the model house, the door is perfectly suited for tactical training to analyze the effects of airflow and smoke movement when doors are opened or closed.<\/p>\n<p data-start=\"793\" data-end=\"1006\" data-is-last-node=\"\" data-is-only-node=\"\"><strong>Note:<\/strong> To use the door opener on interior doors you need a <a href=\"https:\/\/bos-akademie.de\/en\/product\/taktiktrainer-komponente-wand\/\">wall with a pre-drilled hole<\/a>.<\/p>\n<h4>Key Features<\/h4>\n<ul>\n<li><span>Enables realistic entry scenarios and tactical exercises<\/span><\/li>\n<li><span>Can be operated from outside the model using the included door opener\u00a0<\/span><\/li>\n<li>Supports realistic smoke and ventilation simulations<\/li>\n<\/ul>\n<h4>Variants:<\/h4>\n<ul>\n<li><strong>interior door:<\/strong><br \/>\nInstalled inside the model house and comes with a 30\u202fcm long door opener, allowing operation through a wall.<\/li>\n<li><strong>exterior door:<\/strong><br \/>\nUsed as an entry point from the outside and includes a 7\u202fcm short door opener, since it is accessed directly from the exterior.<\/li>\n<\/ul>\n<h4>Included Components:<\/h4>\n<ul>\n<li>Door frame with pre-installed door leaf and felt seal<\/li>\n<li><a href=\"https:\/\/bos-akademie.de\/en\/product\/tueroeffner\/\">Door opener<\/a> (Exterior door: 7\u202fcm, Interior door: 30\u202fcm)<\/li>\n<\/ul>","protected":false},"excerpt":{"rendered":"<p style=\"text-align: left;\"><span>Modular door element with movable mechanism for simulating realistic operational scenarios and smoke movement.<\/span><\/p>","protected":false},"featured_media":2003,"template":"","meta":[],"product_brand":[],"product_cat":[55],"product_tag":[49,48,51,50],"class_list":{"0":"post-211","1":"product","2":"type-product","3":"status-publish","4":"has-post-thumbnail","6":"product_cat-einzelkomponenten","7":"product_tag-rauchverschluss","8":"product_tag-rauchvorhang","9":"product_tag-verschluss","10":"product_tag-vorhang","12":"first","13":"instock","14":"taxable","15":"shipping-taxable","16":"purchasable","17":"product-type-variable","18":"has-default-attributes"},"yoast_head":"<!-- This site is optimized with the Yoast SEO plugin v27.6 - https:\/\/yoast.com\/product\/yoast-seo-wordpress\/ -->\n<title>T\u00fcr (inkl. T\u00fcr\u00f6ffner) - BOS-Akademie<\/title>\n<meta name=\"robots\" content=\"index, follow, max-snippet:-1, max-image-preview:large, max-video-preview:-1\" \/>\n<link rel=\"canonical\" href=\"https:\/\/bos-akademie.de\/en\/product\/taktiktrainer-komponente-tuer\/\" \/>\n<meta property=\"og:locale\" content=\"en_US\" \/>\n<meta property=\"og:type\" content=\"article\" \/>\n<meta property=\"og:title\" content=\"T\u00fcr (inkl. T\u00fcr\u00f6ffner) - BOS-Akademie\" \/>\n<meta property=\"og:description\" content=\"Modulares T\u00fcr-Element mit beweglichem Mechanismus zur Simulation realistischer Einsatzszenarien und Rauchbewegungen.\" \/>\n<meta property=\"og:url\" content=\"https:\/\/bos-akademie.de\/en\/product\/taktiktrainer-komponente-tuer\/\" \/>\n<meta property=\"og:site_name\" content=\"BOS-Akademie\" \/>\n<meta property=\"article:modified_time\" content=\"2026-03-20T14:01:52+00:00\" \/>\n<meta property=\"og:image\" content=\"https:\/\/bos-akademie.de\/wp-content\/uploads\/2025\/02\/tuer_innen_weiss-1024x683.png\" \/>\n\t<meta property=\"og:image:width\" content=\"1024\" \/>\n\t<meta property=\"og:image:height\" content=\"683\" \/>\n\t<meta property=\"og:image:type\" content=\"image\/png\" \/>\n<meta name=\"twitter:card\" content=\"summary_large_image\" \/>\n<meta name=\"twitter:label1\" content=\"Est. reading time\" \/>\n\t<meta name=\"twitter:data1\" content=\"2 minutes\" \/>\n<script type=\"application\/ld+json\" class=\"yoast-schema-graph\">{\"@context\":\"https:\\\/\\\/schema.org\",\"@graph\":[{\"@type\":\"WebPage\",\"@id\":\"https:\\\/\\\/bos-akademie.de\\\/produkt\\\/taktiktrainer-komponente-tuer\\\/\",\"url\":\"https:\\\/\\\/bos-akademie.de\\\/produkt\\\/taktiktrainer-komponente-tuer\\\/\",\"name\":\"T\u00fcr (inkl. T\u00fcr\u00f6ffner) - BOS-Akademie\",\"isPartOf\":{\"@id\":\"https:\\\/\\\/bos-akademie.de\\\/#website\"},\"primaryImageOfPage\":{\"@id\":\"https:\\\/\\\/bos-akademie.de\\\/produkt\\\/taktiktrainer-komponente-tuer\\\/#primaryimage\"},\"image\":{\"@id\":\"https:\\\/\\\/bos-akademie.de\\\/produkt\\\/taktiktrainer-komponente-tuer\\\/#primaryimage\"},\"thumbnailUrl\":\"https:\\\/\\\/bos-akademie.de\\\/wp-content\\\/uploads\\\/2025\\\/02\\\/tuer_innen_weiss.png\",\"datePublished\":\"2025-02-03T09:18:03+00:00\",\"dateModified\":\"2026-03-20T14:01:52+00:00\",\"breadcrumb\":{\"@id\":\"https:\\\/\\\/bos-akademie.de\\\/produkt\\\/taktiktrainer-komponente-tuer\\\/#breadcrumb\"},\"inLanguage\":\"en-US\",\"potentialAction\":[{\"@type\":\"ReadAction\",\"target\":[\"https:\\\/\\\/bos-akademie.de\\\/produkt\\\/taktiktrainer-komponente-tuer\\\/\"]}]},{\"@type\":\"ImageObject\",\"inLanguage\":\"en-US\",\"@id\":\"https:\\\/\\\/bos-akademie.de\\\/produkt\\\/taktiktrainer-komponente-tuer\\\/#primaryimage\",\"url\":\"https:\\\/\\\/bos-akademie.de\\\/wp-content\\\/uploads\\\/2025\\\/02\\\/tuer_innen_weiss.png\",\"contentUrl\":\"https:\\\/\\\/bos-akademie.de\\\/wp-content\\\/uploads\\\/2025\\\/02\\\/tuer_innen_weiss.png\",\"width\":5472,\"height\":3648,\"caption\":\"Innent\u00fcr in wei\u00df\"},{\"@type\":\"BreadcrumbList\",\"@id\":\"https:\\\/\\\/bos-akademie.de\\\/produkt\\\/taktiktrainer-komponente-tuer\\\/#breadcrumb\",\"itemListElement\":[{\"@type\":\"ListItem\",\"position\":1,\"name\":\"Startseite\",\"item\":\"https:\\\/\\\/bos-akademie.de\\\/\"},{\"@type\":\"ListItem\",\"position\":2,\"name\":\"Alle Produkte\",\"item\":\"https:\\\/\\\/bos-akademie.de\\\/alle-produkte\\\/\"},{\"@type\":\"ListItem\",\"position\":3,\"name\":\"T\u00fcr (inkl. T\u00fcr\u00f6ffner)\"}]},{\"@type\":\"WebSite\",\"@id\":\"https:\\\/\\\/bos-akademie.de\\\/#website\",\"url\":\"https:\\\/\\\/bos-akademie.de\\\/\",\"name\":\"BOS-Akademie\",\"description\":\"\",\"publisher\":{\"@id\":\"https:\\\/\\\/bos-akademie.de\\\/#organization\"},\"potentialAction\":[{\"@type\":\"SearchAction\",\"target\":{\"@type\":\"EntryPoint\",\"urlTemplate\":\"https:\\\/\\\/bos-akademie.de\\\/?s={search_term_string}\"},\"query-input\":{\"@type\":\"PropertyValueSpecification\",\"valueRequired\":true,\"valueName\":\"search_term_string\"}}],\"inLanguage\":\"en-US\"},{\"@type\":\"Organization\",\"@id\":\"https:\\\/\\\/bos-akademie.de\\\/#organization\",\"name\":\"BOS-Akademie\",\"url\":\"https:\\\/\\\/bos-akademie.de\\\/\",\"logo\":{\"@type\":\"ImageObject\",\"inLanguage\":\"en-US\",\"@id\":\"https:\\\/\\\/bos-akademie.de\\\/#\\\/schema\\\/logo\\\/image\\\/\",\"url\":\"https:\\\/\\\/bos-akademie.de\\\/wp-content\\\/uploads\\\/2025\\\/01\\\/cropped-BosAkademieLogo.png\",\"contentUrl\":\"https:\\\/\\\/bos-akademie.de\\\/wp-content\\\/uploads\\\/2025\\\/01\\\/cropped-BosAkademieLogo.png\",\"width\":167,\"height\":112,\"caption\":\"BOS-Akademie\"},\"image\":{\"@id\":\"https:\\\/\\\/bos-akademie.de\\\/#\\\/schema\\\/logo\\\/image\\\/\"}}]}<\/script>\n<!-- \/ Yoast SEO plugin. -->","yoast_head_json":{"title":"T\u00fcr (inkl. T\u00fcr\u00f6ffner) - BOS-Akademie","robots":{"index":"index","follow":"follow","max-snippet":"max-snippet:-1","max-image-preview":"max-image-preview:large","max-video-preview":"max-video-preview:-1"},"canonical":"https:\/\/bos-akademie.de\/en\/product\/taktiktrainer-komponente-tuer\/","og_locale":"en_US","og_type":"article","og_title":"T\u00fcr (inkl. T\u00fcr\u00f6ffner) - BOS-Akademie","og_description":"Modulares T\u00fcr-Element mit beweglichem Mechanismus zur Simulation realistischer Einsatzszenarien und Rauchbewegungen.","og_url":"https:\/\/bos-akademie.de\/en\/product\/taktiktrainer-komponente-tuer\/","og_site_name":"BOS-Akademie","article_modified_time":"2026-03-20T14:01:52+00:00","og_image":[{"width":1024,"height":683,"url":"https:\/\/bos-akademie.de\/wp-content\/uploads\/2025\/02\/tuer_innen_weiss-1024x683.png","type":"image\/png"}],"twitter_card":"summary_large_image","twitter_misc":{"Est. reading time":"2 minutes"},"schema":{"@context":"https:\/\/schema.org","@graph":[{"@type":"WebPage","@id":"https:\/\/bos-akademie.de\/produkt\/taktiktrainer-komponente-tuer\/","url":"https:\/\/bos-akademie.de\/produkt\/taktiktrainer-komponente-tuer\/","name":"T\u00fcr (inkl. T\u00fcr\u00f6ffner) - BOS-Akademie","isPartOf":{"@id":"https:\/\/bos-akademie.de\/#website"},"primaryImageOfPage":{"@id":"https:\/\/bos-akademie.de\/produkt\/taktiktrainer-komponente-tuer\/#primaryimage"},"image":{"@id":"https:\/\/bos-akademie.de\/produkt\/taktiktrainer-komponente-tuer\/#primaryimage"},"thumbnailUrl":"https:\/\/bos-akademie.de\/wp-content\/uploads\/2025\/02\/tuer_innen_weiss.png","datePublished":"2025-02-03T09:18:03+00:00","dateModified":"2026-03-20T14:01:52+00:00","breadcrumb":{"@id":"https:\/\/bos-akademie.de\/produkt\/taktiktrainer-komponente-tuer\/#breadcrumb"},"inLanguage":"en-US","potentialAction":[{"@type":"ReadAction","target":["https:\/\/bos-akademie.de\/produkt\/taktiktrainer-komponente-tuer\/"]}]},{"@type":"ImageObject","inLanguage":"en-US","@id":"https:\/\/bos-akademie.de\/produkt\/taktiktrainer-komponente-tuer\/#primaryimage","url":"https:\/\/bos-akademie.de\/wp-content\/uploads\/2025\/02\/tuer_innen_weiss.png","contentUrl":"https:\/\/bos-akademie.de\/wp-content\/uploads\/2025\/02\/tuer_innen_weiss.png","width":5472,"height":3648,"caption":"Innent\u00fcr in wei\u00df"},{"@type":"BreadcrumbList","@id":"https:\/\/bos-akademie.de\/produkt\/taktiktrainer-komponente-tuer\/#breadcrumb","itemListElement":[{"@type":"ListItem","position":1,"name":"Startseite","item":"https:\/\/bos-akademie.de\/"},{"@type":"ListItem","position":2,"name":"Alle Produkte","item":"https:\/\/bos-akademie.de\/alle-produkte\/"},{"@type":"ListItem","position":3,"name":"T\u00fcr (inkl. T\u00fcr\u00f6ffner)"}]},{"@type":"WebSite","@id":"https:\/\/bos-akademie.de\/#website","url":"https:\/\/bos-akademie.de\/","name":"BOS-Akademie","description":"","publisher":{"@id":"https:\/\/bos-akademie.de\/#organization"},"potentialAction":[{"@type":"SearchAction","target":{"@type":"EntryPoint","urlTemplate":"https:\/\/bos-akademie.de\/?s={search_term_string}"},"query-input":{"@type":"PropertyValueSpecification","valueRequired":true,"valueName":"search_term_string"}}],"inLanguage":"en-US"},{"@type":"Organization","@id":"https:\/\/bos-akademie.de\/#organization","name":"BOS-Akademie","url":"https:\/\/bos-akademie.de\/","logo":{"@type":"ImageObject","inLanguage":"en-US","@id":"https:\/\/bos-akademie.de\/#\/schema\/logo\/image\/","url":"https:\/\/bos-akademie.de\/wp-content\/uploads\/2025\/01\/cropped-BosAkademieLogo.png","contentUrl":"https:\/\/bos-akademie.de\/wp-content\/uploads\/2025\/01\/cropped-BosAkademieLogo.png","width":167,"height":112,"caption":"BOS-Akademie"},"image":{"@id":"https:\/\/bos-akademie.de\/#\/schema\/logo\/image\/"}}]}},"_links":{"self":[{"href":"https:\/\/bos-akademie.de\/en\/wp-json\/wp\/v2\/product\/211","targetHints":{"allow":["GET"]}}],"collection":[{"href":"https:\/\/bos-akademie.de\/en\/wp-json\/wp\/v2\/product"}],"about":[{"href":"https:\/\/bos-akademie.de\/en\/wp-json\/wp\/v2\/types\/product"}],"wp:featuredmedia":[{"embeddable":true,"href":"https:\/\/bos-akademie.de\/en\/wp-json\/wp\/v2\/media\/2003"}],"wp:attachment":[{"href":"https:\/\/bos-akademie.de\/en\/wp-json\/wp\/v2\/media?parent=211"}],"wp:term":[{"taxonomy":"product_brand","embeddable":true,"href":"https:\/\/bos-akademie.de\/en\/wp-json\/wp\/v2\/product_brand?post=211"},{"taxonomy":"product_cat","embeddable":true,"href":"https:\/\/bos-akademie.de\/en\/wp-json\/wp\/v2\/product_cat?post=211"},{"taxonomy":"product_tag","embeddable":true,"href":"https:\/\/bos-akademie.de\/en\/wp-json\/wp\/v2\/product_tag?post=211"}],"curies":[{"name":"wp","href":"https:\/\/api.w.org\/{rel}","templated":true}]}}