{"id":489,"date":"2025-02-06T14:14:00","date_gmt":"2025-02-06T14:14:00","guid":{"rendered":"https:\/\/bos-akademie.de\/?post_type=product&#038;p=489"},"modified":"2026-03-17T16:19:51","modified_gmt":"2026-03-17T16:19:51","slug":"balkon-erweiterung","status":"publish","type":"product","link":"https:\/\/bos-akademie.de\/en\/product\/balkon-erweiterung\/","title":{"rendered":"Balcony \/ Rooftop Terrace Railing"},"content":{"rendered":"<h5>Die Balkon-Erweiterung f\u00fcr den Taktik-Trainer<\/h5>\n<p class=\"font-claude-response-body break-words whitespace-normal leading-[1.7]\">Die Balkon-Erweiterung erg\u00e4nzt den <a href=\"https:\/\/bos-akademie.de\/produkt\/taktik-trainer-konfigurator\/\" target=\"_blank\" rel=\"noopener\">Taktik-Trainer<\/a> um eine realistische Darstellung von Balkon- und Dachterrassenbereichen. Mit zwei Varianten \u2013 Balkon und Dachterrasse \u2013 l\u00e4sst sich je nach Bedarf der entsprechende Bereich in bestehende Modellh\u00e4user integrieren und f\u00fcr praxisnahe \u00dcbungsszenarien nutzen.<\/p>\n<h5 class=\"font-claude-response-body break-words whitespace-normal leading-[1.7]\">Typische \u00dcbungsszenarien<\/h5>\n<ul class=\"[li_&amp;]:mb-0 [li_&amp;]:mt-1 [li_&amp;]:gap-1 [&amp;:not(:last-child)_ul]:pb-1 [&amp;:not(:last-child)_ol]:pb-1 list-disc flex flex-col gap-1 pl-8 mb-3\">\n<li class=\"whitespace-normal break-words pl-2\"><strong>Menschenrettung \u00fcber Leiter:<\/strong> Einsatzkr\u00e4fte \u00fcben die Rettung von Personen \u00fcber Leitern auf erh\u00f6hte Bereiche wie Balkone und Dachterrassen<\/li>\n<li class=\"whitespace-normal break-words pl-2\"><strong>Zugang von au\u00dfen:<\/strong> Training des taktischen Vorgehens beim Zugang \u00fcber Balkone und Dachterrassen als alternative Angriffs- oder Rettungswege<\/li>\n<li class=\"whitespace-normal break-words pl-2\"><strong>H\u00f6henlagen und Absturzsicherung:<\/strong> Realistische Darstellung von Einsatzlagen in unterschiedlichen H\u00f6henbereichen des Geb\u00e4udes<\/li>\n<\/ul>\n<h5 class=\"font-claude-response-body break-words whitespace-normal leading-[1.7]\">Merkmale<\/h5>\n<ul class=\"[li_&amp;]:mb-0 [li_&amp;]:mt-1 [li_&amp;]:gap-1 [&amp;:not(:last-child)_ul]:pb-1 [&amp;:not(:last-child)_ol]:pb-1 list-disc flex flex-col gap-1 pl-8 mb-3\">\n<li class=\"whitespace-normal break-words pl-2\">Zwei Varianten \u2013 Balkon und Dachterrasse \u2013 f\u00fcr flexible Anpassung<\/li>\n<li class=\"whitespace-normal break-words pl-2\">Einfache Integration in bestehende Taktik-Trainer-Geb\u00e4ude<\/li>\n<li class=\"whitespace-normal break-words pl-2\">Geeignet f\u00fcr Menschenrettung &#8211; und Au\u00dfenzugangstrainings<\/li>\n<\/ul>\n<h5 class=\"font-claude-response-body break-words whitespace-normal leading-[1.7]\">Varianten<\/h5>\n<ul class=\"[li_&amp;]:mb-0 [li_&amp;]:mt-1 [li_&amp;]:gap-1 [&amp;:not(:last-child)_ul]:pb-1 [&amp;:not(:last-child)_ol]:pb-1 list-disc flex flex-col gap-1 pl-8 mb-3\">\n<li class=\"whitespace-normal break-words pl-2\"><strong>Balkon:<\/strong> Kleinerer Balkon mit geringerer Gel\u00e4nderteilanzahl (max. Grundfl\u00e4che 4\u00d71)<\/li>\n<li class=\"whitespace-normal break-words pl-2\"><strong>Dachterrasse:<\/strong> Gr\u00f6\u00dfere Struktur mit mehr Gel\u00e4nderteilen und Pfosten (max. Grundfl\u00e4che 5\u00d75)<\/li>\n<\/ul>\n<h5 class=\"font-claude-response-body break-words whitespace-normal leading-[1.7]\">Lieferumfang<\/h5>\n<p class=\"font-claude-response-body break-words whitespace-normal leading-[1.7]\">Variante &#8222;Balkon&#8220;:<\/p>\n<ul class=\"[li_&amp;]:mb-0 [li_&amp;]:mt-1 [li_&amp;]:gap-1 [&amp;:not(:last-child)_ul]:pb-1 [&amp;:not(:last-child)_ol]:pb-1 list-disc flex flex-col gap-1 pl-8 mb-3\">\n<li class=\"whitespace-normal break-words pl-2\">4 Gel\u00e4nderpfosten (2 Eckpfosten, 2 gerade Pfosten)<\/li>\n<li class=\"whitespace-normal break-words pl-2\">5 Gel\u00e4nderteile (2 lange, 3 kurze)<\/li>\n<li class=\"whitespace-normal break-words pl-2\">6 Anschlusspfeiler (2 Eckpfeiler, 2 zweiseitige, 2 dreiseitige \u2013 jeweils mit Gel\u00e4nderanschluss)<\/li>\n<\/ul>\n<p class=\"font-claude-response-body break-words whitespace-normal leading-[1.7]\">Variante &#8222;Dachterrasse&#8220;:<\/p>\n<ul class=\"[li_&amp;]:mb-0 [li_&amp;]:mt-1 [li_&amp;]:gap-1 [&amp;:not(:last-child)_ul]:pb-1 [&amp;:not(:last-child)_ol]:pb-1 list-disc flex flex-col gap-1 pl-8 mb-3\">\n<li class=\"whitespace-normal break-words pl-2\">12 Gel\u00e4nderpfosten (4 Eckpfosten, 8 gerade Pfosten)<\/li>\n<li class=\"whitespace-normal break-words pl-2\">12 Gel\u00e4nderteile (8 lange, 4 kurze)<\/li>\n<li class=\"whitespace-normal break-words pl-2\">6 Anschlusspfeiler (2 Eckpfeiler, 2 zweiseitige, 2 dreiseitige \u2013 jeweils mit Gel\u00e4nderanschluss)<\/li>\n<\/ul>\n","protected":false},"excerpt":{"rendered":"<p style=\"text-align: left;\"><span>Realistic railing for representing balconies or terraces<\/span><\/p>","protected":false},"featured_media":2019,"template":"","meta":[],"product_brand":[],"product_cat":[56],"product_tag":[],"class_list":{"0":"post-489","1":"product","2":"type-product","3":"status-publish","4":"has-post-thumbnail","6":"product_cat-erweiterungen","8":"first","9":"instock","10":"taxable","11":"shipping-taxable","12":"purchasable","13":"product-type-variable","14":"has-default-attributes"},"yoast_head":"<!-- This site is optimized with the Yoast SEO plugin v27.6 - https:\/\/yoast.com\/product\/yoast-seo-wordpress\/ -->\n<title>Balkon-\/ Dachterrassengel\u00e4nder - BOS-Akademie<\/title>\n<meta name=\"description\" content=\"Die Balkon-Erweiterung f\u00fcr den Taktik-Trainer erm\u00f6glicht realit\u00e4tsnahes Training von Menschenrettung \u00fcber Leitern, Au\u00dfenzugang und H\u00f6henlagenszenarien.\" \/>\n<meta name=\"robots\" content=\"index, follow, max-snippet:-1, max-image-preview:large, max-video-preview:-1\" \/>\n<link rel=\"canonical\" href=\"https:\/\/bos-akademie.de\/en\/product\/balkon-erweiterung\/\" \/>\n<meta property=\"og:locale\" content=\"en_US\" \/>\n<meta property=\"og:type\" content=\"article\" \/>\n<meta property=\"og:title\" content=\"Balkon-\/ Dachterrassengel\u00e4nder - BOS-Akademie\" \/>\n<meta property=\"og:description\" content=\"Die Balkon-Erweiterung f\u00fcr den Taktik-Trainer erm\u00f6glicht realit\u00e4tsnahes Training von Menschenrettung \u00fcber Leitern, Au\u00dfenzugang und H\u00f6henlagenszenarien.\" \/>\n<meta property=\"og:url\" content=\"https:\/\/bos-akademie.de\/en\/product\/balkon-erweiterung\/\" \/>\n<meta property=\"og:site_name\" content=\"BOS-Akademie\" \/>\n<meta property=\"article:modified_time\" content=\"2026-03-17T16:19:51+00:00\" \/>\n<meta property=\"og:image\" content=\"https:\/\/bos-akademie.de\/wp-content\/uploads\/2025\/02\/balkon_titelbild-1024x683.png\" \/>\n\t<meta property=\"og:image:width\" content=\"1024\" \/>\n\t<meta property=\"og:image:height\" content=\"683\" \/>\n\t<meta property=\"og:image:type\" content=\"image\/png\" \/>\n<meta name=\"twitter:card\" content=\"summary_large_image\" \/>\n<meta name=\"twitter:label1\" content=\"Est. reading time\" \/>\n\t<meta name=\"twitter:data1\" content=\"2 minutes\" \/>\n<script type=\"application\/ld+json\" class=\"yoast-schema-graph\">{\"@context\":\"https:\\\/\\\/schema.org\",\"@graph\":[{\"@type\":\"WebPage\",\"@id\":\"https:\\\/\\\/bos-akademie.de\\\/produkt\\\/balkon-erweiterung\\\/\",\"url\":\"https:\\\/\\\/bos-akademie.de\\\/produkt\\\/balkon-erweiterung\\\/\",\"name\":\"Balkon-\\\/ Dachterrassengel\u00e4nder - BOS-Akademie\",\"isPartOf\":{\"@id\":\"https:\\\/\\\/bos-akademie.de\\\/#website\"},\"primaryImageOfPage\":{\"@id\":\"https:\\\/\\\/bos-akademie.de\\\/produkt\\\/balkon-erweiterung\\\/#primaryimage\"},\"image\":{\"@id\":\"https:\\\/\\\/bos-akademie.de\\\/produkt\\\/balkon-erweiterung\\\/#primaryimage\"},\"thumbnailUrl\":\"https:\\\/\\\/bos-akademie.de\\\/wp-content\\\/uploads\\\/2025\\\/02\\\/balkon_titelbild.png\",\"datePublished\":\"2025-02-06T14:14:00+00:00\",\"dateModified\":\"2026-03-17T16:19:51+00:00\",\"description\":\"Die Balkon-Erweiterung f\u00fcr den Taktik-Trainer erm\u00f6glicht realit\u00e4tsnahes Training von Menschenrettung \u00fcber Leitern, Au\u00dfenzugang und H\u00f6henlagenszenarien.\",\"breadcrumb\":{\"@id\":\"https:\\\/\\\/bos-akademie.de\\\/produkt\\\/balkon-erweiterung\\\/#breadcrumb\"},\"inLanguage\":\"en-US\",\"potentialAction\":[{\"@type\":\"ReadAction\",\"target\":[\"https:\\\/\\\/bos-akademie.de\\\/produkt\\\/balkon-erweiterung\\\/\"]}]},{\"@type\":\"ImageObject\",\"inLanguage\":\"en-US\",\"@id\":\"https:\\\/\\\/bos-akademie.de\\\/produkt\\\/balkon-erweiterung\\\/#primaryimage\",\"url\":\"https:\\\/\\\/bos-akademie.de\\\/wp-content\\\/uploads\\\/2025\\\/02\\\/balkon_titelbild.png\",\"contentUrl\":\"https:\\\/\\\/bos-akademie.de\\\/wp-content\\\/uploads\\\/2025\\\/02\\\/balkon_titelbild.png\",\"width\":5472,\"height\":3648,\"caption\":\"Balkon oder Dachterrasse\"},{\"@type\":\"BreadcrumbList\",\"@id\":\"https:\\\/\\\/bos-akademie.de\\\/produkt\\\/balkon-erweiterung\\\/#breadcrumb\",\"itemListElement\":[{\"@type\":\"ListItem\",\"position\":1,\"name\":\"Startseite\",\"item\":\"https:\\\/\\\/bos-akademie.de\\\/\"},{\"@type\":\"ListItem\",\"position\":2,\"name\":\"Alle Produkte\",\"item\":\"https:\\\/\\\/bos-akademie.de\\\/alle-produkte\\\/\"},{\"@type\":\"ListItem\",\"position\":3,\"name\":\"Balkon-\\\/ Dachterrassengel\u00e4nder\"}]},{\"@type\":\"WebSite\",\"@id\":\"https:\\\/\\\/bos-akademie.de\\\/#website\",\"url\":\"https:\\\/\\\/bos-akademie.de\\\/\",\"name\":\"BOS-Akademie\",\"description\":\"\",\"publisher\":{\"@id\":\"https:\\\/\\\/bos-akademie.de\\\/#organization\"},\"potentialAction\":[{\"@type\":\"SearchAction\",\"target\":{\"@type\":\"EntryPoint\",\"urlTemplate\":\"https:\\\/\\\/bos-akademie.de\\\/?s={search_term_string}\"},\"query-input\":{\"@type\":\"PropertyValueSpecification\",\"valueRequired\":true,\"valueName\":\"search_term_string\"}}],\"inLanguage\":\"en-US\"},{\"@type\":\"Organization\",\"@id\":\"https:\\\/\\\/bos-akademie.de\\\/#organization\",\"name\":\"BOS-Akademie\",\"url\":\"https:\\\/\\\/bos-akademie.de\\\/\",\"logo\":{\"@type\":\"ImageObject\",\"inLanguage\":\"en-US\",\"@id\":\"https:\\\/\\\/bos-akademie.de\\\/#\\\/schema\\\/logo\\\/image\\\/\",\"url\":\"https:\\\/\\\/bos-akademie.de\\\/wp-content\\\/uploads\\\/2025\\\/01\\\/cropped-BosAkademieLogo.png\",\"contentUrl\":\"https:\\\/\\\/bos-akademie.de\\\/wp-content\\\/uploads\\\/2025\\\/01\\\/cropped-BosAkademieLogo.png\",\"width\":167,\"height\":112,\"caption\":\"BOS-Akademie\"},\"image\":{\"@id\":\"https:\\\/\\\/bos-akademie.de\\\/#\\\/schema\\\/logo\\\/image\\\/\"}}]}<\/script>\n<!-- \/ Yoast SEO plugin. -->","yoast_head_json":{"title":"Balkon-\/ Dachterrassengel\u00e4nder - BOS-Akademie","description":"Die Balkon-Erweiterung f\u00fcr den Taktik-Trainer erm\u00f6glicht realit\u00e4tsnahes Training von Menschenrettung \u00fcber Leitern, Au\u00dfenzugang und H\u00f6henlagenszenarien.","robots":{"index":"index","follow":"follow","max-snippet":"max-snippet:-1","max-image-preview":"max-image-preview:large","max-video-preview":"max-video-preview:-1"},"canonical":"https:\/\/bos-akademie.de\/en\/product\/balkon-erweiterung\/","og_locale":"en_US","og_type":"article","og_title":"Balkon-\/ Dachterrassengel\u00e4nder - BOS-Akademie","og_description":"Die Balkon-Erweiterung f\u00fcr den Taktik-Trainer erm\u00f6glicht realit\u00e4tsnahes Training von Menschenrettung \u00fcber Leitern, Au\u00dfenzugang und H\u00f6henlagenszenarien.","og_url":"https:\/\/bos-akademie.de\/en\/product\/balkon-erweiterung\/","og_site_name":"BOS-Akademie","article_modified_time":"2026-03-17T16:19:51+00:00","og_image":[{"width":1024,"height":683,"url":"https:\/\/bos-akademie.de\/wp-content\/uploads\/2025\/02\/balkon_titelbild-1024x683.png","type":"image\/png"}],"twitter_card":"summary_large_image","twitter_misc":{"Est. reading time":"2 minutes"},"schema":{"@context":"https:\/\/schema.org","@graph":[{"@type":"WebPage","@id":"https:\/\/bos-akademie.de\/produkt\/balkon-erweiterung\/","url":"https:\/\/bos-akademie.de\/produkt\/balkon-erweiterung\/","name":"Balkon-\/ Dachterrassengel\u00e4nder - BOS-Akademie","isPartOf":{"@id":"https:\/\/bos-akademie.de\/#website"},"primaryImageOfPage":{"@id":"https:\/\/bos-akademie.de\/produkt\/balkon-erweiterung\/#primaryimage"},"image":{"@id":"https:\/\/bos-akademie.de\/produkt\/balkon-erweiterung\/#primaryimage"},"thumbnailUrl":"https:\/\/bos-akademie.de\/wp-content\/uploads\/2025\/02\/balkon_titelbild.png","datePublished":"2025-02-06T14:14:00+00:00","dateModified":"2026-03-17T16:19:51+00:00","description":"Die Balkon-Erweiterung f\u00fcr den Taktik-Trainer erm\u00f6glicht realit\u00e4tsnahes Training von Menschenrettung \u00fcber Leitern, Au\u00dfenzugang und H\u00f6henlagenszenarien.","breadcrumb":{"@id":"https:\/\/bos-akademie.de\/produkt\/balkon-erweiterung\/#breadcrumb"},"inLanguage":"en-US","potentialAction":[{"@type":"ReadAction","target":["https:\/\/bos-akademie.de\/produkt\/balkon-erweiterung\/"]}]},{"@type":"ImageObject","inLanguage":"en-US","@id":"https:\/\/bos-akademie.de\/produkt\/balkon-erweiterung\/#primaryimage","url":"https:\/\/bos-akademie.de\/wp-content\/uploads\/2025\/02\/balkon_titelbild.png","contentUrl":"https:\/\/bos-akademie.de\/wp-content\/uploads\/2025\/02\/balkon_titelbild.png","width":5472,"height":3648,"caption":"Balkon oder Dachterrasse"},{"@type":"BreadcrumbList","@id":"https:\/\/bos-akademie.de\/produkt\/balkon-erweiterung\/#breadcrumb","itemListElement":[{"@type":"ListItem","position":1,"name":"Startseite","item":"https:\/\/bos-akademie.de\/"},{"@type":"ListItem","position":2,"name":"Alle Produkte","item":"https:\/\/bos-akademie.de\/alle-produkte\/"},{"@type":"ListItem","position":3,"name":"Balkon-\/ Dachterrassengel\u00e4nder"}]},{"@type":"WebSite","@id":"https:\/\/bos-akademie.de\/#website","url":"https:\/\/bos-akademie.de\/","name":"BOS-Akademie","description":"","publisher":{"@id":"https:\/\/bos-akademie.de\/#organization"},"potentialAction":[{"@type":"SearchAction","target":{"@type":"EntryPoint","urlTemplate":"https:\/\/bos-akademie.de\/?s={search_term_string}"},"query-input":{"@type":"PropertyValueSpecification","valueRequired":true,"valueName":"search_term_string"}}],"inLanguage":"en-US"},{"@type":"Organization","@id":"https:\/\/bos-akademie.de\/#organization","name":"BOS-Akademie","url":"https:\/\/bos-akademie.de\/","logo":{"@type":"ImageObject","inLanguage":"en-US","@id":"https:\/\/bos-akademie.de\/#\/schema\/logo\/image\/","url":"https:\/\/bos-akademie.de\/wp-content\/uploads\/2025\/01\/cropped-BosAkademieLogo.png","contentUrl":"https:\/\/bos-akademie.de\/wp-content\/uploads\/2025\/01\/cropped-BosAkademieLogo.png","width":167,"height":112,"caption":"BOS-Akademie"},"image":{"@id":"https:\/\/bos-akademie.de\/#\/schema\/logo\/image\/"}}]}},"_links":{"self":[{"href":"https:\/\/bos-akademie.de\/en\/wp-json\/wp\/v2\/product\/489","targetHints":{"allow":["GET"]}}],"collection":[{"href":"https:\/\/bos-akademie.de\/en\/wp-json\/wp\/v2\/product"}],"about":[{"href":"https:\/\/bos-akademie.de\/en\/wp-json\/wp\/v2\/types\/product"}],"wp:featuredmedia":[{"embeddable":true,"href":"https:\/\/bos-akademie.de\/en\/wp-json\/wp\/v2\/media\/2019"}],"wp:attachment":[{"href":"https:\/\/bos-akademie.de\/en\/wp-json\/wp\/v2\/media?parent=489"}],"wp:term":[{"taxonomy":"product_brand","embeddable":true,"href":"https:\/\/bos-akademie.de\/en\/wp-json\/wp\/v2\/product_brand?post=489"},{"taxonomy":"product_cat","embeddable":true,"href":"https:\/\/bos-akademie.de\/en\/wp-json\/wp\/v2\/product_cat?post=489"},{"taxonomy":"product_tag","embeddable":true,"href":"https:\/\/bos-akademie.de\/en\/wp-json\/wp\/v2\/product_tag?post=489"}],"curies":[{"name":"wp","href":"https:\/\/api.w.org\/{rel}","templated":true}]}}