{"id":7581,"date":"2026-05-15T09:22:01","date_gmt":"2026-05-15T09:22:01","guid":{"rendered":"https:\/\/bos-akademie.de\/?post_type=product&#038;p=7581"},"modified":"2026-05-15T09:41:31","modified_gmt":"2026-05-15T09:41:31","slug":"transportbox-fuer-den-drehleiter-trainer","status":"publish","type":"product","link":"https:\/\/bos-akademie.de\/en\/product\/transportbox-fuer-den-drehleiter-trainer\/","title":{"rendered":"Transportbox f\u00fcr den Drehleiter-Trainer"},"content":{"rendered":"<p data-start=\"511\" data-end=\"703\">The <strong data-start=\"515\" data-end=\"558\">Transportbox f\u00fcr den Drehleiter-Trainer<\/strong> ist die passende Erg\u00e4nzung f\u00fcr alle, die ihren Drehleiter-Trainer regelm\u00e4\u00dfig transportieren, lagern oder bei Ausbildungen und \u00dcbungen einsetzen.<\/p>\n<p data-start=\"705\" data-end=\"1054\">Durch die stabile Ausf\u00fchrung eignet sich die Box ideal f\u00fcr den mobilen Einsatz \u2013 zum Beispiel bei Feuerwehren, Ausbildungseinrichtungen oder Schulungen an wechselnden Standorten. Der integrierte Tragegriff erleichtert den Transport, w\u00e4hrend die geschlossene Bauweise das Material zuverl\u00e4ssig vor \u00e4u\u00dferen Einfl\u00fcssen beim Lagern und Mitnehmen sch\u00fctzt.<\/p>\n<p data-start=\"1056\" data-end=\"1191\">So bleibt der Drehleiter-Trainer ordentlich verstaut, schnell einsatzbereit und kann komfortabel von \u00dcbung zu \u00dcbung mitgenommen werden.<\/p>\n<p data-start=\"1193\" data-end=\"1222\"><strong data-start=\"1193\" data-end=\"1222\">Vorteile auf einen Blick:<\/strong><\/p>\n<ul data-start=\"1224\" data-end=\"1516\">\n<li data-section-id=\"ieahir\" data-start=\"1224\" data-end=\"1262\">passend f\u00fcr bis zu 2 Drehleiter-Trainer<\/li>\n<li data-section-id=\"10tt5xa\" data-start=\"1263\" data-end=\"1301\">erleichtert Transport und Lagerung<\/li>\n<li data-section-id=\"s1rw4j\" data-start=\"1302\" data-end=\"1369\">sch\u00fctzt das Trainingsmaterial vor Besch\u00e4digungen beim Mitnehmen<\/li>\n<li data-section-id=\"7ag16s\" data-start=\"1370\" data-end=\"1400\">mit praktischem Tragegriff<\/li>\n<li data-section-id=\"c8tzyg\" data-start=\"1401\" data-end=\"1461\">ideal f\u00fcr Ausbildung, \u00dcbungsdienst und mobile Schulungen<\/li>\n<li data-section-id=\"1vyvqvb\" data-start=\"1462\" data-end=\"1516\">sorgt f\u00fcr Ordnung und schnelle Einsatzbereitschaft<\/li>\n<\/ul>\n<p data-start=\"1518\" data-end=\"1664\" style=\"text-align: left;\">Die Transportbox ist besonders sinnvoll, wenn der Drehleiter-Trainer regelm\u00e4\u00dfig genutzt oder zwischen verschiedenen Standorten transportiert wird.<\/p>","protected":false},"excerpt":{"rendered":"<p style=\"text-align: left;\"><span>Praktische Transportbox zur sicheren Aufbewahrung und zum einfachen Transport des Drehleiter-Trainers. Die stabile Box sch\u00fctzt das Trainingsmaterial beim Transport und sorgt daf\u00fcr, dass alle Komponenten ordentlich und griffbereit verstaut werden k\u00f6nnen.<\/span><\/p>","protected":false},"featured_media":7582,"template":"","meta":[],"product_brand":[],"product_cat":[56],"product_tag":[],"class_list":{"0":"post-7581","1":"product","2":"type-product","3":"status-publish","4":"has-post-thumbnail","6":"product_cat-erweiterungen","8":"first","9":"instock","10":"taxable","11":"shipping-taxable","12":"purchasable","13":"product-type-simple"},"yoast_head":"<!-- This site is optimized with the Yoast SEO plugin v27.6 - https:\/\/yoast.com\/product\/yoast-seo-wordpress\/ -->\n<title>Transportbox f\u00fcr den Drehleiter-Trainer - BOS-Akademie<\/title>\n<meta name=\"description\" content=\"Praktische Transportbox f\u00fcr den Drehleiter-Trainer. Ideal zur sicheren Aufbewahrung und f\u00fcr den einfachen Transport bei Ausbildung und \u00dcbung.\" \/>\n<meta name=\"robots\" content=\"index, follow, max-snippet:-1, max-image-preview:large, max-video-preview:-1\" \/>\n<link rel=\"canonical\" href=\"https:\/\/bos-akademie.de\/en\/product\/transportbox-fuer-den-drehleiter-trainer\/\" \/>\n<meta property=\"og:locale\" content=\"en_US\" \/>\n<meta property=\"og:type\" content=\"article\" \/>\n<meta property=\"og:title\" content=\"Transportbox f\u00fcr den Drehleiter-Trainer - BOS-Akademie\" \/>\n<meta property=\"og:description\" content=\"Praktische Transportbox f\u00fcr den Drehleiter-Trainer. Ideal zur sicheren Aufbewahrung und f\u00fcr den einfachen Transport bei Ausbildung und \u00dcbung.\" \/>\n<meta property=\"og:url\" content=\"https:\/\/bos-akademie.de\/en\/product\/transportbox-fuer-den-drehleiter-trainer\/\" \/>\n<meta property=\"og:site_name\" content=\"BOS-Akademie\" \/>\n<meta property=\"article:modified_time\" content=\"2026-05-15T09:41:31+00:00\" \/>\n<meta property=\"og:image\" content=\"https:\/\/bos-akademie.de\/wp-content\/uploads\/2026\/05\/Drehleiter-Trainer-Transportbox-1024x731.png\" \/>\n\t<meta property=\"og:image:width\" content=\"1024\" \/>\n\t<meta property=\"og:image:height\" content=\"731\" \/>\n\t<meta property=\"og:image:type\" content=\"image\/png\" \/>\n<meta name=\"twitter:card\" content=\"summary_large_image\" \/>\n<meta name=\"twitter:label1\" content=\"Est. reading time\" \/>\n\t<meta name=\"twitter:data1\" content=\"1 minute\" \/>\n<script type=\"application\/ld+json\" class=\"yoast-schema-graph\">{\"@context\":\"https:\\\/\\\/schema.org\",\"@graph\":[{\"@type\":\"WebPage\",\"@id\":\"https:\\\/\\\/bos-akademie.de\\\/produkt\\\/transportbox-fuer-den-drehleiter-trainer\\\/\",\"url\":\"https:\\\/\\\/bos-akademie.de\\\/produkt\\\/transportbox-fuer-den-drehleiter-trainer\\\/\",\"name\":\"Transportbox f\u00fcr den Drehleiter-Trainer - BOS-Akademie\",\"isPartOf\":{\"@id\":\"https:\\\/\\\/bos-akademie.de\\\/#website\"},\"primaryImageOfPage\":{\"@id\":\"https:\\\/\\\/bos-akademie.de\\\/produkt\\\/transportbox-fuer-den-drehleiter-trainer\\\/#primaryimage\"},\"image\":{\"@id\":\"https:\\\/\\\/bos-akademie.de\\\/produkt\\\/transportbox-fuer-den-drehleiter-trainer\\\/#primaryimage\"},\"thumbnailUrl\":\"https:\\\/\\\/bos-akademie.de\\\/wp-content\\\/uploads\\\/2026\\\/05\\\/Drehleiter-Trainer-Transportbox-scaled.png\",\"datePublished\":\"2026-05-15T09:22:01+00:00\",\"dateModified\":\"2026-05-15T09:41:31+00:00\",\"description\":\"Praktische Transportbox f\u00fcr den Drehleiter-Trainer. Ideal zur sicheren Aufbewahrung und f\u00fcr den einfachen Transport bei Ausbildung und \u00dcbung.\",\"breadcrumb\":{\"@id\":\"https:\\\/\\\/bos-akademie.de\\\/produkt\\\/transportbox-fuer-den-drehleiter-trainer\\\/#breadcrumb\"},\"inLanguage\":\"en-US\",\"potentialAction\":[{\"@type\":\"ReadAction\",\"target\":[\"https:\\\/\\\/bos-akademie.de\\\/produkt\\\/transportbox-fuer-den-drehleiter-trainer\\\/\"]}]},{\"@type\":\"ImageObject\",\"inLanguage\":\"en-US\",\"@id\":\"https:\\\/\\\/bos-akademie.de\\\/produkt\\\/transportbox-fuer-den-drehleiter-trainer\\\/#primaryimage\",\"url\":\"https:\\\/\\\/bos-akademie.de\\\/wp-content\\\/uploads\\\/2026\\\/05\\\/Drehleiter-Trainer-Transportbox-scaled.png\",\"contentUrl\":\"https:\\\/\\\/bos-akademie.de\\\/wp-content\\\/uploads\\\/2026\\\/05\\\/Drehleiter-Trainer-Transportbox-scaled.png\",\"width\":2560,\"height\":1829,\"caption\":\"Drehleiter Trainer Transportbox\"},{\"@type\":\"BreadcrumbList\",\"@id\":\"https:\\\/\\\/bos-akademie.de\\\/produkt\\\/transportbox-fuer-den-drehleiter-trainer\\\/#breadcrumb\",\"itemListElement\":[{\"@type\":\"ListItem\",\"position\":1,\"name\":\"Startseite\",\"item\":\"https:\\\/\\\/bos-akademie.de\\\/\"},{\"@type\":\"ListItem\",\"position\":2,\"name\":\"Alle Produkte\",\"item\":\"https:\\\/\\\/bos-akademie.de\\\/alle-produkte\\\/\"},{\"@type\":\"ListItem\",\"position\":3,\"name\":\"Transportbox f\u00fcr den Drehleiter-Trainer\"}]},{\"@type\":\"WebSite\",\"@id\":\"https:\\\/\\\/bos-akademie.de\\\/#website\",\"url\":\"https:\\\/\\\/bos-akademie.de\\\/\",\"name\":\"BOS-Akademie\",\"description\":\"\",\"publisher\":{\"@id\":\"https:\\\/\\\/bos-akademie.de\\\/#organization\"},\"potentialAction\":[{\"@type\":\"SearchAction\",\"target\":{\"@type\":\"EntryPoint\",\"urlTemplate\":\"https:\\\/\\\/bos-akademie.de\\\/?s={search_term_string}\"},\"query-input\":{\"@type\":\"PropertyValueSpecification\",\"valueRequired\":true,\"valueName\":\"search_term_string\"}}],\"inLanguage\":\"en-US\"},{\"@type\":\"Organization\",\"@id\":\"https:\\\/\\\/bos-akademie.de\\\/#organization\",\"name\":\"BOS-Akademie\",\"url\":\"https:\\\/\\\/bos-akademie.de\\\/\",\"logo\":{\"@type\":\"ImageObject\",\"inLanguage\":\"en-US\",\"@id\":\"https:\\\/\\\/bos-akademie.de\\\/#\\\/schema\\\/logo\\\/image\\\/\",\"url\":\"https:\\\/\\\/bos-akademie.de\\\/wp-content\\\/uploads\\\/2025\\\/01\\\/cropped-BosAkademieLogo.png\",\"contentUrl\":\"https:\\\/\\\/bos-akademie.de\\\/wp-content\\\/uploads\\\/2025\\\/01\\\/cropped-BosAkademieLogo.png\",\"width\":167,\"height\":112,\"caption\":\"BOS-Akademie\"},\"image\":{\"@id\":\"https:\\\/\\\/bos-akademie.de\\\/#\\\/schema\\\/logo\\\/image\\\/\"}}]}<\/script>\n<!-- \/ Yoast SEO plugin. -->","yoast_head_json":{"title":"Transportbox f\u00fcr den Drehleiter-Trainer - BOS-Akademie","description":"Praktische Transportbox f\u00fcr den Drehleiter-Trainer. Ideal zur sicheren Aufbewahrung und f\u00fcr den einfachen Transport bei Ausbildung und \u00dcbung.","robots":{"index":"index","follow":"follow","max-snippet":"max-snippet:-1","max-image-preview":"max-image-preview:large","max-video-preview":"max-video-preview:-1"},"canonical":"https:\/\/bos-akademie.de\/en\/product\/transportbox-fuer-den-drehleiter-trainer\/","og_locale":"en_US","og_type":"article","og_title":"Transportbox f\u00fcr den Drehleiter-Trainer - BOS-Akademie","og_description":"Praktische Transportbox f\u00fcr den Drehleiter-Trainer. Ideal zur sicheren Aufbewahrung und f\u00fcr den einfachen Transport bei Ausbildung und \u00dcbung.","og_url":"https:\/\/bos-akademie.de\/en\/product\/transportbox-fuer-den-drehleiter-trainer\/","og_site_name":"BOS-Akademie","article_modified_time":"2026-05-15T09:41:31+00:00","og_image":[{"width":1024,"height":731,"url":"https:\/\/bos-akademie.de\/wp-content\/uploads\/2026\/05\/Drehleiter-Trainer-Transportbox-1024x731.png","type":"image\/png"}],"twitter_card":"summary_large_image","twitter_misc":{"Est. reading time":"1 minute"},"schema":{"@context":"https:\/\/schema.org","@graph":[{"@type":"WebPage","@id":"https:\/\/bos-akademie.de\/produkt\/transportbox-fuer-den-drehleiter-trainer\/","url":"https:\/\/bos-akademie.de\/produkt\/transportbox-fuer-den-drehleiter-trainer\/","name":"Transportbox f\u00fcr den Drehleiter-Trainer - BOS-Akademie","isPartOf":{"@id":"https:\/\/bos-akademie.de\/#website"},"primaryImageOfPage":{"@id":"https:\/\/bos-akademie.de\/produkt\/transportbox-fuer-den-drehleiter-trainer\/#primaryimage"},"image":{"@id":"https:\/\/bos-akademie.de\/produkt\/transportbox-fuer-den-drehleiter-trainer\/#primaryimage"},"thumbnailUrl":"https:\/\/bos-akademie.de\/wp-content\/uploads\/2026\/05\/Drehleiter-Trainer-Transportbox-scaled.png","datePublished":"2026-05-15T09:22:01+00:00","dateModified":"2026-05-15T09:41:31+00:00","description":"Praktische Transportbox f\u00fcr den Drehleiter-Trainer. Ideal zur sicheren Aufbewahrung und f\u00fcr den einfachen Transport bei Ausbildung und \u00dcbung.","breadcrumb":{"@id":"https:\/\/bos-akademie.de\/produkt\/transportbox-fuer-den-drehleiter-trainer\/#breadcrumb"},"inLanguage":"en-US","potentialAction":[{"@type":"ReadAction","target":["https:\/\/bos-akademie.de\/produkt\/transportbox-fuer-den-drehleiter-trainer\/"]}]},{"@type":"ImageObject","inLanguage":"en-US","@id":"https:\/\/bos-akademie.de\/produkt\/transportbox-fuer-den-drehleiter-trainer\/#primaryimage","url":"https:\/\/bos-akademie.de\/wp-content\/uploads\/2026\/05\/Drehleiter-Trainer-Transportbox-scaled.png","contentUrl":"https:\/\/bos-akademie.de\/wp-content\/uploads\/2026\/05\/Drehleiter-Trainer-Transportbox-scaled.png","width":2560,"height":1829,"caption":"Drehleiter Trainer Transportbox"},{"@type":"BreadcrumbList","@id":"https:\/\/bos-akademie.de\/produkt\/transportbox-fuer-den-drehleiter-trainer\/#breadcrumb","itemListElement":[{"@type":"ListItem","position":1,"name":"Startseite","item":"https:\/\/bos-akademie.de\/"},{"@type":"ListItem","position":2,"name":"Alle Produkte","item":"https:\/\/bos-akademie.de\/alle-produkte\/"},{"@type":"ListItem","position":3,"name":"Transportbox f\u00fcr den Drehleiter-Trainer"}]},{"@type":"WebSite","@id":"https:\/\/bos-akademie.de\/#website","url":"https:\/\/bos-akademie.de\/","name":"BOS-Akademie","description":"","publisher":{"@id":"https:\/\/bos-akademie.de\/#organization"},"potentialAction":[{"@type":"SearchAction","target":{"@type":"EntryPoint","urlTemplate":"https:\/\/bos-akademie.de\/?s={search_term_string}"},"query-input":{"@type":"PropertyValueSpecification","valueRequired":true,"valueName":"search_term_string"}}],"inLanguage":"en-US"},{"@type":"Organization","@id":"https:\/\/bos-akademie.de\/#organization","name":"BOS-Akademie","url":"https:\/\/bos-akademie.de\/","logo":{"@type":"ImageObject","inLanguage":"en-US","@id":"https:\/\/bos-akademie.de\/#\/schema\/logo\/image\/","url":"https:\/\/bos-akademie.de\/wp-content\/uploads\/2025\/01\/cropped-BosAkademieLogo.png","contentUrl":"https:\/\/bos-akademie.de\/wp-content\/uploads\/2025\/01\/cropped-BosAkademieLogo.png","width":167,"height":112,"caption":"BOS-Akademie"},"image":{"@id":"https:\/\/bos-akademie.de\/#\/schema\/logo\/image\/"}}]}},"_links":{"self":[{"href":"https:\/\/bos-akademie.de\/en\/wp-json\/wp\/v2\/product\/7581","targetHints":{"allow":["GET"]}}],"collection":[{"href":"https:\/\/bos-akademie.de\/en\/wp-json\/wp\/v2\/product"}],"about":[{"href":"https:\/\/bos-akademie.de\/en\/wp-json\/wp\/v2\/types\/product"}],"wp:featuredmedia":[{"embeddable":true,"href":"https:\/\/bos-akademie.de\/en\/wp-json\/wp\/v2\/media\/7582"}],"wp:attachment":[{"href":"https:\/\/bos-akademie.de\/en\/wp-json\/wp\/v2\/media?parent=7581"}],"wp:term":[{"taxonomy":"product_brand","embeddable":true,"href":"https:\/\/bos-akademie.de\/en\/wp-json\/wp\/v2\/product_brand?post=7581"},{"taxonomy":"product_cat","embeddable":true,"href":"https:\/\/bos-akademie.de\/en\/wp-json\/wp\/v2\/product_cat?post=7581"},{"taxonomy":"product_tag","embeddable":true,"href":"https:\/\/bos-akademie.de\/en\/wp-json\/wp\/v2\/product_tag?post=7581"}],"curies":[{"name":"wp","href":"https:\/\/api.w.org\/{rel}","templated":true}]}}