{"id":82,"date":"2025-01-31T09:01:41","date_gmt":"2025-01-31T09:01:41","guid":{"rendered":"https:\/\/bos-akademie.de\/?post_type=product&#038;p=82"},"modified":"2026-04-10T13:12:40","modified_gmt":"2026-04-10T13:12:40","slug":"rauch-taktik-trainer","status":"publish","type":"product","link":"https:\/\/bos-akademie.de\/en\/product\/rauch-taktik-trainer\/","title":{"rendered":"Single-family home"},"content":{"rendered":"<p><span data-teams=\"true\">Der Einsatzerfolg h\u00e4ngt ma\u00dfgeblich von guter Ausbildung und praxisnaher \u00dcbung ab. Unser Taktik-Trainer erm\u00f6glicht das praxisnahe Trainieren von Brandbek\u00e4mpfung und Entrauchung unter m\u00f6glichst realen Bedingungen. Entwickelt von Feuerwehrleuten f\u00fcr Feuerwehrleute, bietet es die M\u00f6glichkeit, verschiedene Einsatzszenarien gezielt zu erproben und taktische Entscheidungen in einer sicheren \u00dcbungsumgebung zu schulen.<\/span><\/p>\n<p><span>The \"Single-Family Home\" module provides the ideal foundation for practical firefighter training in a lifelike setting. Equipped with all necessary components for building a two-story house, it is the perfect starting point for numerous training scenarios. Thanks to its modular design, the house can be expanded as needed to simulate ever-changing operational situations.<\/span><\/p>\n<p>One of the core features is the <strong>smoke generator in combination with a heat source<\/strong>, which simulates authentic smoke behavior. The smoke rises naturally, forms layers, and impairs visibility. Additionally, the module includes a <strong>High-pressure fan<\/strong> allowing participants to practice effective smoke extraction methods. This enables testing of different ventilation strategies and direct observation of airflow effects.<\/p>\n<p>Due to its <strong>modular design<\/strong> the Taktik-Trainer can be flexibly expanded\u2014not only in size but also with add-ons like the garage or gable roof, enabling the simulation of complex structures and emergency scenarios. This makes the module suitable for a variety of training purposes, including <a href=\"https:\/\/bos-akademie.de\/en\/grundausbildung\/\">Basic training<\/a>, the training for <a href=\"https:\/\/bos-akademie.de\/en\/atemschutzgeraetetraegerausbildung\/\">breathing apparatus wearers<\/a>, tactial training for <a href=\"https:\/\/bos-akademie.de\/en\/fuehrungskraefteausbildung\/\">incident commanders<\/a>, <a href=\"https:\/\/bos-akademie.de\/en\/einsatznachbesprechung\/\">post-incident reviews<\/a> and the <a href=\"https:\/\/bos-akademie.de\/en\/brandschutzerziehung\/\">Fire safety education<\/a>.<\/p>\n<p>Mit dem Modul Einfamilienhaus steht Feuerwehren ein vielseitiges und praxisnahes <a href=\"https:\/\/bos-akademie.de\/en\/warum-der-taktik-trainer-noch-mehr-kann-als-ein-klassisches-rauchhaus\/\">Trainingssystem<\/a> zur Verf\u00fcgung, das auf die Herausforderungen im realen Einsatz vorbereitet und die Ausbildung auf ein neues Niveau hebt. <strong>Trainieren Sie unter realit\u00e4tsnahen Bedingungen \u2013 f\u00fcr Eins\u00e4tze, die keine Fehler verzeihen!<\/strong><\/p>\n<h5>Key Features<\/h5>\n<ul>\n<li><strong data-start=\"2\" data-end=\"63\">Includes all components required to build a two-story house<\/strong><span>, expandable with additional elements<\/span><\/li>\n<li><strong data-start=\"108\" data-end=\"161\">Customizable layouts and building types<\/strong><span> - from a single-family house to complex structures<\/span><\/li>\n<li><strong data-start=\"221\" data-end=\"241\">Modular system<\/strong><span>, compatible with extensions such as gable roof or garage<\/span><\/li>\n<li><strong data-start=\"305\" data-end=\"337\">Functional doors and windows<\/strong><span> for realistic access scenarios<\/span><\/li>\n<li><strong data-start=\"376\" data-end=\"410\">for realistic access scenarios<\/strong><span> for authentic smoke simulation<\/span><\/li>\n<li><strong data-start=\"2284\" data-end=\"2303\">High-pressure fan<\/strong><span> for effective smoke extraction training<\/span><\/li>\n<li><strong data-start=\"519\" data-end=\"555\">Versatile training applications<\/strong><span>, including <a href=\"https:\/\/bos-akademie.de\/en\/brandschutzerziehung\/\">Fire safety education<\/a>, <a href=\"https:\/\/bos-akademie.de\/en\/einsatznachbesprechung\/\">Post-incident reviews<\/a>, <a href=\"https:\/\/bos-akademie.de\/en\/grundausbildung\/\">Basic training<\/a>, <a href=\"https:\/\/bos-akademie.de\/en\/atemschutzgeraetetraegerausbildung\/\">Breathing apparatus training<\/a> and <a href=\"https:\/\/bos-akademie.de\/en\/fuehrungskraefteausbildung\/\">Leadership development<\/a><\/span><\/li>\n<\/ul>\n<ul>\n<li style=\"list-style-type: none;\">\n<ul><\/ul>\n<\/li>\n<\/ul>\n<h5>Included Components:<\/h5>\n<ul>\n<li>4 Base Plates<\/li>\n<li>Pfeiler, darunter:\n<ul>\n<li>dreiseitige Pfeiler<\/li>\n<li>einseitiger Pfeiler<\/li>\n<li>vierseitiger Pfeiler<\/li>\n<li>zweiseitige Pfeiler<\/li>\n<li>Eckpfeiler<\/li>\n<\/ul>\n<\/li>\n<li>Wandelemente, darunter:\n<ul>\n<li>einfache Fenster<\/li>\n<li>doppelte Fenster<\/li>\n<li>T\u00fcren<\/li>\n<li>einfache durchsichtige W\u00e4nde<\/li>\n<li>einfache matte W\u00e4nde<\/li>\n<li>doppelte durchsichtige W\u00e4nde<\/li>\n<li>doppelte matte W\u00e4nde<\/li>\n<li>Rauchverschluss<\/li>\n<\/ul>\n<\/li>\n<li>Zwischenbodenelemente (inkl. Glaseinsatz), darunter\n<ul>\n<li>Zwischenb\u00f6den 1&#215;1<\/li>\n<li>Zwischenb\u00f6den 1&#215;1 mit Abschluss oben<\/li>\n<li>Zwischenb\u00f6den 1&#215;1 mit Abschluss rechts<\/li>\n<li>Zwischenb\u00f6den 1&#215;1 mit Eckabschluss<\/li>\n<li>Zwischenb\u00f6den 1&#215;2<\/li>\n<li>Zwischenb\u00f6den 1&#215;2 mit Abschluss oben<\/li>\n<\/ul>\n<\/li>\n<li>Dachterassen-\/ Balkonelemente, darunter:\n<ul>\n<li>Gel\u00e4ndereckpfosten<\/li>\n<li>Gel\u00e4nderpfosten<\/li>\n<li>kurze Gel\u00e4nderteile<\/li>\n<li>lange Gel\u00e4nderteile<\/li>\n<li>Pfeiler mit Gel\u00e4nderanschluss<\/li>\n<\/ul>\n<\/li>\n<li>spiral staircase<\/li>\n<li>Rauchgenerator (inkl. 20ml Rauchfl\u00fcssigkeit)<\/li>\n<li>Heat Source Unit<\/li>\n<li>High-pressure fan<\/li>\n<li>Figurine set<\/li>\n<li>M\u00f6belset<\/li>\n<li>Einsatzmittelset<\/li>\n<li><span style=\"text-decoration: underline;\">optional<\/span>: <a href=\"https:\/\/bos-akademie.de\/en\/product\/erweiterung-satteldach\/\">Gable roof<\/a>, <a href=\"https:\/\/bos-akademie.de\/en\/product\/keller\/\">Basement<\/a> and <a href=\"https:\/\/bos-akademie.de\/en\/product\/zusatzmodul-garage\/\">Garage<\/a><\/li>\n<\/ul>","protected":false},"excerpt":{"rendered":"<p style=\"text-align: left;\">The starter packet \"Single-family home\" enables realistic smoke and operational simulations on a two-storey model house. With flexible expandability, smoke and heat technology as well as functional doors and windows, it offers optimal conditions for training, fire safety education, tactics training and debriefing.<\/p>","protected":false},"featured_media":3214,"template":"","meta":[],"product_brand":[],"product_cat":[54],"product_tag":[],"class_list":{"0":"post-82","1":"product","2":"type-product","3":"status-publish","4":"has-post-thumbnail","6":"product_cat-starterpakete","8":"first","9":"instock","10":"taxable","11":"shipping-taxable","12":"purchasable","13":"product-type-variable","14":"has-default-attributes"},"yoast_head":"<!-- This site is optimized with the Yoast SEO plugin v27.6 - https:\/\/yoast.com\/product\/yoast-seo-wordpress\/ -->\n<title>Einfamilienhaus-Modul | Taktik-Trainer<\/title>\n<meta name=\"description\" content=\"Realit\u00e4tsnahe Feuerwehr\u00fcbungen mit dem Einfamilienhaus-Modul! Erg\u00e4nze dein modulares Rauchhaus und trainiere Einsatztaktiken flexibel und detailgetreu.\" \/>\n<meta name=\"robots\" content=\"index, follow, max-snippet:-1, max-image-preview:large, max-video-preview:-1\" \/>\n<link rel=\"canonical\" href=\"https:\/\/bos-akademie.de\/en\/product\/rauch-taktik-trainer\/\" \/>\n<meta property=\"og:locale\" content=\"en_US\" \/>\n<meta property=\"og:type\" content=\"article\" \/>\n<meta property=\"og:title\" content=\"Einfamilienhaus-Modul | Taktik-Trainer\" \/>\n<meta property=\"og:description\" content=\"Realit\u00e4tsnahe Feuerwehr\u00fcbungen mit dem Einfamilienhaus-Modul! Erg\u00e4nze dein modulares Rauchhaus und trainiere Einsatztaktiken flexibel und detailgetreu.\" \/>\n<meta property=\"og:url\" content=\"https:\/\/bos-akademie.de\/en\/product\/rauch-taktik-trainer\/\" \/>\n<meta property=\"og:site_name\" content=\"BOS-Akademie\" \/>\n<meta property=\"article:modified_time\" content=\"2026-04-10T13:12:40+00:00\" \/>\n<meta property=\"og:image\" content=\"https:\/\/bos-akademie.de\/wp-content\/uploads\/2025\/01\/rotes_einfamilienhaus-1024x681.png\" \/>\n\t<meta property=\"og:image:width\" content=\"1024\" \/>\n\t<meta property=\"og:image:height\" content=\"681\" \/>\n\t<meta property=\"og:image:type\" content=\"image\/png\" \/>\n<meta name=\"twitter:card\" content=\"summary_large_image\" \/>\n<meta name=\"twitter:label1\" content=\"Est. reading time\" \/>\n\t<meta name=\"twitter:data1\" content=\"3 minutes\" \/>\n<script type=\"application\/ld+json\" class=\"yoast-schema-graph\">{\"@context\":\"https:\\\/\\\/schema.org\",\"@graph\":[{\"@type\":\"WebPage\",\"@id\":\"https:\\\/\\\/bos-akademie.de\\\/produkt\\\/rauch-taktik-trainer\\\/\",\"url\":\"https:\\\/\\\/bos-akademie.de\\\/produkt\\\/rauch-taktik-trainer\\\/\",\"name\":\"Einfamilienhaus-Modul | Taktik-Trainer\",\"isPartOf\":{\"@id\":\"https:\\\/\\\/bos-akademie.de\\\/#website\"},\"primaryImageOfPage\":{\"@id\":\"https:\\\/\\\/bos-akademie.de\\\/produkt\\\/rauch-taktik-trainer\\\/#primaryimage\"},\"image\":{\"@id\":\"https:\\\/\\\/bos-akademie.de\\\/produkt\\\/rauch-taktik-trainer\\\/#primaryimage\"},\"thumbnailUrl\":\"https:\\\/\\\/bos-akademie.de\\\/wp-content\\\/uploads\\\/2025\\\/01\\\/rotes_einfamilienhaus-scaled.png\",\"datePublished\":\"2025-01-31T09:01:41+00:00\",\"dateModified\":\"2026-04-10T13:12:40+00:00\",\"description\":\"Realit\u00e4tsnahe Feuerwehr\u00fcbungen mit dem Einfamilienhaus-Modul! Erg\u00e4nze dein modulares Rauchhaus und trainiere Einsatztaktiken flexibel und detailgetreu.\",\"breadcrumb\":{\"@id\":\"https:\\\/\\\/bos-akademie.de\\\/produkt\\\/rauch-taktik-trainer\\\/#breadcrumb\"},\"inLanguage\":\"en-US\",\"potentialAction\":[{\"@type\":\"ReadAction\",\"target\":[\"https:\\\/\\\/bos-akademie.de\\\/produkt\\\/rauch-taktik-trainer\\\/\"]}]},{\"@type\":\"ImageObject\",\"inLanguage\":\"en-US\",\"@id\":\"https:\\\/\\\/bos-akademie.de\\\/produkt\\\/rauch-taktik-trainer\\\/#primaryimage\",\"url\":\"https:\\\/\\\/bos-akademie.de\\\/wp-content\\\/uploads\\\/2025\\\/01\\\/rotes_einfamilienhaus-scaled.png\",\"contentUrl\":\"https:\\\/\\\/bos-akademie.de\\\/wp-content\\\/uploads\\\/2025\\\/01\\\/rotes_einfamilienhaus-scaled.png\",\"width\":2560,\"height\":1702,\"caption\":\"Taktik-Trainer: Einfamilienhaus Starterset | Rauchhaus\"},{\"@type\":\"BreadcrumbList\",\"@id\":\"https:\\\/\\\/bos-akademie.de\\\/produkt\\\/rauch-taktik-trainer\\\/#breadcrumb\",\"itemListElement\":[{\"@type\":\"ListItem\",\"position\":1,\"name\":\"Startseite\",\"item\":\"https:\\\/\\\/bos-akademie.de\\\/\"},{\"@type\":\"ListItem\",\"position\":2,\"name\":\"Alle Produkte\",\"item\":\"https:\\\/\\\/bos-akademie.de\\\/alle-produkte\\\/\"},{\"@type\":\"ListItem\",\"position\":3,\"name\":\"Einfamilienhaus\"}]},{\"@type\":\"WebSite\",\"@id\":\"https:\\\/\\\/bos-akademie.de\\\/#website\",\"url\":\"https:\\\/\\\/bos-akademie.de\\\/\",\"name\":\"BOS-Akademie\",\"description\":\"\",\"publisher\":{\"@id\":\"https:\\\/\\\/bos-akademie.de\\\/#organization\"},\"potentialAction\":[{\"@type\":\"SearchAction\",\"target\":{\"@type\":\"EntryPoint\",\"urlTemplate\":\"https:\\\/\\\/bos-akademie.de\\\/?s={search_term_string}\"},\"query-input\":{\"@type\":\"PropertyValueSpecification\",\"valueRequired\":true,\"valueName\":\"search_term_string\"}}],\"inLanguage\":\"en-US\"},{\"@type\":\"Organization\",\"@id\":\"https:\\\/\\\/bos-akademie.de\\\/#organization\",\"name\":\"BOS-Akademie\",\"url\":\"https:\\\/\\\/bos-akademie.de\\\/\",\"logo\":{\"@type\":\"ImageObject\",\"inLanguage\":\"en-US\",\"@id\":\"https:\\\/\\\/bos-akademie.de\\\/#\\\/schema\\\/logo\\\/image\\\/\",\"url\":\"https:\\\/\\\/bos-akademie.de\\\/wp-content\\\/uploads\\\/2025\\\/01\\\/cropped-BosAkademieLogo.png\",\"contentUrl\":\"https:\\\/\\\/bos-akademie.de\\\/wp-content\\\/uploads\\\/2025\\\/01\\\/cropped-BosAkademieLogo.png\",\"width\":167,\"height\":112,\"caption\":\"BOS-Akademie\"},\"image\":{\"@id\":\"https:\\\/\\\/bos-akademie.de\\\/#\\\/schema\\\/logo\\\/image\\\/\"}}]}<\/script>\n<!-- \/ Yoast SEO plugin. -->","yoast_head_json":{"title":"Einfamilienhaus-Modul | Taktik-Trainer","description":"Realit\u00e4tsnahe Feuerwehr\u00fcbungen mit dem Einfamilienhaus-Modul! Erg\u00e4nze dein modulares Rauchhaus und trainiere Einsatztaktiken flexibel und detailgetreu.","robots":{"index":"index","follow":"follow","max-snippet":"max-snippet:-1","max-image-preview":"max-image-preview:large","max-video-preview":"max-video-preview:-1"},"canonical":"https:\/\/bos-akademie.de\/en\/product\/rauch-taktik-trainer\/","og_locale":"en_US","og_type":"article","og_title":"Einfamilienhaus-Modul | Taktik-Trainer","og_description":"Realit\u00e4tsnahe Feuerwehr\u00fcbungen mit dem Einfamilienhaus-Modul! Erg\u00e4nze dein modulares Rauchhaus und trainiere Einsatztaktiken flexibel und detailgetreu.","og_url":"https:\/\/bos-akademie.de\/en\/product\/rauch-taktik-trainer\/","og_site_name":"BOS-Akademie","article_modified_time":"2026-04-10T13:12:40+00:00","og_image":[{"width":1024,"height":681,"url":"https:\/\/bos-akademie.de\/wp-content\/uploads\/2025\/01\/rotes_einfamilienhaus-1024x681.png","type":"image\/png"}],"twitter_card":"summary_large_image","twitter_misc":{"Est. reading time":"3 minutes"},"schema":{"@context":"https:\/\/schema.org","@graph":[{"@type":"WebPage","@id":"https:\/\/bos-akademie.de\/produkt\/rauch-taktik-trainer\/","url":"https:\/\/bos-akademie.de\/produkt\/rauch-taktik-trainer\/","name":"Einfamilienhaus-Modul | Taktik-Trainer","isPartOf":{"@id":"https:\/\/bos-akademie.de\/#website"},"primaryImageOfPage":{"@id":"https:\/\/bos-akademie.de\/produkt\/rauch-taktik-trainer\/#primaryimage"},"image":{"@id":"https:\/\/bos-akademie.de\/produkt\/rauch-taktik-trainer\/#primaryimage"},"thumbnailUrl":"https:\/\/bos-akademie.de\/wp-content\/uploads\/2025\/01\/rotes_einfamilienhaus-scaled.png","datePublished":"2025-01-31T09:01:41+00:00","dateModified":"2026-04-10T13:12:40+00:00","description":"Realit\u00e4tsnahe Feuerwehr\u00fcbungen mit dem Einfamilienhaus-Modul! Erg\u00e4nze dein modulares Rauchhaus und trainiere Einsatztaktiken flexibel und detailgetreu.","breadcrumb":{"@id":"https:\/\/bos-akademie.de\/produkt\/rauch-taktik-trainer\/#breadcrumb"},"inLanguage":"en-US","potentialAction":[{"@type":"ReadAction","target":["https:\/\/bos-akademie.de\/produkt\/rauch-taktik-trainer\/"]}]},{"@type":"ImageObject","inLanguage":"en-US","@id":"https:\/\/bos-akademie.de\/produkt\/rauch-taktik-trainer\/#primaryimage","url":"https:\/\/bos-akademie.de\/wp-content\/uploads\/2025\/01\/rotes_einfamilienhaus-scaled.png","contentUrl":"https:\/\/bos-akademie.de\/wp-content\/uploads\/2025\/01\/rotes_einfamilienhaus-scaled.png","width":2560,"height":1702,"caption":"Taktik-Trainer: Einfamilienhaus Starterset | Rauchhaus"},{"@type":"BreadcrumbList","@id":"https:\/\/bos-akademie.de\/produkt\/rauch-taktik-trainer\/#breadcrumb","itemListElement":[{"@type":"ListItem","position":1,"name":"Startseite","item":"https:\/\/bos-akademie.de\/"},{"@type":"ListItem","position":2,"name":"Alle Produkte","item":"https:\/\/bos-akademie.de\/alle-produkte\/"},{"@type":"ListItem","position":3,"name":"Einfamilienhaus"}]},{"@type":"WebSite","@id":"https:\/\/bos-akademie.de\/#website","url":"https:\/\/bos-akademie.de\/","name":"BOS-Akademie","description":"","publisher":{"@id":"https:\/\/bos-akademie.de\/#organization"},"potentialAction":[{"@type":"SearchAction","target":{"@type":"EntryPoint","urlTemplate":"https:\/\/bos-akademie.de\/?s={search_term_string}"},"query-input":{"@type":"PropertyValueSpecification","valueRequired":true,"valueName":"search_term_string"}}],"inLanguage":"en-US"},{"@type":"Organization","@id":"https:\/\/bos-akademie.de\/#organization","name":"BOS-Akademie","url":"https:\/\/bos-akademie.de\/","logo":{"@type":"ImageObject","inLanguage":"en-US","@id":"https:\/\/bos-akademie.de\/#\/schema\/logo\/image\/","url":"https:\/\/bos-akademie.de\/wp-content\/uploads\/2025\/01\/cropped-BosAkademieLogo.png","contentUrl":"https:\/\/bos-akademie.de\/wp-content\/uploads\/2025\/01\/cropped-BosAkademieLogo.png","width":167,"height":112,"caption":"BOS-Akademie"},"image":{"@id":"https:\/\/bos-akademie.de\/#\/schema\/logo\/image\/"}}]}},"_links":{"self":[{"href":"https:\/\/bos-akademie.de\/en\/wp-json\/wp\/v2\/product\/82","targetHints":{"allow":["GET"]}}],"collection":[{"href":"https:\/\/bos-akademie.de\/en\/wp-json\/wp\/v2\/product"}],"about":[{"href":"https:\/\/bos-akademie.de\/en\/wp-json\/wp\/v2\/types\/product"}],"wp:featuredmedia":[{"embeddable":true,"href":"https:\/\/bos-akademie.de\/en\/wp-json\/wp\/v2\/media\/3214"}],"wp:attachment":[{"href":"https:\/\/bos-akademie.de\/en\/wp-json\/wp\/v2\/media?parent=82"}],"wp:term":[{"taxonomy":"product_brand","embeddable":true,"href":"https:\/\/bos-akademie.de\/en\/wp-json\/wp\/v2\/product_brand?post=82"},{"taxonomy":"product_cat","embeddable":true,"href":"https:\/\/bos-akademie.de\/en\/wp-json\/wp\/v2\/product_cat?post=82"},{"taxonomy":"product_tag","embeddable":true,"href":"https:\/\/bos-akademie.de\/en\/wp-json\/wp\/v2\/product_tag?post=82"}],"curies":[{"name":"wp","href":"https:\/\/api.w.org\/{rel}","templated":true}]}}