{"id":878,"date":"2025-02-17T08:55:32","date_gmt":"2025-02-17T08:55:32","guid":{"rendered":"https:\/\/bos-akademie.de\/?post_type=product&#038;p=878"},"modified":"2026-01-12T15:46:30","modified_gmt":"2026-01-12T15:46:30","slug":"rauchfluessigkeit","status":"publish","type":"product","link":"https:\/\/bos-akademie.de\/en\/product\/rauchfluessigkeit\/","title":{"rendered":"Smoke fluid (100ml)"},"content":{"rendered":"<p data-start=\"31\" data-end=\"455\" style=\"text-align: left;\"><span>The smoke fluid is specially designed for use with the Taktik-Trainer's smoke generator. It produces dense smoke for realistic training scenarios and distributes evenly throughout the model structure.<\/span><\/p>\n<p data-start=\"31\" data-end=\"455\"><span>\u26a0 <\/span><strong data-start=\"559\" data-end=\"571\">Note:<\/strong><span> Do not inhale smoke directly. Ensure regular ventilation when using the smoke generator.<\/span><\/p>\n<h4 data-start=\"730\" data-end=\"758\">Key Features<\/h4>\n<ul>\n<li data-start=\"759\" data-end=\"1058\"><span>Optimized formula for dense and realistic smoke simulation<\/span><\/li>\n<li data-start=\"759\" data-end=\"1058\"><span>Specially developed for the Taktik-Trainer smoke generator<\/span><\/li>\n<li data-start=\"759\" data-end=\"1058\"><span>Easy to refill and economical in use<\/span><\/li>\n<\/ul>\n<h4 data-start=\"759\" data-end=\"1058\">Included Components:<\/h4>\n<ul>\n<li data-start=\"759\" data-end=\"1058\">100ml smoke fluid<\/li>\n<\/ul>","protected":false},"excerpt":{"rendered":"<p style=\"text-align: left;\"><span>The smoke fluid is filled into the smoke generator to produce dense, realistic smoke for fire simulations. It is safe, non-toxic, and ideal for training scenarios.<\/span><\/p>","protected":false},"featured_media":1996,"template":"","meta":[],"product_brand":[],"product_cat":[56],"product_tag":[],"class_list":{"0":"post-878","1":"product","2":"type-product","3":"status-publish","4":"has-post-thumbnail","6":"product_cat-erweiterungen","8":"first","9":"instock","10":"taxable","11":"shipping-taxable","12":"purchasable","13":"product-type-simple"},"yoast_head":"<!-- This site is optimized with the Yoast SEO plugin v27.6 - https:\/\/yoast.com\/product\/yoast-seo-wordpress\/ -->\n<title>Rauchfl\u00fcssigkeit (100ml) - BOS-Akademie<\/title>\n<meta name=\"robots\" content=\"index, follow, max-snippet:-1, max-image-preview:large, max-video-preview:-1\" \/>\n<link rel=\"canonical\" href=\"https:\/\/bos-akademie.de\/en\/product\/rauchfluessigkeit\/\" \/>\n<meta property=\"og:locale\" content=\"en_US\" \/>\n<meta property=\"og:type\" content=\"article\" \/>\n<meta property=\"og:title\" content=\"Rauchfl\u00fcssigkeit (100ml) - BOS-Akademie\" \/>\n<meta property=\"og:description\" content=\"Die Rauchfl\u00fcssigkeit wird in den Rauchgenerator eingef\u00fcllt, um dichten, realistischen Rauch f\u00fcr die Simulation von Br\u00e4nden zu erzeugen. Sie ist sicher, ungiftig und ideal f\u00fcr \u00dcbungsszenarien.\" \/>\n<meta property=\"og:url\" content=\"https:\/\/bos-akademie.de\/en\/product\/rauchfluessigkeit\/\" \/>\n<meta property=\"og:site_name\" content=\"BOS-Akademie\" \/>\n<meta property=\"article:modified_time\" content=\"2026-01-12T15:46:30+00:00\" \/>\n<meta property=\"og:image\" content=\"https:\/\/bos-akademie.de\/wp-content\/uploads\/2025\/02\/smokefluid-1024x683.png\" \/>\n\t<meta property=\"og:image:width\" content=\"1024\" \/>\n\t<meta property=\"og:image:height\" content=\"683\" \/>\n\t<meta property=\"og:image:type\" content=\"image\/png\" \/>\n<meta name=\"twitter:card\" content=\"summary_large_image\" \/>\n<meta name=\"twitter:label1\" content=\"Est. reading time\" \/>\n\t<meta name=\"twitter:data1\" content=\"1 minute\" \/>\n<script type=\"application\/ld+json\" class=\"yoast-schema-graph\">{\"@context\":\"https:\\\/\\\/schema.org\",\"@graph\":[{\"@type\":\"WebPage\",\"@id\":\"https:\\\/\\\/bos-akademie.de\\\/produkt\\\/rauchfluessigkeit\\\/\",\"url\":\"https:\\\/\\\/bos-akademie.de\\\/produkt\\\/rauchfluessigkeit\\\/\",\"name\":\"Rauchfl\u00fcssigkeit (100ml) - BOS-Akademie\",\"isPartOf\":{\"@id\":\"https:\\\/\\\/bos-akademie.de\\\/#website\"},\"primaryImageOfPage\":{\"@id\":\"https:\\\/\\\/bos-akademie.de\\\/produkt\\\/rauchfluessigkeit\\\/#primaryimage\"},\"image\":{\"@id\":\"https:\\\/\\\/bos-akademie.de\\\/produkt\\\/rauchfluessigkeit\\\/#primaryimage\"},\"thumbnailUrl\":\"https:\\\/\\\/bos-akademie.de\\\/wp-content\\\/uploads\\\/2025\\\/02\\\/smokefluid.png\",\"datePublished\":\"2025-02-17T08:55:32+00:00\",\"dateModified\":\"2026-01-12T15:46:30+00:00\",\"breadcrumb\":{\"@id\":\"https:\\\/\\\/bos-akademie.de\\\/produkt\\\/rauchfluessigkeit\\\/#breadcrumb\"},\"inLanguage\":\"en-US\",\"potentialAction\":[{\"@type\":\"ReadAction\",\"target\":[\"https:\\\/\\\/bos-akademie.de\\\/produkt\\\/rauchfluessigkeit\\\/\"]}]},{\"@type\":\"ImageObject\",\"inLanguage\":\"en-US\",\"@id\":\"https:\\\/\\\/bos-akademie.de\\\/produkt\\\/rauchfluessigkeit\\\/#primaryimage\",\"url\":\"https:\\\/\\\/bos-akademie.de\\\/wp-content\\\/uploads\\\/2025\\\/02\\\/smokefluid.png\",\"contentUrl\":\"https:\\\/\\\/bos-akademie.de\\\/wp-content\\\/uploads\\\/2025\\\/02\\\/smokefluid.png\",\"width\":5472,\"height\":3648,\"caption\":\"Smokefluid zum Nachf\u00fcllen\"},{\"@type\":\"BreadcrumbList\",\"@id\":\"https:\\\/\\\/bos-akademie.de\\\/produkt\\\/rauchfluessigkeit\\\/#breadcrumb\",\"itemListElement\":[{\"@type\":\"ListItem\",\"position\":1,\"name\":\"Startseite\",\"item\":\"https:\\\/\\\/bos-akademie.de\\\/\"},{\"@type\":\"ListItem\",\"position\":2,\"name\":\"Alle Produkte\",\"item\":\"https:\\\/\\\/bos-akademie.de\\\/alle-produkte\\\/\"},{\"@type\":\"ListItem\",\"position\":3,\"name\":\"Rauchfl\u00fcssigkeit (100ml)\"}]},{\"@type\":\"WebSite\",\"@id\":\"https:\\\/\\\/bos-akademie.de\\\/#website\",\"url\":\"https:\\\/\\\/bos-akademie.de\\\/\",\"name\":\"BOS-Akademie\",\"description\":\"\",\"publisher\":{\"@id\":\"https:\\\/\\\/bos-akademie.de\\\/#organization\"},\"potentialAction\":[{\"@type\":\"SearchAction\",\"target\":{\"@type\":\"EntryPoint\",\"urlTemplate\":\"https:\\\/\\\/bos-akademie.de\\\/?s={search_term_string}\"},\"query-input\":{\"@type\":\"PropertyValueSpecification\",\"valueRequired\":true,\"valueName\":\"search_term_string\"}}],\"inLanguage\":\"en-US\"},{\"@type\":\"Organization\",\"@id\":\"https:\\\/\\\/bos-akademie.de\\\/#organization\",\"name\":\"BOS-Akademie\",\"url\":\"https:\\\/\\\/bos-akademie.de\\\/\",\"logo\":{\"@type\":\"ImageObject\",\"inLanguage\":\"en-US\",\"@id\":\"https:\\\/\\\/bos-akademie.de\\\/#\\\/schema\\\/logo\\\/image\\\/\",\"url\":\"https:\\\/\\\/bos-akademie.de\\\/wp-content\\\/uploads\\\/2025\\\/01\\\/cropped-BosAkademieLogo.png\",\"contentUrl\":\"https:\\\/\\\/bos-akademie.de\\\/wp-content\\\/uploads\\\/2025\\\/01\\\/cropped-BosAkademieLogo.png\",\"width\":167,\"height\":112,\"caption\":\"BOS-Akademie\"},\"image\":{\"@id\":\"https:\\\/\\\/bos-akademie.de\\\/#\\\/schema\\\/logo\\\/image\\\/\"}}]}<\/script>\n<!-- \/ Yoast SEO plugin. -->","yoast_head_json":{"title":"Rauchfl\u00fcssigkeit (100ml) - BOS-Akademie","robots":{"index":"index","follow":"follow","max-snippet":"max-snippet:-1","max-image-preview":"max-image-preview:large","max-video-preview":"max-video-preview:-1"},"canonical":"https:\/\/bos-akademie.de\/en\/product\/rauchfluessigkeit\/","og_locale":"en_US","og_type":"article","og_title":"Rauchfl\u00fcssigkeit (100ml) - BOS-Akademie","og_description":"Die Rauchfl\u00fcssigkeit wird in den Rauchgenerator eingef\u00fcllt, um dichten, realistischen Rauch f\u00fcr die Simulation von Br\u00e4nden zu erzeugen. Sie ist sicher, ungiftig und ideal f\u00fcr \u00dcbungsszenarien.","og_url":"https:\/\/bos-akademie.de\/en\/product\/rauchfluessigkeit\/","og_site_name":"BOS-Akademie","article_modified_time":"2026-01-12T15:46:30+00:00","og_image":[{"width":1024,"height":683,"url":"https:\/\/bos-akademie.de\/wp-content\/uploads\/2025\/02\/smokefluid-1024x683.png","type":"image\/png"}],"twitter_card":"summary_large_image","twitter_misc":{"Est. reading time":"1 minute"},"schema":{"@context":"https:\/\/schema.org","@graph":[{"@type":"WebPage","@id":"https:\/\/bos-akademie.de\/produkt\/rauchfluessigkeit\/","url":"https:\/\/bos-akademie.de\/produkt\/rauchfluessigkeit\/","name":"Rauchfl\u00fcssigkeit (100ml) - BOS-Akademie","isPartOf":{"@id":"https:\/\/bos-akademie.de\/#website"},"primaryImageOfPage":{"@id":"https:\/\/bos-akademie.de\/produkt\/rauchfluessigkeit\/#primaryimage"},"image":{"@id":"https:\/\/bos-akademie.de\/produkt\/rauchfluessigkeit\/#primaryimage"},"thumbnailUrl":"https:\/\/bos-akademie.de\/wp-content\/uploads\/2025\/02\/smokefluid.png","datePublished":"2025-02-17T08:55:32+00:00","dateModified":"2026-01-12T15:46:30+00:00","breadcrumb":{"@id":"https:\/\/bos-akademie.de\/produkt\/rauchfluessigkeit\/#breadcrumb"},"inLanguage":"en-US","potentialAction":[{"@type":"ReadAction","target":["https:\/\/bos-akademie.de\/produkt\/rauchfluessigkeit\/"]}]},{"@type":"ImageObject","inLanguage":"en-US","@id":"https:\/\/bos-akademie.de\/produkt\/rauchfluessigkeit\/#primaryimage","url":"https:\/\/bos-akademie.de\/wp-content\/uploads\/2025\/02\/smokefluid.png","contentUrl":"https:\/\/bos-akademie.de\/wp-content\/uploads\/2025\/02\/smokefluid.png","width":5472,"height":3648,"caption":"Smokefluid zum Nachf\u00fcllen"},{"@type":"BreadcrumbList","@id":"https:\/\/bos-akademie.de\/produkt\/rauchfluessigkeit\/#breadcrumb","itemListElement":[{"@type":"ListItem","position":1,"name":"Startseite","item":"https:\/\/bos-akademie.de\/"},{"@type":"ListItem","position":2,"name":"Alle Produkte","item":"https:\/\/bos-akademie.de\/alle-produkte\/"},{"@type":"ListItem","position":3,"name":"Rauchfl\u00fcssigkeit (100ml)"}]},{"@type":"WebSite","@id":"https:\/\/bos-akademie.de\/#website","url":"https:\/\/bos-akademie.de\/","name":"BOS-Akademie","description":"","publisher":{"@id":"https:\/\/bos-akademie.de\/#organization"},"potentialAction":[{"@type":"SearchAction","target":{"@type":"EntryPoint","urlTemplate":"https:\/\/bos-akademie.de\/?s={search_term_string}"},"query-input":{"@type":"PropertyValueSpecification","valueRequired":true,"valueName":"search_term_string"}}],"inLanguage":"en-US"},{"@type":"Organization","@id":"https:\/\/bos-akademie.de\/#organization","name":"BOS-Akademie","url":"https:\/\/bos-akademie.de\/","logo":{"@type":"ImageObject","inLanguage":"en-US","@id":"https:\/\/bos-akademie.de\/#\/schema\/logo\/image\/","url":"https:\/\/bos-akademie.de\/wp-content\/uploads\/2025\/01\/cropped-BosAkademieLogo.png","contentUrl":"https:\/\/bos-akademie.de\/wp-content\/uploads\/2025\/01\/cropped-BosAkademieLogo.png","width":167,"height":112,"caption":"BOS-Akademie"},"image":{"@id":"https:\/\/bos-akademie.de\/#\/schema\/logo\/image\/"}}]}},"_links":{"self":[{"href":"https:\/\/bos-akademie.de\/en\/wp-json\/wp\/v2\/product\/878","targetHints":{"allow":["GET"]}}],"collection":[{"href":"https:\/\/bos-akademie.de\/en\/wp-json\/wp\/v2\/product"}],"about":[{"href":"https:\/\/bos-akademie.de\/en\/wp-json\/wp\/v2\/types\/product"}],"wp:featuredmedia":[{"embeddable":true,"href":"https:\/\/bos-akademie.de\/en\/wp-json\/wp\/v2\/media\/1996"}],"wp:attachment":[{"href":"https:\/\/bos-akademie.de\/en\/wp-json\/wp\/v2\/media?parent=878"}],"wp:term":[{"taxonomy":"product_brand","embeddable":true,"href":"https:\/\/bos-akademie.de\/en\/wp-json\/wp\/v2\/product_brand?post=878"},{"taxonomy":"product_cat","embeddable":true,"href":"https:\/\/bos-akademie.de\/en\/wp-json\/wp\/v2\/product_cat?post=878"},{"taxonomy":"product_tag","embeddable":true,"href":"https:\/\/bos-akademie.de\/en\/wp-json\/wp\/v2\/product_tag?post=878"}],"curies":[{"name":"wp","href":"https:\/\/api.w.org\/{rel}","templated":true}]}}